{"id":65071,"date":"2023-11-20T13:50:52","date_gmt":"2023-11-20T18:50:52","guid":{"rendered":"https:\/\/www.nosm.ca\/?page_id=65071"},"modified":"2024-10-09T11:55:24","modified_gmt":"2024-10-09T15:55:24","slug":"contact-us","status":"publish","type":"page","link":"https:\/\/www.nosm.ca\/fr\/education\/current-learners\/registrars-office\/contact-us\/","title":{"rendered":"Contact Us"},"content":{"rendered":"<p class=\"qtranxs-available-languages-message qtranxs-available-languages-message-fr\">D\u00e9sol\u00e9,  cette entr\u00e9e de donn\u00e9es est seulement disponible en <a href=\"https:\/\/www.nosm.ca\/en\/wp-json\/wp\/v2\/pages\/65071\" class=\"qtranxs-available-language-link qtranxs-available-language-link-en\" title=\"English\">English<\/a>.<\/p>","protected":false},"excerpt":{"rendered":"<p>D\u00e9sol\u00e9, cette entr\u00e9e de donn\u00e9es est seulement disponible en English.<\/p>\n","protected":false},"author":280,"featured_media":0,"parent":53906,"menu_order":12,"comment_status":"closed","ping_status":"closed","template":"","meta":{"_acf_changed":false,"footnotes":""},"class_list":["post-65071","page","type-page","status-publish","hentry"],"acf":[],"_links":{"self":[{"href":"https:\/\/www.nosm.ca\/fr\/wp-json\/wp\/v2\/pages\/65071","targetHints":{"allow":["GET"]}}],"collection":[{"href":"https:\/\/www.nosm.ca\/fr\/wp-json\/wp\/v2\/pages"}],"about":[{"href":"https:\/\/www.nosm.ca\/fr\/wp-json\/wp\/v2\/types\/page"}],"author":[{"embeddable":true,"href":"https:\/\/www.nosm.ca\/fr\/wp-json\/wp\/v2\/users\/280"}],"replies":[{"embeddable":true,"href":"https:\/\/www.nosm.ca\/fr\/wp-json\/wp\/v2\/comments?post=65071"}],"version-history":[{"count":4,"href":"https:\/\/www.nosm.ca\/fr\/wp-json\/wp\/v2\/pages\/65071\/revisions"}],"predecessor-version":[{"id":72144,"href":"https:\/\/www.nosm.ca\/fr\/wp-json\/wp\/v2\/pages\/65071\/revisions\/72144"}],"up":[{"embeddable":true,"href":"https:\/\/www.nosm.ca\/fr\/wp-json\/wp\/v2\/pages\/53906"}],"wp:attachment":[{"href":"https:\/\/www.nosm.ca\/fr\/wp-json\/wp\/v2\/media?parent=65071"}],"curies":[{"name":"wp","href":"https:\/\/api.w.org\/{rel}","templated":true}]}}