{"id":65066,"date":"2023-11-20T13:50:02","date_gmt":"2023-11-20T18:50:02","guid":{"rendered":"https:\/\/www.nosm.ca\/?page_id=65066"},"modified":"2024-03-14T09:17:42","modified_gmt":"2024-03-14T13:17:42","slug":"replacement-parchments","status":"publish","type":"page","link":"https:\/\/www.nosm.ca\/fr\/education\/current-learners\/registrars-office\/replacement-parchments\/","title":{"rendered":"Replacement Parchments"},"content":{"rendered":"<p class=\"qtranxs-available-languages-message qtranxs-available-languages-message-fr\">D\u00e9sol\u00e9,  cette entr\u00e9e de donn\u00e9es est seulement disponible en <a href=\"https:\/\/www.nosm.ca\/en\/wp-json\/wp\/v2\/pages\/65066\" class=\"qtranxs-available-language-link qtranxs-available-language-link-en\" title=\"English\">English<\/a>.<\/p>","protected":false},"excerpt":{"rendered":"<p>D\u00e9sol\u00e9, cette entr\u00e9e de donn\u00e9es est seulement disponible en English.<\/p>\n","protected":false},"author":280,"featured_media":0,"parent":53906,"menu_order":9,"comment_status":"closed","ping_status":"closed","template":"","meta":{"_acf_changed":false,"footnotes":""},"class_list":["post-65066","page","type-page","status-publish","hentry"],"acf":[],"_links":{"self":[{"href":"https:\/\/www.nosm.ca\/fr\/wp-json\/wp\/v2\/pages\/65066","targetHints":{"allow":["GET"]}}],"collection":[{"href":"https:\/\/www.nosm.ca\/fr\/wp-json\/wp\/v2\/pages"}],"about":[{"href":"https:\/\/www.nosm.ca\/fr\/wp-json\/wp\/v2\/types\/page"}],"author":[{"embeddable":true,"href":"https:\/\/www.nosm.ca\/fr\/wp-json\/wp\/v2\/users\/280"}],"replies":[{"embeddable":true,"href":"https:\/\/www.nosm.ca\/fr\/wp-json\/wp\/v2\/comments?post=65066"}],"version-history":[{"count":1,"href":"https:\/\/www.nosm.ca\/fr\/wp-json\/wp\/v2\/pages\/65066\/revisions"}],"predecessor-version":[{"id":65067,"href":"https:\/\/www.nosm.ca\/fr\/wp-json\/wp\/v2\/pages\/65066\/revisions\/65067"}],"up":[{"embeddable":true,"href":"https:\/\/www.nosm.ca\/fr\/wp-json\/wp\/v2\/pages\/53906"}],"wp:attachment":[{"href":"https:\/\/www.nosm.ca\/fr\/wp-json\/wp\/v2\/media?parent=65066"}],"curies":[{"name":"wp","href":"https:\/\/api.w.org\/{rel}","templated":true}]}}