{"id":65042,"date":"2023-11-20T12:22:18","date_gmt":"2023-11-20T17:22:18","guid":{"rendered":"https:\/\/www.nosm.ca\/?page_id=65042"},"modified":"2024-03-20T11:52:40","modified_gmt":"2024-03-20T15:52:40","slug":"contact-us","status":"publish","type":"page","link":"https:\/\/www.nosm.ca\/fr\/education\/current-learners\/registrars-office\/convocation\/contact-us\/","title":{"rendered":"Contact Us"},"content":{"rendered":"<p class=\"qtranxs-available-languages-message qtranxs-available-languages-message-fr\">D\u00e9sol\u00e9,  cette entr\u00e9e de donn\u00e9es est seulement disponible en <a href=\"https:\/\/www.nosm.ca\/en\/wp-json\/wp\/v2\/pages\/65042\" class=\"qtranxs-available-language-link qtranxs-available-language-link-en\" title=\"English\">English<\/a>.<\/p>","protected":false},"excerpt":{"rendered":"<p>D\u00e9sol\u00e9, cette entr\u00e9e de donn\u00e9es est seulement disponible en English.<\/p>\n","protected":false},"author":280,"featured_media":0,"parent":56701,"menu_order":6,"comment_status":"closed","ping_status":"closed","template":"","meta":{"_acf_changed":false,"footnotes":""},"class_list":["post-65042","page","type-page","status-publish","hentry"],"acf":[],"_links":{"self":[{"href":"https:\/\/www.nosm.ca\/fr\/wp-json\/wp\/v2\/pages\/65042","targetHints":{"allow":["GET"]}}],"collection":[{"href":"https:\/\/www.nosm.ca\/fr\/wp-json\/wp\/v2\/pages"}],"about":[{"href":"https:\/\/www.nosm.ca\/fr\/wp-json\/wp\/v2\/types\/page"}],"author":[{"embeddable":true,"href":"https:\/\/www.nosm.ca\/fr\/wp-json\/wp\/v2\/users\/280"}],"replies":[{"embeddable":true,"href":"https:\/\/www.nosm.ca\/fr\/wp-json\/wp\/v2\/comments?post=65042"}],"version-history":[{"count":2,"href":"https:\/\/www.nosm.ca\/fr\/wp-json\/wp\/v2\/pages\/65042\/revisions"}],"predecessor-version":[{"id":67402,"href":"https:\/\/www.nosm.ca\/fr\/wp-json\/wp\/v2\/pages\/65042\/revisions\/67402"}],"up":[{"embeddable":true,"href":"https:\/\/www.nosm.ca\/fr\/wp-json\/wp\/v2\/pages\/56701"}],"wp:attachment":[{"href":"https:\/\/www.nosm.ca\/fr\/wp-json\/wp\/v2\/media?parent=65042"}],"curies":[{"name":"wp","href":"https:\/\/api.w.org\/{rel}","templated":true}]}}