{"id":64863,"date":"2023-11-09T07:40:24","date_gmt":"2023-11-09T12:40:24","guid":{"rendered":"https:\/\/www.nosm.ca\/?page_id=64863"},"modified":"2026-03-26T09:41:28","modified_gmt":"2026-03-26T13:41:28","slug":"clinical-curriculum-and-academics","status":"publish","type":"page","link":"https:\/\/www.nosm.ca\/fr\/urology\/clinical-curriculum-and-academics\/","title":{"rendered":"Clinical Curriculum and Academics"},"content":{"rendered":"<p class=\"qtranxs-available-languages-message qtranxs-available-languages-message-fr\">D\u00e9sol\u00e9,  cette entr\u00e9e de donn\u00e9es est seulement disponible en <a href=\"https:\/\/www.nosm.ca\/en\/wp-json\/wp\/v2\/pages\/64863\" class=\"qtranxs-available-language-link qtranxs-available-language-link-en\" title=\"English\">English<\/a>.<\/p>","protected":false},"excerpt":{"rendered":"<p>D\u00e9sol\u00e9, cette entr\u00e9e de donn\u00e9es est seulement disponible en English.<\/p>\n","protected":false},"author":212,"featured_media":0,"parent":64469,"menu_order":3,"comment_status":"closed","ping_status":"closed","template":"","meta":{"_acf_changed":false,"footnotes":""},"class_list":["post-64863","page","type-page","status-publish","hentry"],"acf":[],"_links":{"self":[{"href":"https:\/\/www.nosm.ca\/fr\/wp-json\/wp\/v2\/pages\/64863","targetHints":{"allow":["GET"]}}],"collection":[{"href":"https:\/\/www.nosm.ca\/fr\/wp-json\/wp\/v2\/pages"}],"about":[{"href":"https:\/\/www.nosm.ca\/fr\/wp-json\/wp\/v2\/types\/page"}],"author":[{"embeddable":true,"href":"https:\/\/www.nosm.ca\/fr\/wp-json\/wp\/v2\/users\/212"}],"replies":[{"embeddable":true,"href":"https:\/\/www.nosm.ca\/fr\/wp-json\/wp\/v2\/comments?post=64863"}],"version-history":[{"count":13,"href":"https:\/\/www.nosm.ca\/fr\/wp-json\/wp\/v2\/pages\/64863\/revisions"}],"predecessor-version":[{"id":83696,"href":"https:\/\/www.nosm.ca\/fr\/wp-json\/wp\/v2\/pages\/64863\/revisions\/83696"}],"up":[{"embeddable":true,"href":"https:\/\/www.nosm.ca\/fr\/wp-json\/wp\/v2\/pages\/64469"}],"wp:attachment":[{"href":"https:\/\/www.nosm.ca\/fr\/wp-json\/wp\/v2\/media?parent=64863"}],"curies":[{"name":"wp","href":"https:\/\/api.w.org\/{rel}","templated":true}]}}