{"id":64341,"date":"2023-10-16T20:36:52","date_gmt":"2023-10-17T00:36:52","guid":{"rendered":"https:\/\/www.nosm.ca\/?page_id=64341"},"modified":"2025-10-08T10:10:40","modified_gmt":"2025-10-08T14:10:40","slug":"what-sets-us-apart","status":"publish","type":"page","link":"https:\/\/www.nosm.ca\/fr\/fm-emergencymedicine\/what-sets-us-apart\/","title":{"rendered":"What Sets Us Apart?"},"content":{"rendered":"<p class=\"qtranxs-available-languages-message qtranxs-available-languages-message-fr\">D\u00e9sol\u00e9,  cette entr\u00e9e de donn\u00e9es est seulement disponible en <a href=\"https:\/\/www.nosm.ca\/en\/wp-json\/wp\/v2\/pages\/64341\" class=\"qtranxs-available-language-link qtranxs-available-language-link-en\" title=\"English\">English<\/a>.<\/p>","protected":false},"excerpt":{"rendered":"<p>D\u00e9sol\u00e9, cette entr\u00e9e de donn\u00e9es est seulement disponible en English.<\/p>\n","protected":false},"author":90,"featured_media":0,"parent":12382,"menu_order":3,"comment_status":"closed","ping_status":"closed","template":"","meta":{"_acf_changed":false,"footnotes":""},"class_list":["post-64341","page","type-page","status-publish","hentry"],"acf":[],"_links":{"self":[{"href":"https:\/\/www.nosm.ca\/fr\/wp-json\/wp\/v2\/pages\/64341","targetHints":{"allow":["GET"]}}],"collection":[{"href":"https:\/\/www.nosm.ca\/fr\/wp-json\/wp\/v2\/pages"}],"about":[{"href":"https:\/\/www.nosm.ca\/fr\/wp-json\/wp\/v2\/types\/page"}],"author":[{"embeddable":true,"href":"https:\/\/www.nosm.ca\/fr\/wp-json\/wp\/v2\/users\/90"}],"replies":[{"embeddable":true,"href":"https:\/\/www.nosm.ca\/fr\/wp-json\/wp\/v2\/comments?post=64341"}],"version-history":[{"count":18,"href":"https:\/\/www.nosm.ca\/fr\/wp-json\/wp\/v2\/pages\/64341\/revisions"}],"predecessor-version":[{"id":81038,"href":"https:\/\/www.nosm.ca\/fr\/wp-json\/wp\/v2\/pages\/64341\/revisions\/81038"}],"up":[{"embeddable":true,"href":"https:\/\/www.nosm.ca\/fr\/wp-json\/wp\/v2\/pages\/12382"}],"wp:attachment":[{"href":"https:\/\/www.nosm.ca\/fr\/wp-json\/wp\/v2\/media?parent=64341"}],"curies":[{"name":"wp","href":"https:\/\/api.w.org\/{rel}","templated":true}]}}