{"id":63699,"date":"2023-09-25T12:35:05","date_gmt":"2023-09-25T16:35:05","guid":{"rendered":"https:\/\/www.nosm.ca\/?page_id=63699"},"modified":"2025-10-08T10:12:11","modified_gmt":"2025-10-08T14:12:11","slug":"our-program-leadership","status":"publish","type":"page","link":"https:\/\/www.nosm.ca\/fr\/fm-emergencymedicine\/our-program-leadership\/","title":{"rendered":"Our Program Leadership"},"content":{"rendered":"<p class=\"qtranxs-available-languages-message qtranxs-available-languages-message-fr\">D\u00e9sol\u00e9,  cette entr\u00e9e de donn\u00e9es est seulement disponible en <a href=\"https:\/\/www.nosm.ca\/en\/wp-json\/wp\/v2\/pages\/63699\" class=\"qtranxs-available-language-link qtranxs-available-language-link-en\" title=\"English\">English<\/a>.<\/p>","protected":false},"excerpt":{"rendered":"<p>D\u00e9sol\u00e9, cette entr\u00e9e de donn\u00e9es est seulement disponible en English.<\/p>\n","protected":false},"author":212,"featured_media":0,"parent":12382,"menu_order":5,"comment_status":"closed","ping_status":"closed","template":"","meta":{"_acf_changed":false,"footnotes":""},"class_list":["post-63699","page","type-page","status-publish","hentry"],"acf":[],"_links":{"self":[{"href":"https:\/\/www.nosm.ca\/fr\/wp-json\/wp\/v2\/pages\/63699","targetHints":{"allow":["GET"]}}],"collection":[{"href":"https:\/\/www.nosm.ca\/fr\/wp-json\/wp\/v2\/pages"}],"about":[{"href":"https:\/\/www.nosm.ca\/fr\/wp-json\/wp\/v2\/types\/page"}],"author":[{"embeddable":true,"href":"https:\/\/www.nosm.ca\/fr\/wp-json\/wp\/v2\/users\/212"}],"replies":[{"embeddable":true,"href":"https:\/\/www.nosm.ca\/fr\/wp-json\/wp\/v2\/comments?post=63699"}],"version-history":[{"count":7,"href":"https:\/\/www.nosm.ca\/fr\/wp-json\/wp\/v2\/pages\/63699\/revisions"}],"predecessor-version":[{"id":81039,"href":"https:\/\/www.nosm.ca\/fr\/wp-json\/wp\/v2\/pages\/63699\/revisions\/81039"}],"up":[{"embeddable":true,"href":"https:\/\/www.nosm.ca\/fr\/wp-json\/wp\/v2\/pages\/12382"}],"wp:attachment":[{"href":"https:\/\/www.nosm.ca\/fr\/wp-json\/wp\/v2\/media?parent=63699"}],"curies":[{"name":"wp","href":"https:\/\/api.w.org\/{rel}","templated":true}]}}