{"id":62173,"date":"2023-08-03T15:24:18","date_gmt":"2023-08-03T19:24:18","guid":{"rendered":"https:\/\/www.nosm.ca\/?page_id=62173"},"modified":"2025-04-22T13:53:12","modified_gmt":"2025-04-22T17:53:12","slug":"financial-aid-office-under-learner-support-services","status":"publish","type":"page","link":"https:\/\/www.nosm.ca\/fr\/education\/current-learners\/financial-aid-office-under-learner-support-services\/","title":{"rendered":"Financial Aid Office under Learner Support Services"},"content":{"rendered":"<p class=\"qtranxs-available-languages-message qtranxs-available-languages-message-fr\">D\u00e9sol\u00e9,  cette entr\u00e9e de donn\u00e9es est seulement disponible en <a href=\"https:\/\/www.nosm.ca\/en\/wp-json\/wp\/v2\/pages\/62173\" class=\"qtranxs-available-language-link qtranxs-available-language-link-en\" title=\"English\">English<\/a>.<\/p>","protected":false},"excerpt":{"rendered":"<p>D\u00e9sol\u00e9, cette entr\u00e9e de donn\u00e9es est seulement disponible en English.<\/p>\n","protected":false},"author":242,"featured_media":0,"parent":53107,"menu_order":13,"comment_status":"closed","ping_status":"closed","template":"page-templates\/pg-landing2.php","meta":{"_acf_changed":false,"footnotes":""},"class_list":["post-62173","page","type-page","status-publish","hentry"],"acf":[],"_links":{"self":[{"href":"https:\/\/www.nosm.ca\/fr\/wp-json\/wp\/v2\/pages\/62173","targetHints":{"allow":["GET"]}}],"collection":[{"href":"https:\/\/www.nosm.ca\/fr\/wp-json\/wp\/v2\/pages"}],"about":[{"href":"https:\/\/www.nosm.ca\/fr\/wp-json\/wp\/v2\/types\/page"}],"author":[{"embeddable":true,"href":"https:\/\/www.nosm.ca\/fr\/wp-json\/wp\/v2\/users\/242"}],"replies":[{"embeddable":true,"href":"https:\/\/www.nosm.ca\/fr\/wp-json\/wp\/v2\/comments?post=62173"}],"version-history":[{"count":71,"href":"https:\/\/www.nosm.ca\/fr\/wp-json\/wp\/v2\/pages\/62173\/revisions"}],"predecessor-version":[{"id":77607,"href":"https:\/\/www.nosm.ca\/fr\/wp-json\/wp\/v2\/pages\/62173\/revisions\/77607"}],"up":[{"embeddable":true,"href":"https:\/\/www.nosm.ca\/fr\/wp-json\/wp\/v2\/pages\/53107"}],"wp:attachment":[{"href":"https:\/\/www.nosm.ca\/fr\/wp-json\/wp\/v2\/media?parent=62173"}],"curies":[{"name":"wp","href":"https:\/\/api.w.org\/{rel}","templated":true}]}}