{"id":61691,"date":"2023-06-23T09:59:34","date_gmt":"2023-06-23T13:59:34","guid":{"rendered":"https:\/\/www.nosm.ca\/?page_id=61691"},"modified":"2023-08-29T08:34:53","modified_gmt":"2023-08-29T12:34:53","slug":"international-global-health-partnerships","status":"publish","type":"page","link":"https:\/\/www.nosm.ca\/fr\/our-community\/global-health\/international-global-health-partnerships\/","title":{"rendered":"International Global Health Partnerships"},"content":{"rendered":"<p class=\"qtranxs-available-languages-message qtranxs-available-languages-message-fr\">D\u00e9sol\u00e9,  cette entr\u00e9e de donn\u00e9es est seulement disponible en <a href=\"https:\/\/www.nosm.ca\/en\/wp-json\/wp\/v2\/pages\/61691\" class=\"qtranxs-available-language-link qtranxs-available-language-link-en\" title=\"English\">English<\/a>.<\/p>","protected":false},"excerpt":{"rendered":"<p>D\u00e9sol\u00e9, cette entr\u00e9e de donn\u00e9es est seulement disponible en English.<\/p>\n","protected":false},"author":16,"featured_media":0,"parent":14377,"menu_order":1,"comment_status":"closed","ping_status":"closed","template":"","meta":{"_acf_changed":false,"footnotes":""},"class_list":["post-61691","page","type-page","status-publish","hentry"],"acf":[],"_links":{"self":[{"href":"https:\/\/www.nosm.ca\/fr\/wp-json\/wp\/v2\/pages\/61691","targetHints":{"allow":["GET"]}}],"collection":[{"href":"https:\/\/www.nosm.ca\/fr\/wp-json\/wp\/v2\/pages"}],"about":[{"href":"https:\/\/www.nosm.ca\/fr\/wp-json\/wp\/v2\/types\/page"}],"author":[{"embeddable":true,"href":"https:\/\/www.nosm.ca\/fr\/wp-json\/wp\/v2\/users\/16"}],"replies":[{"embeddable":true,"href":"https:\/\/www.nosm.ca\/fr\/wp-json\/wp\/v2\/comments?post=61691"}],"version-history":[{"count":5,"href":"https:\/\/www.nosm.ca\/fr\/wp-json\/wp\/v2\/pages\/61691\/revisions"}],"predecessor-version":[{"id":62843,"href":"https:\/\/www.nosm.ca\/fr\/wp-json\/wp\/v2\/pages\/61691\/revisions\/62843"}],"up":[{"embeddable":true,"href":"https:\/\/www.nosm.ca\/fr\/wp-json\/wp\/v2\/pages\/14377"}],"wp:attachment":[{"href":"https:\/\/www.nosm.ca\/fr\/wp-json\/wp\/v2\/media?parent=61691"}],"curies":[{"name":"wp","href":"https:\/\/api.w.org\/{rel}","templated":true}]}}