{"id":61262,"date":"2023-06-12T10:25:14","date_gmt":"2023-06-12T14:25:14","guid":{"rendered":"https:\/\/www.nosm.ca\/?page_id=61262"},"modified":"2026-04-02T11:35:38","modified_gmt":"2026-04-02T15:35:38","slug":"img-support","status":"publish","type":"page","link":"https:\/\/www.nosm.ca\/fr\/pgme-office\/current-residents\/img-support\/","title":{"rendered":"IMG Support and Resources"},"content":{"rendered":"<p class=\"qtranxs-available-languages-message qtranxs-available-languages-message-fr\">D\u00e9sol\u00e9,  cette entr\u00e9e de donn\u00e9es est seulement disponible en <a href=\"https:\/\/www.nosm.ca\/en\/wp-json\/wp\/v2\/pages\/61262\" class=\"qtranxs-available-language-link qtranxs-available-language-link-en\" title=\"English\">English<\/a>.<\/p>","protected":false},"excerpt":{"rendered":"<p>D\u00e9sol\u00e9, cette entr\u00e9e de donn\u00e9es est seulement disponible en English.<\/p>\n","protected":false},"author":212,"featured_media":0,"parent":79057,"menu_order":3,"comment_status":"closed","ping_status":"closed","template":"","meta":{"_acf_changed":false,"footnotes":""},"class_list":["post-61262","page","type-page","status-publish","hentry"],"acf":[],"_links":{"self":[{"href":"https:\/\/www.nosm.ca\/fr\/wp-json\/wp\/v2\/pages\/61262","targetHints":{"allow":["GET"]}}],"collection":[{"href":"https:\/\/www.nosm.ca\/fr\/wp-json\/wp\/v2\/pages"}],"about":[{"href":"https:\/\/www.nosm.ca\/fr\/wp-json\/wp\/v2\/types\/page"}],"author":[{"embeddable":true,"href":"https:\/\/www.nosm.ca\/fr\/wp-json\/wp\/v2\/users\/212"}],"replies":[{"embeddable":true,"href":"https:\/\/www.nosm.ca\/fr\/wp-json\/wp\/v2\/comments?post=61262"}],"version-history":[{"count":50,"href":"https:\/\/www.nosm.ca\/fr\/wp-json\/wp\/v2\/pages\/61262\/revisions"}],"predecessor-version":[{"id":83869,"href":"https:\/\/www.nosm.ca\/fr\/wp-json\/wp\/v2\/pages\/61262\/revisions\/83869"}],"up":[{"embeddable":true,"href":"https:\/\/www.nosm.ca\/fr\/wp-json\/wp\/v2\/pages\/79057"}],"wp:attachment":[{"href":"https:\/\/www.nosm.ca\/fr\/wp-json\/wp\/v2\/media?parent=61262"}],"curies":[{"name":"wp","href":"https:\/\/api.w.org\/{rel}","templated":true}]}}