{"id":60427,"date":"2023-06-06T14:01:56","date_gmt":"2023-06-06T18:01:56","guid":{"rendered":"https:\/\/www.nosm.ca\/?page_id=60427"},"modified":"2026-01-28T15:54:00","modified_gmt":"2026-01-28T20:54:00","slug":"entering-class-of-2026-ume","status":"publish","type":"page","link":"https:\/\/www.nosm.ca\/fr\/education\/current-learners\/entering-class-of-2026\/entering-class-of-2026-ume\/","title":{"rendered":"Entering Class of 2026 &#8211; UME"},"content":{"rendered":"<p class=\"qtranxs-available-languages-message qtranxs-available-languages-message-fr\">D\u00e9sol\u00e9,  cette entr\u00e9e de donn\u00e9es est seulement disponible en <a href=\"https:\/\/www.nosm.ca\/en\/wp-json\/wp\/v2\/pages\/60427\" class=\"qtranxs-available-language-link qtranxs-available-language-link-en\" title=\"English\">English<\/a>.<\/p>","protected":false},"excerpt":{"rendered":"<p>D\u00e9sol\u00e9, cette entr\u00e9e de donn\u00e9es est seulement disponible en English.<\/p>\n","protected":false},"author":43,"featured_media":0,"parent":60340,"menu_order":1,"comment_status":"closed","ping_status":"closed","template":"page-templates\/pg-landing2.php","meta":{"_acf_changed":false,"footnotes":""},"class_list":["post-60427","page","type-page","status-publish","hentry"],"acf":[],"_links":{"self":[{"href":"https:\/\/www.nosm.ca\/fr\/wp-json\/wp\/v2\/pages\/60427","targetHints":{"allow":["GET"]}}],"collection":[{"href":"https:\/\/www.nosm.ca\/fr\/wp-json\/wp\/v2\/pages"}],"about":[{"href":"https:\/\/www.nosm.ca\/fr\/wp-json\/wp\/v2\/types\/page"}],"author":[{"embeddable":true,"href":"https:\/\/www.nosm.ca\/fr\/wp-json\/wp\/v2\/users\/43"}],"replies":[{"embeddable":true,"href":"https:\/\/www.nosm.ca\/fr\/wp-json\/wp\/v2\/comments?post=60427"}],"version-history":[{"count":46,"href":"https:\/\/www.nosm.ca\/fr\/wp-json\/wp\/v2\/pages\/60427\/revisions"}],"predecessor-version":[{"id":82540,"href":"https:\/\/www.nosm.ca\/fr\/wp-json\/wp\/v2\/pages\/60427\/revisions\/82540"}],"up":[{"embeddable":true,"href":"https:\/\/www.nosm.ca\/fr\/wp-json\/wp\/v2\/pages\/60340"}],"wp:attachment":[{"href":"https:\/\/www.nosm.ca\/fr\/wp-json\/wp\/v2\/media?parent=60427"}],"curies":[{"name":"wp","href":"https:\/\/api.w.org\/{rel}","templated":true}]}}