{"id":59483,"date":"2023-02-21T16:11:26","date_gmt":"2023-02-21T21:11:26","guid":{"rendered":"https:\/\/www.nosm.ca\/?page_id=59483"},"modified":"2024-11-18T09:48:20","modified_gmt":"2024-11-18T14:48:20","slug":"booking-an-event","status":"publish","type":"page","link":"https:\/\/www.nosm.ca\/fr\/education\/current-learners\/learnersupportservices\/booking-an-event\/","title":{"rendered":"Booking an Event"},"content":{"rendered":"<p class=\"qtranxs-available-languages-message qtranxs-available-languages-message-fr\">D\u00e9sol\u00e9,  cette entr\u00e9e de donn\u00e9es est seulement disponible en <a href=\"https:\/\/www.nosm.ca\/en\/wp-json\/wp\/v2\/pages\/59483\" class=\"qtranxs-available-language-link qtranxs-available-language-link-en\" title=\"English\">English<\/a>.<\/p>","protected":false},"excerpt":{"rendered":"<p>D\u00e9sol\u00e9, cette entr\u00e9e de donn\u00e9es est seulement disponible en English.<\/p>\n","protected":false},"author":16,"featured_media":0,"parent":50671,"menu_order":1,"comment_status":"closed","ping_status":"closed","template":"","meta":{"_acf_changed":false,"footnotes":""},"class_list":["post-59483","page","type-page","status-publish","hentry"],"acf":[],"_links":{"self":[{"href":"https:\/\/www.nosm.ca\/fr\/wp-json\/wp\/v2\/pages\/59483","targetHints":{"allow":["GET"]}}],"collection":[{"href":"https:\/\/www.nosm.ca\/fr\/wp-json\/wp\/v2\/pages"}],"about":[{"href":"https:\/\/www.nosm.ca\/fr\/wp-json\/wp\/v2\/types\/page"}],"author":[{"embeddable":true,"href":"https:\/\/www.nosm.ca\/fr\/wp-json\/wp\/v2\/users\/16"}],"replies":[{"embeddable":true,"href":"https:\/\/www.nosm.ca\/fr\/wp-json\/wp\/v2\/comments?post=59483"}],"version-history":[{"count":21,"href":"https:\/\/www.nosm.ca\/fr\/wp-json\/wp\/v2\/pages\/59483\/revisions"}],"predecessor-version":[{"id":73164,"href":"https:\/\/www.nosm.ca\/fr\/wp-json\/wp\/v2\/pages\/59483\/revisions\/73164"}],"up":[{"embeddable":true,"href":"https:\/\/www.nosm.ca\/fr\/wp-json\/wp\/v2\/pages\/50671"}],"wp:attachment":[{"href":"https:\/\/www.nosm.ca\/fr\/wp-json\/wp\/v2\/media?parent=59483"}],"curies":[{"name":"wp","href":"https:\/\/api.w.org\/{rel}","templated":true}]}}