{"id":59073,"date":"2023-02-01T14:18:51","date_gmt":"2023-02-01T19:18:51","guid":{"rendered":"https:\/\/www.nosm.ca\/?page_id=59073"},"modified":"2023-02-01T14:18:51","modified_gmt":"2023-02-01T19:18:51","slug":"research-groups","status":"publish","type":"page","link":"https:\/\/www.nosm.ca\/fr\/research\/dr-gilles-arcand-centre-for-health-equity\/merlin\/research-groups\/","title":{"rendered":"Research Groups"},"content":{"rendered":"<p class=\"qtranxs-available-languages-message qtranxs-available-languages-message-fr\">D\u00e9sol\u00e9,  cette entr\u00e9e de donn\u00e9es est seulement disponible en <a href=\"https:\/\/www.nosm.ca\/en\/wp-json\/wp\/v2\/pages\/59073\" class=\"qtranxs-available-language-link qtranxs-available-language-link-en\" title=\"English\">English<\/a>.<\/p>","protected":false},"excerpt":{"rendered":"<p>D\u00e9sol\u00e9, cette entr\u00e9e de donn\u00e9es est seulement disponible en English.<\/p>\n","protected":false},"author":16,"featured_media":0,"parent":20030,"menu_order":4,"comment_status":"closed","ping_status":"closed","template":"","meta":{"_acf_changed":false,"footnotes":""},"class_list":["post-59073","page","type-page","status-publish","hentry"],"acf":[],"_links":{"self":[{"href":"https:\/\/www.nosm.ca\/fr\/wp-json\/wp\/v2\/pages\/59073","targetHints":{"allow":["GET"]}}],"collection":[{"href":"https:\/\/www.nosm.ca\/fr\/wp-json\/wp\/v2\/pages"}],"about":[{"href":"https:\/\/www.nosm.ca\/fr\/wp-json\/wp\/v2\/types\/page"}],"author":[{"embeddable":true,"href":"https:\/\/www.nosm.ca\/fr\/wp-json\/wp\/v2\/users\/16"}],"replies":[{"embeddable":true,"href":"https:\/\/www.nosm.ca\/fr\/wp-json\/wp\/v2\/comments?post=59073"}],"version-history":[{"count":1,"href":"https:\/\/www.nosm.ca\/fr\/wp-json\/wp\/v2\/pages\/59073\/revisions"}],"predecessor-version":[{"id":59074,"href":"https:\/\/www.nosm.ca\/fr\/wp-json\/wp\/v2\/pages\/59073\/revisions\/59074"}],"up":[{"embeddable":true,"href":"https:\/\/www.nosm.ca\/fr\/wp-json\/wp\/v2\/pages\/20030"}],"wp:attachment":[{"href":"https:\/\/www.nosm.ca\/fr\/wp-json\/wp\/v2\/media?parent=59073"}],"curies":[{"name":"wp","href":"https:\/\/api.w.org\/{rel}","templated":true}]}}