{"id":58823,"date":"2024-04-18T08:25:44","date_gmt":"2024-04-18T12:25:44","guid":{"rendered":"https:\/\/www.nosm.ca\/?page_id=58823"},"modified":"2025-06-02T08:48:54","modified_gmt":"2025-06-02T12:48:54","slug":"journeys-to-medicine","status":"publish","type":"page","link":"https:\/\/www.nosm.ca\/fr\/our-community\/youth-engagement\/journeys-to-medicine\/","title":{"rendered":"Journeys to Medicine Videos"},"content":{"rendered":"<p class=\"qtranxs-available-languages-message qtranxs-available-languages-message-fr\">D\u00e9sol\u00e9,  cette entr\u00e9e de donn\u00e9es est seulement disponible en <a href=\"https:\/\/www.nosm.ca\/en\/wp-json\/wp\/v2\/pages\/58823\" class=\"qtranxs-available-language-link qtranxs-available-language-link-en\" title=\"English\">English<\/a>.<\/p>","protected":false},"excerpt":{"rendered":"<p>D\u00e9sol\u00e9, cette entr\u00e9e de donn\u00e9es est seulement disponible en English.<\/p>\n","protected":false},"author":43,"featured_media":0,"parent":7812,"menu_order":1,"comment_status":"closed","ping_status":"closed","template":"","meta":{"_acf_changed":false,"footnotes":""},"class_list":["post-58823","page","type-page","status-publish","hentry"],"acf":[],"_links":{"self":[{"href":"https:\/\/www.nosm.ca\/fr\/wp-json\/wp\/v2\/pages\/58823","targetHints":{"allow":["GET"]}}],"collection":[{"href":"https:\/\/www.nosm.ca\/fr\/wp-json\/wp\/v2\/pages"}],"about":[{"href":"https:\/\/www.nosm.ca\/fr\/wp-json\/wp\/v2\/types\/page"}],"author":[{"embeddable":true,"href":"https:\/\/www.nosm.ca\/fr\/wp-json\/wp\/v2\/users\/43"}],"replies":[{"embeddable":true,"href":"https:\/\/www.nosm.ca\/fr\/wp-json\/wp\/v2\/comments?post=58823"}],"version-history":[{"count":38,"href":"https:\/\/www.nosm.ca\/fr\/wp-json\/wp\/v2\/pages\/58823\/revisions"}],"predecessor-version":[{"id":76161,"href":"https:\/\/www.nosm.ca\/fr\/wp-json\/wp\/v2\/pages\/58823\/revisions\/76161"}],"up":[{"embeddable":true,"href":"https:\/\/www.nosm.ca\/fr\/wp-json\/wp\/v2\/pages\/7812"}],"wp:attachment":[{"href":"https:\/\/www.nosm.ca\/fr\/wp-json\/wp\/v2\/media?parent=58823"}],"curies":[{"name":"wp","href":"https:\/\/api.w.org\/{rel}","templated":true}]}}