{"id":58302,"date":"2023-01-05T11:19:54","date_gmt":"2023-01-05T16:19:54","guid":{"rendered":"https:\/\/www.nosm.ca\/?page_id=58302"},"modified":"2024-11-12T09:36:16","modified_gmt":"2024-11-12T14:36:16","slug":"sponsored-learners","status":"publish","type":"page","link":"https:\/\/www.nosm.ca\/fr\/education\/current-learners\/student-accounts\/sponsored-learners\/","title":{"rendered":"Sponsored Learners"},"content":{"rendered":"<p class=\"qtranxs-available-languages-message qtranxs-available-languages-message-fr\">D\u00e9sol\u00e9,  cette entr\u00e9e de donn\u00e9es est seulement disponible en <a href=\"https:\/\/www.nosm.ca\/en\/wp-json\/wp\/v2\/pages\/58302\" class=\"qtranxs-available-language-link qtranxs-available-language-link-en\" title=\"English\">English<\/a>.<\/p>","protected":false},"excerpt":{"rendered":"<p>D\u00e9sol\u00e9, cette entr\u00e9e de donn\u00e9es est seulement disponible en English.<\/p>\n","protected":false},"author":273,"featured_media":0,"parent":53921,"menu_order":6,"comment_status":"closed","ping_status":"closed","template":"page-templates\/landing.php","meta":{"_acf_changed":false,"footnotes":""},"class_list":["post-58302","page","type-page","status-publish","hentry"],"acf":[],"_links":{"self":[{"href":"https:\/\/www.nosm.ca\/fr\/wp-json\/wp\/v2\/pages\/58302","targetHints":{"allow":["GET"]}}],"collection":[{"href":"https:\/\/www.nosm.ca\/fr\/wp-json\/wp\/v2\/pages"}],"about":[{"href":"https:\/\/www.nosm.ca\/fr\/wp-json\/wp\/v2\/types\/page"}],"author":[{"embeddable":true,"href":"https:\/\/www.nosm.ca\/fr\/wp-json\/wp\/v2\/users\/273"}],"replies":[{"embeddable":true,"href":"https:\/\/www.nosm.ca\/fr\/wp-json\/wp\/v2\/comments?post=58302"}],"version-history":[{"count":28,"href":"https:\/\/www.nosm.ca\/fr\/wp-json\/wp\/v2\/pages\/58302\/revisions"}],"predecessor-version":[{"id":73073,"href":"https:\/\/www.nosm.ca\/fr\/wp-json\/wp\/v2\/pages\/58302\/revisions\/73073"}],"up":[{"embeddable":true,"href":"https:\/\/www.nosm.ca\/fr\/wp-json\/wp\/v2\/pages\/53921"}],"wp:attachment":[{"href":"https:\/\/www.nosm.ca\/fr\/wp-json\/wp\/v2\/media?parent=58302"}],"curies":[{"name":"wp","href":"https:\/\/api.w.org\/{rel}","templated":true}]}}