{"id":58259,"date":"2023-01-04T15:40:53","date_gmt":"2023-01-04T20:40:53","guid":{"rendered":"https:\/\/www.nosm.ca\/?page_id=58259"},"modified":"2025-04-22T10:43:17","modified_gmt":"2025-04-22T14:43:17","slug":"osap-scholarships-awards-and-bursaries","status":"publish","type":"page","link":"https:\/\/www.nosm.ca\/fr\/education\/current-learners\/student-accounts\/osap-scholarships-awards-and-bursaries\/","title":{"rendered":"OSAP, Scholarships, Awards, &#038; Bursaries"},"content":{"rendered":"<p class=\"qtranxs-available-languages-message qtranxs-available-languages-message-fr\">D\u00e9sol\u00e9,  cette entr\u00e9e de donn\u00e9es est seulement disponible en <a href=\"https:\/\/www.nosm.ca\/en\/wp-json\/wp\/v2\/pages\/58259\" class=\"qtranxs-available-language-link qtranxs-available-language-link-en\" title=\"English\">English<\/a>.<\/p>","protected":false},"excerpt":{"rendered":"<p>D\u00e9sol\u00e9, cette entr\u00e9e de donn\u00e9es est seulement disponible en English.<\/p>\n","protected":false},"author":273,"featured_media":0,"parent":53921,"menu_order":4,"comment_status":"closed","ping_status":"closed","template":"page-templates\/landing.php","meta":{"_acf_changed":false,"footnotes":""},"class_list":["post-58259","page","type-page","status-publish","hentry"],"acf":[],"_links":{"self":[{"href":"https:\/\/www.nosm.ca\/fr\/wp-json\/wp\/v2\/pages\/58259","targetHints":{"allow":["GET"]}}],"collection":[{"href":"https:\/\/www.nosm.ca\/fr\/wp-json\/wp\/v2\/pages"}],"about":[{"href":"https:\/\/www.nosm.ca\/fr\/wp-json\/wp\/v2\/types\/page"}],"author":[{"embeddable":true,"href":"https:\/\/www.nosm.ca\/fr\/wp-json\/wp\/v2\/users\/273"}],"replies":[{"embeddable":true,"href":"https:\/\/www.nosm.ca\/fr\/wp-json\/wp\/v2\/comments?post=58259"}],"version-history":[{"count":38,"href":"https:\/\/www.nosm.ca\/fr\/wp-json\/wp\/v2\/pages\/58259\/revisions"}],"predecessor-version":[{"id":77596,"href":"https:\/\/www.nosm.ca\/fr\/wp-json\/wp\/v2\/pages\/58259\/revisions\/77596"}],"up":[{"embeddable":true,"href":"https:\/\/www.nosm.ca\/fr\/wp-json\/wp\/v2\/pages\/53921"}],"wp:attachment":[{"href":"https:\/\/www.nosm.ca\/fr\/wp-json\/wp\/v2\/media?parent=58259"}],"curies":[{"name":"wp","href":"https:\/\/api.w.org\/{rel}","templated":true}]}}