{"id":58107,"date":"2022-12-21T10:07:47","date_gmt":"2022-12-21T15:07:47","guid":{"rendered":"https:\/\/www.nosm.ca\/?page_id=58107"},"modified":"2025-11-11T12:46:32","modified_gmt":"2025-11-11T17:46:32","slug":"alumni-awards","status":"publish","type":"page","link":"https:\/\/www.nosm.ca\/fr\/alumni\/alumni-awards\/","title":{"rendered":"NOSM University Alumni Awards"},"content":{"rendered":"<p class=\"qtranxs-available-languages-message qtranxs-available-languages-message-fr\">D\u00e9sol\u00e9,  cette entr\u00e9e de donn\u00e9es est seulement disponible en <a href=\"https:\/\/www.nosm.ca\/en\/wp-json\/wp\/v2\/pages\/58107\" class=\"qtranxs-available-language-link qtranxs-available-language-link-en\" title=\"English\">English<\/a>.<\/p>","protected":false},"excerpt":{"rendered":"<p>D\u00e9sol\u00e9, cette entr\u00e9e de donn\u00e9es est seulement disponible en English.<\/p>\n","protected":false},"author":15,"featured_media":0,"parent":8448,"menu_order":3,"comment_status":"closed","ping_status":"closed","template":"","meta":{"_acf_changed":false,"footnotes":""},"class_list":["post-58107","page","type-page","status-publish","hentry"],"acf":[],"_links":{"self":[{"href":"https:\/\/www.nosm.ca\/fr\/wp-json\/wp\/v2\/pages\/58107","targetHints":{"allow":["GET"]}}],"collection":[{"href":"https:\/\/www.nosm.ca\/fr\/wp-json\/wp\/v2\/pages"}],"about":[{"href":"https:\/\/www.nosm.ca\/fr\/wp-json\/wp\/v2\/types\/page"}],"author":[{"embeddable":true,"href":"https:\/\/www.nosm.ca\/fr\/wp-json\/wp\/v2\/users\/15"}],"replies":[{"embeddable":true,"href":"https:\/\/www.nosm.ca\/fr\/wp-json\/wp\/v2\/comments?post=58107"}],"version-history":[{"count":18,"href":"https:\/\/www.nosm.ca\/fr\/wp-json\/wp\/v2\/pages\/58107\/revisions"}],"predecessor-version":[{"id":81641,"href":"https:\/\/www.nosm.ca\/fr\/wp-json\/wp\/v2\/pages\/58107\/revisions\/81641"}],"up":[{"embeddable":true,"href":"https:\/\/www.nosm.ca\/fr\/wp-json\/wp\/v2\/pages\/8448"}],"wp:attachment":[{"href":"https:\/\/www.nosm.ca\/fr\/wp-json\/wp\/v2\/media?parent=58107"}],"curies":[{"name":"wp","href":"https:\/\/api.w.org\/{rel}","templated":true}]}}