{"id":57839,"date":"2022-12-09T14:12:00","date_gmt":"2022-12-09T19:12:00","guid":{"rendered":"https:\/\/www.nosm.ca\/?page_id=57839"},"modified":"2025-03-12T12:10:43","modified_gmt":"2025-03-12T16:10:43","slug":"general-admissions-stream","status":"publish","type":"page","link":"https:\/\/www.nosm.ca\/fr\/nosm-university-admissions-learner-recruitment\/ume-program-md-degree-admissions\/admission-streams\/general-admissions-stream\/","title":{"rendered":"Volet g\u00e9n\u00e9rales des admissions"},"content":{"rendered":"<p>Toutes les candidatures au programme de FMPC de l&rsquo;Universit\u00e9 de l&rsquo;EMNO sont examin\u00e9es dans le <strong>volet g\u00e9n\u00e9rales des admissions <\/strong>\u00e0 moins qu\u2019elles n\u2019aient \u00e9t\u00e9 pr\u00e9sent\u00e9es dans un des volets suivants :<\/p>\n<ul>\n<li><a href=\"https:\/\/www.nosm.ca\/nosm-university-admissions-learner-recruitment\/ume-program-md-degree-admissions\/who-should-apply\/indigenous-admission-stream\/\">Volet des admissions des Autochtones<\/a><\/li>\n<li><a href=\"https:\/\/www.nosm.ca\/nosm-university-admissions-learner-recruitment\/ume-program-md-degree-admissions\/who-should-apply\/francophone-admission-stream\/\">Volet des admissions des francophones<\/a><\/li>\n<li><a href=\"https:\/\/www.nosm.ca\/fr\/nosm-university-admissions-learner-recruitment\/ume-program-md-degree-admissions\/admission-streams\/black-admission-stream\/\">Volet des admission des personnes noires<\/a><\/li>\n<li><a href=\"https:\/\/www.nosm.ca\/nosm-university-admissions-learner-recruitment\/ume-program-md-degree-admissions\/admission-streams\/military-medical-training-program-mmtp-stream\/\">Volet du Programme militaire d\u2019\u00e9tudes de m\u00e9decine (PMEM)<\/a> (en pause pour le moment)<\/li>\n<\/ul>\n<p>Les candidatures pr\u00e9sent\u00e9es dans le <strong>volet g\u00e9n\u00e9rales des admissions<\/strong>\u00a0doivent r\u00e9pondre aux crit\u00e8res indiqu\u00e9s dans la page \u00ab <a href=\"https:\/\/www.nosm.ca\/fr\/nosm-university-admissions-learner-recruitment\/ume-program-md-degree-admissions\/application-information-requirements\/\">Renseignements sur la candidature et crit\u00e8res d\u2019admission<\/a> \u00bb et contenir toute la documentation requise pour \u00eatre prises en consid\u00e9ration.<\/p>","protected":false},"excerpt":{"rendered":"<p>Toutes les candidatures au programme de FMPC de l&rsquo;Universit\u00e9 de l&rsquo;EMNO sont examin\u00e9es dans le volet g\u00e9n\u00e9rales des admissions \u00e0 moins qu\u2019elles n\u2019aient \u00e9t\u00e9 pr\u00e9sent\u00e9es dans un des volets suivants : Volet des admissions des Autochtones Volet des admissions des francophones Volet des admission des personnes noires Volet du Programme militaire d\u2019\u00e9tudes de m\u00e9decine (PMEM) &hellip; <a href=\"https:\/\/www.nosm.ca\/fr\/nosm-university-admissions-learner-recruitment\/ume-program-md-degree-admissions\/admission-streams\/general-admissions-stream\/\" class=\"more-link\">Continue reading <span class=\"screen-reader-text\">Volet g\u00e9n\u00e9rales des admissions<\/span> <span class=\"meta-nav\">&rarr;<\/span><\/a><\/p>\n","protected":false},"author":43,"featured_media":0,"parent":52206,"menu_order":1,"comment_status":"closed","ping_status":"closed","template":"page-templates\/quick-links-2.php","meta":{"_acf_changed":false,"footnotes":""},"class_list":["post-57839","page","type-page","status-publish","hentry"],"acf":[],"_links":{"self":[{"href":"https:\/\/www.nosm.ca\/fr\/wp-json\/wp\/v2\/pages\/57839","targetHints":{"allow":["GET"]}}],"collection":[{"href":"https:\/\/www.nosm.ca\/fr\/wp-json\/wp\/v2\/pages"}],"about":[{"href":"https:\/\/www.nosm.ca\/fr\/wp-json\/wp\/v2\/types\/page"}],"author":[{"embeddable":true,"href":"https:\/\/www.nosm.ca\/fr\/wp-json\/wp\/v2\/users\/43"}],"replies":[{"embeddable":true,"href":"https:\/\/www.nosm.ca\/fr\/wp-json\/wp\/v2\/comments?post=57839"}],"version-history":[{"count":21,"href":"https:\/\/www.nosm.ca\/fr\/wp-json\/wp\/v2\/pages\/57839\/revisions"}],"predecessor-version":[{"id":76872,"href":"https:\/\/www.nosm.ca\/fr\/wp-json\/wp\/v2\/pages\/57839\/revisions\/76872"}],"up":[{"embeddable":true,"href":"https:\/\/www.nosm.ca\/fr\/wp-json\/wp\/v2\/pages\/52206"}],"wp:attachment":[{"href":"https:\/\/www.nosm.ca\/fr\/wp-json\/wp\/v2\/media?parent=57839"}],"curies":[{"name":"wp","href":"https:\/\/api.w.org\/{rel}","templated":true}]}}