{"id":57830,"date":"2022-12-09T12:14:52","date_gmt":"2022-12-09T17:14:52","guid":{"rendered":"https:\/\/www.nosm.ca\/?page_id=57830"},"modified":"2026-01-06T13:27:17","modified_gmt":"2026-01-06T18:27:17","slug":"drs-david-and-teresa-marsh-graduate-student-scholarship","status":"publish","type":"page","link":"https:\/\/www.nosm.ca\/fr\/research\/funding-opportunities\/research-awards-at-nosm\/drs-david-and-teresa-marsh-graduate-student-scholarship\/","title":{"rendered":"Drs. David and Teresa Marsh Graduate Student Scholarship"},"content":{"rendered":"<p class=\"qtranxs-available-languages-message qtranxs-available-languages-message-fr\">D\u00e9sol\u00e9,  cette entr\u00e9e de donn\u00e9es est seulement disponible en <a href=\"https:\/\/www.nosm.ca\/en\/wp-json\/wp\/v2\/pages\/57830\" class=\"qtranxs-available-language-link qtranxs-available-language-link-en\" title=\"English\">English<\/a>.<\/p>","protected":false},"excerpt":{"rendered":"<p>D\u00e9sol\u00e9, cette entr\u00e9e de donn\u00e9es est seulement disponible en English.<\/p>\n","protected":false},"author":162,"featured_media":0,"parent":1537,"menu_order":1,"comment_status":"closed","ping_status":"closed","template":"","meta":{"_acf_changed":false,"footnotes":""},"class_list":["post-57830","page","type-page","status-publish","hentry"],"acf":[],"_links":{"self":[{"href":"https:\/\/www.nosm.ca\/fr\/wp-json\/wp\/v2\/pages\/57830","targetHints":{"allow":["GET"]}}],"collection":[{"href":"https:\/\/www.nosm.ca\/fr\/wp-json\/wp\/v2\/pages"}],"about":[{"href":"https:\/\/www.nosm.ca\/fr\/wp-json\/wp\/v2\/types\/page"}],"author":[{"embeddable":true,"href":"https:\/\/www.nosm.ca\/fr\/wp-json\/wp\/v2\/users\/162"}],"replies":[{"embeddable":true,"href":"https:\/\/www.nosm.ca\/fr\/wp-json\/wp\/v2\/comments?post=57830"}],"version-history":[{"count":8,"href":"https:\/\/www.nosm.ca\/fr\/wp-json\/wp\/v2\/pages\/57830\/revisions"}],"predecessor-version":[{"id":82197,"href":"https:\/\/www.nosm.ca\/fr\/wp-json\/wp\/v2\/pages\/57830\/revisions\/82197"}],"up":[{"embeddable":true,"href":"https:\/\/www.nosm.ca\/fr\/wp-json\/wp\/v2\/pages\/1537"}],"wp:attachment":[{"href":"https:\/\/www.nosm.ca\/fr\/wp-json\/wp\/v2\/media?parent=57830"}],"curies":[{"name":"wp","href":"https:\/\/api.w.org\/{rel}","templated":true}]}}