{"id":56701,"date":"2022-10-27T10:56:32","date_gmt":"2022-10-27T14:56:32","guid":{"rendered":"https:\/\/www.nosm.ca\/?page_id=56701"},"modified":"2026-03-06T10:25:29","modified_gmt":"2026-03-06T15:25:29","slug":"convocation","status":"publish","type":"page","link":"https:\/\/www.nosm.ca\/fr\/education\/current-learners\/registrars-office\/convocation\/","title":{"rendered":"Convocation"},"content":{"rendered":"<p class=\"qtranxs-available-languages-message qtranxs-available-languages-message-fr\">D\u00e9sol\u00e9,  cette entr\u00e9e de donn\u00e9es est seulement disponible en <a href=\"https:\/\/www.nosm.ca\/en\/wp-json\/wp\/v2\/pages\/56701\" class=\"qtranxs-available-language-link qtranxs-available-language-link-en\" title=\"English\">English<\/a>.<\/p>","protected":false},"excerpt":{"rendered":"<p>D\u00e9sol\u00e9, cette entr\u00e9e de donn\u00e9es est seulement disponible en English.<\/p>\n","protected":false},"author":242,"featured_media":0,"parent":53906,"menu_order":13,"comment_status":"closed","ping_status":"closed","template":"page-templates\/pg-landing2.php","meta":{"_acf_changed":false,"footnotes":""},"class_list":["post-56701","page","type-page","status-publish","hentry"],"acf":[],"_links":{"self":[{"href":"https:\/\/www.nosm.ca\/fr\/wp-json\/wp\/v2\/pages\/56701","targetHints":{"allow":["GET"]}}],"collection":[{"href":"https:\/\/www.nosm.ca\/fr\/wp-json\/wp\/v2\/pages"}],"about":[{"href":"https:\/\/www.nosm.ca\/fr\/wp-json\/wp\/v2\/types\/page"}],"author":[{"embeddable":true,"href":"https:\/\/www.nosm.ca\/fr\/wp-json\/wp\/v2\/users\/242"}],"replies":[{"embeddable":true,"href":"https:\/\/www.nosm.ca\/fr\/wp-json\/wp\/v2\/comments?post=56701"}],"version-history":[{"count":97,"href":"https:\/\/www.nosm.ca\/fr\/wp-json\/wp\/v2\/pages\/56701\/revisions"}],"predecessor-version":[{"id":83186,"href":"https:\/\/www.nosm.ca\/fr\/wp-json\/wp\/v2\/pages\/56701\/revisions\/83186"}],"up":[{"embeddable":true,"href":"https:\/\/www.nosm.ca\/fr\/wp-json\/wp\/v2\/pages\/53906"}],"wp:attachment":[{"href":"https:\/\/www.nosm.ca\/fr\/wp-json\/wp\/v2\/media?parent=56701"}],"curies":[{"name":"wp","href":"https:\/\/api.w.org\/{rel}","templated":true}]}}