{"id":56180,"date":"2022-10-11T18:24:37","date_gmt":"2022-10-11T22:24:37","guid":{"rendered":"https:\/\/www.nosm.ca\/?page_id=56180"},"modified":"2024-04-04T15:00:15","modified_gmt":"2024-04-04T19:00:15","slug":"how-to-invite-the-president-provost-or-chancellor-to-your-event","status":"publish","type":"page","link":"https:\/\/www.nosm.ca\/fr\/about\/administrative-offices\/how-to-invite-the-president-provost-or-chancellor-to-your-event\/","title":{"rendered":"How to invite the President, Provost or Chancellor to your event"},"content":{"rendered":"<p class=\"qtranxs-available-languages-message qtranxs-available-languages-message-fr\">D\u00e9sol\u00e9,  cette entr\u00e9e de donn\u00e9es est seulement disponible en <a href=\"https:\/\/www.nosm.ca\/en\/wp-json\/wp\/v2\/pages\/56180\" class=\"qtranxs-available-language-link qtranxs-available-language-link-en\" title=\"English\">English<\/a>.<\/p>","protected":false},"excerpt":{"rendered":"<p>D\u00e9sol\u00e9, cette entr\u00e9e de donn\u00e9es est seulement disponible en English.<\/p>\n","protected":false},"author":122,"featured_media":0,"parent":4431,"menu_order":2,"comment_status":"closed","ping_status":"closed","template":"","meta":{"_acf_changed":false,"footnotes":""},"class_list":["post-56180","page","type-page","status-publish","hentry"],"acf":[],"_links":{"self":[{"href":"https:\/\/www.nosm.ca\/fr\/wp-json\/wp\/v2\/pages\/56180","targetHints":{"allow":["GET"]}}],"collection":[{"href":"https:\/\/www.nosm.ca\/fr\/wp-json\/wp\/v2\/pages"}],"about":[{"href":"https:\/\/www.nosm.ca\/fr\/wp-json\/wp\/v2\/types\/page"}],"author":[{"embeddable":true,"href":"https:\/\/www.nosm.ca\/fr\/wp-json\/wp\/v2\/users\/122"}],"replies":[{"embeddable":true,"href":"https:\/\/www.nosm.ca\/fr\/wp-json\/wp\/v2\/comments?post=56180"}],"version-history":[{"count":7,"href":"https:\/\/www.nosm.ca\/fr\/wp-json\/wp\/v2\/pages\/56180\/revisions"}],"predecessor-version":[{"id":67734,"href":"https:\/\/www.nosm.ca\/fr\/wp-json\/wp\/v2\/pages\/56180\/revisions\/67734"}],"up":[{"embeddable":true,"href":"https:\/\/www.nosm.ca\/fr\/wp-json\/wp\/v2\/pages\/4431"}],"wp:attachment":[{"href":"https:\/\/www.nosm.ca\/fr\/wp-json\/wp\/v2\/media?parent=56180"}],"curies":[{"name":"wp","href":"https:\/\/api.w.org\/{rel}","templated":true}]}}