{"id":5609,"date":"2017-11-20T15:43:37","date_gmt":"2017-11-20T20:43:37","guid":{"rendered":"https:\/\/wp.nosm.ca\/?page_id=5609"},"modified":"2023-12-06T13:49:10","modified_gmt":"2023-12-06T18:49:10","slug":"mprep","status":"publish","type":"page","link":"https:\/\/www.nosm.ca\/fr\/education\/mprep\/","title":{"rendered":"Programme de formation en r\u00e9sidence en physique m\u00e9dicale"},"content":{"rendered":"<p class=\"qtranxs-available-languages-message qtranxs-available-languages-message-fr\">D\u00e9sol\u00e9,  cette entr\u00e9e de donn\u00e9es est seulement disponible en <a href=\"https:\/\/www.nosm.ca\/en\/wp-json\/wp\/v2\/pages\/5609\" class=\"qtranxs-available-language-link qtranxs-available-language-link-en\" title=\"English\">English<\/a>.<\/p>","protected":false},"excerpt":{"rendered":"<p>D\u00e9sol\u00e9, cette entr\u00e9e de donn\u00e9es est seulement disponible en English.<\/p>\n","protected":false},"author":15,"featured_media":0,"parent":6601,"menu_order":10,"comment_status":"closed","ping_status":"closed","template":"","meta":{"_acf_changed":false,"footnotes":""},"class_list":["post-5609","page","type-page","status-publish","hentry"],"acf":[],"_links":{"self":[{"href":"https:\/\/www.nosm.ca\/fr\/wp-json\/wp\/v2\/pages\/5609","targetHints":{"allow":["GET"]}}],"collection":[{"href":"https:\/\/www.nosm.ca\/fr\/wp-json\/wp\/v2\/pages"}],"about":[{"href":"https:\/\/www.nosm.ca\/fr\/wp-json\/wp\/v2\/types\/page"}],"author":[{"embeddable":true,"href":"https:\/\/www.nosm.ca\/fr\/wp-json\/wp\/v2\/users\/15"}],"replies":[{"embeddable":true,"href":"https:\/\/www.nosm.ca\/fr\/wp-json\/wp\/v2\/comments?post=5609"}],"version-history":[{"count":47,"href":"https:\/\/www.nosm.ca\/fr\/wp-json\/wp\/v2\/pages\/5609\/revisions"}],"predecessor-version":[{"id":65466,"href":"https:\/\/www.nosm.ca\/fr\/wp-json\/wp\/v2\/pages\/5609\/revisions\/65466"}],"up":[{"embeddable":true,"href":"https:\/\/www.nosm.ca\/fr\/wp-json\/wp\/v2\/pages\/6601"}],"wp:attachment":[{"href":"https:\/\/www.nosm.ca\/fr\/wp-json\/wp\/v2\/media?parent=5609"}],"curies":[{"name":"wp","href":"https:\/\/api.w.org\/{rel}","templated":true}]}}