{"id":55903,"date":"2022-10-04T14:04:54","date_gmt":"2022-10-04T18:04:54","guid":{"rendered":"https:\/\/www.nosm.ca\/?page_id=55903"},"modified":"2025-09-24T14:41:03","modified_gmt":"2025-09-24T18:41:03","slug":"minimum-requirements","status":"publish","type":"page","link":"https:\/\/www.nosm.ca\/fr\/nosm-university-admissions-learner-recruitment\/ume-program-md-degree-admissions\/application-information-requirements\/minimum-requirements\/","title":{"rendered":"Conditions minimales"},"content":{"rendered":"<p>Il faut remplir les conditions <strong>minimales<\/strong> suivantes pour pouvoir pr\u00e9senter une demande d\u2019admission au programme de formation m\u00e9dicale de premier cycle (FMPC) de l&rsquo;Universit\u00e9 de l&rsquo;EMNO (grade en m\u00e9decine) :<\/p>\n<p>&nbsp;<\/p>\n<h2>Citoyennet\u00e9<\/h2>\n<hr \/>\n<p>Il faut avoir la citoyennet\u00e9 canadienne ou le statut de r\u00e9sident permanent (immigrant re\u00e7u) au Canada avant l<a href=\"https:\/\/www.ouac.on.ca\/guide\/omsas-dates\/\" target=\"_blank\" rel=\"noopener\">\u2019\u00e9ch\u00e9ance pour pr\u00e9senter une demande d\u2019admission<\/a>.<\/p>\n<p>La preuve de citoyennet\u00e9 fait partie des conditions de l\u2019offre d\u2019admission.<\/p>\n<p><strong>Exigence concernant les particuliers qui r\u00e9sident ordinairement en Ontario<\/strong><\/p>\n<p>Depuis le 1<sup>er<\/sup> juillet 2025, toutes les universit\u00e9s de l\u2019Ontario subventionn\u00e9es par les fonds publics doivent r\u00e9server au moins 95\u00a0% de leurs admissions annuelles aux programmes de formation m\u00e9dicale \u00e0 des r\u00e9sidents de l\u2019Ontario. Le <a href=\"https:\/\/www.ontario.ca\/lois\/reglement\/250130\">nouveau r\u00e8glement<\/a> d\u00e9finit \u00ab\u00a0<strong>Programme de formation m\u00e9dicale<\/strong>\u00a0\u00bb et \u00ab\u00a0<strong>R\u00e9sider ordinairement en Ontario<\/strong>\u00a0\u00bb comme suit\u00a0:<\/p>\n<ul>\n<li><strong>Programme de formation m\u00e9dicale: <\/strong><\/li>\n<\/ul>\n<ol>\n<li>La d\u00e9finition qui suit s\u2019applique \u00e0 la Loi et aux r\u00e8glements. Un \u00ab programme de formation m\u00e9dicale \u00bb est un programme d\u2019\u00e9tudes postsecondaires de premier cycle qui satisfait aux crit\u00e8res suivants : Le programme m\u00e8ne \u00e0 l\u2019obtention du grade de docteur en m\u00e9decine, de <em>Medicinae Doctor<\/em> ou d\u2019un grade de base en m\u00e9decine \u00e9quivalent, mais ne m\u00e8ne pas \u00e0 la combinaison d\u2019un tel grade et de celui du doctorat en philosophie. L\u2019inscription des \u00e9tudiants au programme est financ\u00e9e en tout ou en partie par la Couronne du chef de l\u2019Ontario.\u00a0\u00bb<\/li>\n<\/ol>\n<ul>\n<li style=\"list-style-type: none;\">\n<ul>\n<li>Les places du Programme militaire d\u2019\u00e9tudes de m\u00e9decine sont financ\u00e9es par le minist\u00e8re de la D\u00e9fense nationale et sont exempt\u00e9es. Les places du programme combin\u00e9 de MD\/Ph.D. sont aussi exempt\u00e9es conform\u00e9ment \u00e0 la description ci-dessus.<\/li>\n<\/ul>\n<\/li>\n<\/ul>\n<ul>\n<li><strong>R\u00e9sider ordinairement en Ontario\u00a0: <\/strong><\/li>\n<\/ul>\n<p>2. (1) Pour l\u2019application de la pr\u00e9sente loi et des r\u00e8glements, un particulier r\u00e9side ordinairement en Ontario si, \u00e0 la fois :<\/p>\n<p>a) il est un citoyen canadien, un r\u00e9sident permanent au sens de la <em>Loi sur l\u2019immigration et la protection des r\u00e9fugi\u00e9s<\/em> (Canada) ou une personne prot\u00e9g\u00e9e au sens du paragraphe 95 (2) de cette loi;<\/p>\n<p>b) le particulier ou son conjoint a, \u00e0 n\u2019importe quel moment apr\u00e8s son 14<sup>e<\/sup> anniversaire, r\u00e9sid\u00e9 en Ontario pendant au moins 12 mois cons\u00e9cutifs;<\/p>\n<p>c) le particulier ou son conjoint a termin\u00e9 la p\u00e9riode de r\u00e9sidence exig\u00e9e par l\u2019alin\u00e9a b) et, selon le cas :<\/p>\n<p>(i) a obtenu un dipl\u00f4me d\u2019\u00e9tudes secondaires de l\u2019Ontario,<\/p>\n<p>(ii) n\u2019a pas r\u00e9sid\u00e9 dans une autre province ou un territoire du Canada pendant une p\u00e9riode d\u2019au moins 12 mois cons\u00e9cutifs depuis qu\u2019il a termin\u00e9 la plus r\u00e9cente p\u00e9riode de r\u00e9sidence de 12 mois en Ontario exig\u00e9e par l\u2019alin\u00e9a b).<\/p>\n<p>(2) Pour \u00e9tablir si un particulier ou son conjoint a r\u00e9sid\u00e9 en Ontario ou dans une autre province ou un territoire du Canada pendant une p\u00e9riode de 12 mois cons\u00e9cutifs pour l\u2019application du paragraphe (1), il n\u2019est pas tenu compte du temps que le particulier ou son conjoint a consacr\u00e9 \u00e0 des \u00e9tudes \u00e0 temps plein dans un \u00e9tablissement postsecondaire, sauf si :<\/p>\n<p>a) le particulier ou son conjoint suivait un programme menant \u00e0 l\u2019obtention d\u2019un grade en Ontario dispens\u00e9 \u00e0 temps plein et en personne;<\/p>\n<p>b) le programme menant \u00e0 l\u2019obtention d\u2019un grade est normalement achev\u00e9 en quatre ann\u00e9es universitaires ou plus. \u00bb<\/p>\n<p><strong>Vous devrez indiquer dans votre demande \u00e0 l\u2019OMSAS si vous \u00eates r\u00e9sident(e) de l\u2019Ontario en vous basant sur cette d\u00e9finition.<\/strong><\/p>\n<p><strong>\u00c0 noter\u00a0: Il vous incombe d\u2019\u00e9valuer votre admissibilit\u00e9 en vous basant sur la d\u00e9finition fournie. Nous ne fournissons pas de confirmation individuelle ou de commentaires sur le statut de r\u00e9sident.<\/strong><\/p>\n<p>&nbsp;<\/p>\n<h2>Admissibilit\u00e9 scolaire<\/h2>\n<hr \/>\n<p>La condition minimale d\u2019admission est un dipl\u00f4me universitaire de premier cycle couronnant un programme de quatre ans dans n\u2019importe quelle discipline, ou l\u2019\u00e9quivalent, d\u00e9livr\u00e9 par un \u00e9tablissement reconnu. Nous ne donnons pas la pr\u00e9f\u00e9rence \u00e0 une (1) discipline particuli\u00e8re.<\/p>\n<p>Si votre dipl\u00f4me d\u2019un programme de quatre ans est obtenu par transfert de cr\u00e9dits d\u2019un coll\u00e8ge, vous devez avoir obtenu au moins 10 cr\u00e9dits de cours complets, 20 cr\u00e9dits de demi-cours ou une combinaison des deux au niveau du grade universitaire au moment de votre demande.<\/p>\n<div class='accordion' data-autoclose='true'>\n<div class='accordion-item closed'>\n<h3 class='accordion-title'>Candidates et candidats du Qu\u00e9bec<\/h3>\n<div class='accordion-content'>\nVous pouvez pr\u00e9senter une demande d\u2019admission si vous avez obtenu un DEC (dipl\u00f4me d\u2019\u00e9tudes coll\u00e9giales) d\u2019un c\u00e9gep et un baccalaur\u00e9at d\u2019une universit\u00e9 reconnue au Qu\u00e9bec (trois ann\u00e9es d\u2019\u00e9tudes apr\u00e8s le DEC). Dans le cadre d\u2019une demande d\u2019admission \u00e0 l\u2019Universit\u00e9 de l\u2019EMNO, un DEC et un baccalaur\u00e9at pr\u00e9par\u00e9 en trois ans dans une universit\u00e9 qu\u00e9b\u00e9coise sont consid\u00e9r\u00e9s comme l\u2019\u00e9quivalent d\u2019un grade pr\u00e9par\u00e9 en quatre ans.\n<\/div>\n<\/div>\n<div class='accordion-item closed'>\n<h3 class='accordion-title'>Demande d\u2019admission pendant la derni\u00e8re ann\u00e9e d\u2019\u00e9tudes<\/h3>\n<div class='accordion-content'>\nVous pouvez pr\u00e9senter une demande d\u2019admission au cours de la derni\u00e8re ann\u00e9e d\u2019\u00e9tudes dans un programme de quatre ans, mais vous devez terminer le programme et fournir la preuve que vous avez obtenu votre grade le 30 juin au plus tard de l\u2019ann\u00e9e d\u2019inscription potentielle.<\/p>\n<\/div>\n<\/div>\n<div class='accordion-item closed'>\n<h3 class='accordion-title'>\u00c9tudes \u00e0 temps plein et \u00e0 temps partiel<\/h3>\n<div class='accordion-content'>\nL\u2019Universit\u00e9 de l\u2019EMNO accepte les demandes d\u2019admission des personnes qui ont effectu\u00e9 leurs \u00e9tudes de premier cycle \u00e0 temps plein, \u00e0 temps partiel, ou dans une combinaison des deux.\n<\/div>\n<\/div>\n<div class='accordion-item closed'>\n<h3 class='accordion-title'>\u00c9quivalence de cours ou transfert<\/h3>\n<div class='accordion-content'>\n<p>En raison de la nature int\u00e9gr\u00e9e du programme d\u2019\u00e9tudes, nous ne pouvons pas accepter les transferts d\u2019un autre \u00e9tablissement.<\/p>\n<p>Les personnes admises \u00e0 l\u2019Universit\u00e9 de l\u2019EMNO doivent effectuer les quatre (4) ann\u00e9es du programme de formation en m\u00e9decine.<\/p>\n<\/div>\n<\/div>\n<\/div>\n<p>&nbsp;<\/p>\n<h2>Calcul de la moyenne pond\u00e9r\u00e9e cumulative (MPC) globale<\/h2>\n<hr \/>\n<p>La MPC minimale requise est de 3,0 sur une \u00e9chelle de 4,0. Les notes sont converties sur l\u2019\u00e9chelle de 4,0 en fonction de <a href=\"https:\/\/www.ouac.on.ca\/guide\/undergraduate-grade-conversion-table\">l\u2019\u00c9chelle de notation au premier cycle de l\u2019OMSAS<\/a>. La MPC est calcul\u00e9e \u00e0 partir de toutes les notes de cours de premier cycle suivis dans un \u00e9tablissement reconnu au moment de l\u2019\u00e9ch\u00e9ance pour pr\u00e9senter une demande d\u2019admission.<\/p>\n<p>Bien que cette MPC soit le crit\u00e8re minimum d&rsquo;admission, sachez que la comp\u00e9tition pour l&rsquo;admission au programme de m\u00e9decine est extr\u00eamement forte en raison du nombre grandissant de demandes pour le nombre limit\u00e9 de places. Une MPC plus \u00e9lev\u00e9e donne une meilleure chance pour l&rsquo;admission. Consultez notre page des profils des classes pour conna\u00eetre la MPC moyenne des classes durant les cinq (5) derni\u00e8res ann\u00e9es.<\/p>\n<p>Les notes suivantes <strong>sont incluses<\/strong> dans le calcul de la MPC :<\/p>\n<ul>\n<li>Les notes de cours suppl\u00e9mentaires, des sessions du printemps et de l\u2019\u00e9t\u00e9 ainsi que des \u00e9tudes \u00e0 temps partiel et \u00e0 distance;<\/li>\n<li>Si vous reprenez un cours et que les deux notes de ce cours figurent sur votre relev\u00e9 de notes, l\u2019ancienne et la nouvelle note sont toutes deux incluses dans le calcul de la MPC.<\/li>\n<\/ul>\n<p>Nous ne <strong>prenons pas<\/strong> ce qui suit en consid\u00e9ration dans le calcul de la MPC :<\/p>\n<ul>\n<li>Les cours portant la mention \u00ab R\u00e9ussite \u00bb sans indication de notes sur le relev\u00e9 de notes.\n<ul>\n<li>Pour les personnes qui suivent un programme dans lequel la mention \u00ab R\u00e9ussite \u00bb ou \u00ab Cr\u00e9dit \u00bb est donn\u00e9e au lieu d\u2019une lettre ou d\u2019un chiffre, des notes ind\u00e9pendantes d\u2019un minimum de 10 cours complets, de 20 cr\u00e9dits de demi-cours ou d\u2019une combinaison de cr\u00e9dits de cours sont requises.<\/li>\n<\/ul>\n<\/li>\n<li>Les notes individuelles de cours des cycles sup\u00e9rieurs.<\/li>\n<\/ul>\n<p>Vous devez v\u00e9rifier votre moyenne dans la section \u00ab Suivi des documents \u00bb de la demande \u00e0 l\u2019OMSAS. Nous pouvons aussi la consulter.<\/p>\n<p>Si vous avez des relev\u00e9s de notes \u00e9trangers (provenant de l\u2019ext\u00e9rieur du Canada ou des \u00c9tats-Unis), y compris des cours des cycles sup\u00e9rieurs, consultez la section \u00ab <a href=\"https:\/\/www.nosm.ca\/nosm-university-admissions-learner-recruitment\/ume-program-md-degree-admissions\/application-information-requirements\/transcripts\/\">Relev\u00e9s de notes \u00e9trangers \u2013 Reconnaissance des notes \u00e9trang\u00e8res<\/a> \u00bb ci-dessous.<\/p>\n<div class='accordion' data-autoclose='true'>\n<div class='accordion-item closed'>\n<h3 class='accordion-title'>Titulaires d\u2019un grade des cycles sup\u00e9rieures<\/h3>\n<div class='accordion-content'>\n<p>Si vous poss\u00e9dez un grade d\u2019\u00e9tudes sup\u00e9rieures (ma\u00eetrise ou doctorat), votre candidature ne sera pas prise en consid\u00e9ration s\u00e9par\u00e9ment. L\u2019\u00e9valuation de votre dossier sera bas\u00e9e sur l&rsquo;exigence minimale qui est un dipl\u00f4me universitaire de premier cycle reconnu couronnant un programme de quatre ans, avec une MPC minimale de 3,0 sur l&rsquo;\u00e9chelle de 4,0.<\/p>\n<p>Afin de respecter le seuil de 3,0, un 0,2 suppl\u00e9mentaire sera ajout\u00e9 \u00e0 la MPC du premier cycle uniquement apr\u00e8s le calcul initial de la MPC.<\/p>\n<p>Pour pouvoir ajouter 0,2 point \u00e0 votre MPC, vous devez r\u00e9pondre \u00e0 l\u2019une de ces deux exigences :<\/p>\n<p><strong>1.<\/strong> Vous avez obtenu votre dipl\u00f4me d\u2019\u00e9tudes sup\u00e9rieures et l\u2019OMSAS a re\u00e7u votre relev\u00e9 de notes final <strong>avant le 1er d\u00e9cembre de l\u2019ann\u00e9e dans laquelle vous pr\u00e9sentez votre demande<\/strong>.<\/p>\n<p><strong>2.<\/strong> Le bureau du registraire ou le bureau des \u00e9tudes sup\u00e9rieures de votre \u00e9tablissement envoie une lettre officielle \u00e0 l\u2019OMSAS <strong>au plus tard le 1er d\u00e9cembre de l\u2019ann\u00e9e de candidature<\/strong>, indiquant que vous avez satisfait \u00e0 toutes les exigences de votre dipl\u00f4me d\u2019\u00e9tudes sup\u00e9rieures et que vous \u00eates admissible au dipl\u00f4me. La lettre doit \u00eatre envoy\u00e9e \u00e0 <a href=\"mailto:professional@ouac.on.ca\">professional@ouac.on.ca<\/a>. <strong>Nous n\u2019acceptons pas les lettres qui nous sont envoy\u00e9es directement.<\/strong><\/p>\n<p>Veuillez noter que toute offre d\u2019admission aux personnes qui choisissent l\u2019option 2 sera conditionnelle \u00e0 la r\u00e9ception d\u2019un relev\u00e9 de notes actualis\u00e9 au Bureau des admissions de l&rsquo;Universit\u00e9 de l&rsquo;EMNO par l\u2019entremise de l\u2019OMSAS, avant le 30 juin de l\u2019ann\u00e9e d\u2019inscription potentielle.<\/p>\n<p>Vous ne recevrez pas 0,2 point suppl\u00e9mentaire pour plus d\u2019un grade des cycles sup\u00e9rieurs.<\/p>\n<\/div>\n<\/div>\n<\/div>\n<p><\/p>","protected":false},"excerpt":{"rendered":"<p>Il faut remplir les conditions minimales suivantes pour pouvoir pr\u00e9senter une demande d\u2019admission au programme de formation m\u00e9dicale de premier cycle (FMPC) de l&rsquo;Universit\u00e9 de l&rsquo;EMNO (grade en m\u00e9decine) : &nbsp; Citoyennet\u00e9 Il faut avoir la citoyennet\u00e9 canadienne ou le statut de r\u00e9sident permanent (immigrant re\u00e7u) au Canada avant l\u2019\u00e9ch\u00e9ance pour pr\u00e9senter une demande d\u2019admission. &hellip; <a href=\"https:\/\/www.nosm.ca\/fr\/nosm-university-admissions-learner-recruitment\/ume-program-md-degree-admissions\/application-information-requirements\/minimum-requirements\/\" class=\"more-link\">Continue reading <span class=\"screen-reader-text\">Conditions minimales<\/span> <span class=\"meta-nav\">&rarr;<\/span><\/a><\/p>\n","protected":false},"author":43,"featured_media":0,"parent":52315,"menu_order":1,"comment_status":"closed","ping_status":"closed","template":"page-templates\/quick-links-2.php","meta":{"_acf_changed":false,"footnotes":""},"class_list":["post-55903","page","type-page","status-publish","hentry"],"acf":[],"_links":{"self":[{"href":"https:\/\/www.nosm.ca\/fr\/wp-json\/wp\/v2\/pages\/55903","targetHints":{"allow":["GET"]}}],"collection":[{"href":"https:\/\/www.nosm.ca\/fr\/wp-json\/wp\/v2\/pages"}],"about":[{"href":"https:\/\/www.nosm.ca\/fr\/wp-json\/wp\/v2\/types\/page"}],"author":[{"embeddable":true,"href":"https:\/\/www.nosm.ca\/fr\/wp-json\/wp\/v2\/users\/43"}],"replies":[{"embeddable":true,"href":"https:\/\/www.nosm.ca\/fr\/wp-json\/wp\/v2\/comments?post=55903"}],"version-history":[{"count":35,"href":"https:\/\/www.nosm.ca\/fr\/wp-json\/wp\/v2\/pages\/55903\/revisions"}],"predecessor-version":[{"id":76044,"href":"https:\/\/www.nosm.ca\/fr\/wp-json\/wp\/v2\/pages\/55903\/revisions\/76044"}],"up":[{"embeddable":true,"href":"https:\/\/www.nosm.ca\/fr\/wp-json\/wp\/v2\/pages\/52315"}],"wp:attachment":[{"href":"https:\/\/www.nosm.ca\/fr\/wp-json\/wp\/v2\/media?parent=55903"}],"curies":[{"name":"wp","href":"https:\/\/api.w.org\/{rel}","templated":true}]}}