{"id":55721,"date":"2022-09-30T09:36:29","date_gmt":"2022-09-30T13:36:29","guid":{"rendered":"https:\/\/www.nosm.ca\/?page_id=55721"},"modified":"2025-02-06T15:03:08","modified_gmt":"2025-02-06T20:03:08","slug":"disability-based-consideration-requests","status":"publish","type":"page","link":"https:\/\/www.nosm.ca\/fr\/nosm-university-admissions-learner-recruitment\/ume-program-md-degree-admissions\/application-information-requirements\/disability-based-consideration-requests\/","title":{"rendered":"Demande de consid\u00e9ration fond\u00e9e sur un handicap d&rsquo;admissibilit\u00e9"},"content":{"rendered":"<p><\/p>\n<h2 style=\"text-align: center;\"><\/h2>\n<h2>Admissibilit\u00e9<\/h2>\n<hr \/>\n<p>Si vous avez un handicap pour lequel vous n\u2019avez eu aucune adaptation, vous pouvez demander une consid\u00e9ration sp\u00e9ciale lors du processus d\u2019admission au programme de m\u00e9decine si vous :<\/p>\n<ul>\n<li>ne saviez pas que vous avez un handicap, ou<\/li>\n<li>n\u2019avez pas obtenu les adaptations appropri\u00e9es pour un handicap document\u00e9 durant vos \u00e9tudes de premier cycle ou des cycles sup\u00e9rieurs.<\/li>\n<\/ul>\n<p>Vous pouvez pr\u00e9senter cette demande <strong>uniquement<\/strong> pour l\u2019\u00e9valuation initiale de votre demande d\u2019admission envoy\u00e9e \u00e0 l\u2019OMSAS.<\/p>\n<p>Si l\u2019Universit\u00e9 de l\u2019EMNO vous invite \u00e0 une entrevue dans le cadre de son processus d\u2019admission et que vous avez besoin d\u2019adaptations pour cette entrevue, vous devez les demander directement au Bureau des admissions et du recrutement \u00e9tudiant apr\u00e8s avoir re\u00e7u l\u2019invitation.<\/p>\n<p>&nbsp;<\/p>\n<h2>Documentation justificatifs<\/h2>\n<hr \/>\n<p>Vous devez soumettre les documents justificatifs suivants \u00e0 l\u2019OMSAS par l\u2019entremise de la Messagerie s\u00e9curis\u00e9e pour candidates et candidats (SAM) au plus tard \u00e0 la <a href=\"https:\/\/www.ouac.on.ca\/guide\/omsas-dates\/\">date limite de d\u00e9p\u00f4t des candidatures<\/a> :<\/p>\n<ul>\n<li>Documentation du bureau des services d\u2019accessibilit\u00e9 de votre universit\u00e9 (ou d\u2019un autre \u00e9tablissement d\u2019enseignement)<\/li>\n<li>Lettre d\u2019un professionnel de la sant\u00e9 r\u00e9glement\u00e9 qui est autoris\u00e9 \u00e0 poser des diagnostics;<\/li>\n<li>Formulaire de l\u2019OMSAS de demande fond\u00e9e sur un handicap.<\/li>\n<\/ul>\n<p><strong>REMARQUE :<\/strong> Le Bureau des admissions de l\u2019Universit\u00e9 de l\u2019EMNO peut demander des renseignements ou des documents suppl\u00e9mentaires lors de l\u2019examen de votre demande.<\/p>\n<p>&nbsp;<\/p>\n<h2>Documentation provenant du bureau des services d\u2019accessibilit\u00e9<\/h2>\n<hr \/>\n<p>Les personnes inscrites au bureau des services d\u2019accessibilit\u00e9 de leur universit\u00e9 (ou d\u2019un autre \u00e9tablissement d\u2019enseignement) et qui ont obtenu des adaptations doivent pr\u00e9senter un rapport de ce bureau qui :<\/p>\n<ul>\n<li>confirme l\u2019inscription \u00e0 des adaptations pour les \u00e9tudes,<\/li>\n<li>soutient la n\u00e9cessit\u00e9 des adaptations, et<\/li>\n<li>indique les adaptations re\u00e7ues et leur dur\u00e9e.<\/li>\n<\/ul>\n<p>Aucun diagnostic n\u2019est exig\u00e9.<\/p>\n<p>&nbsp;<\/p>\n<h2>Lettre d\u2019un professionnel de la sant\u00e9 r\u00e9glement\u00e9<\/h2>\n<hr \/>\n<p>Vous devez pr\u00e9senter une lettre d\u2019une professionnelle ou d\u2019un professionnel de la sant\u00e9 r\u00e9glement\u00e9 autoris\u00e9 \u00e0 poser des diagnostics. La lettre doit \u00eatre dat\u00e9e et :<\/p>\n<ul>\n<li>inclure les titres de comp\u00e9tences de la professionnelle ou du professionnel (clairement \u00e9nonc\u00e9s),<\/li>\n<li>soutenir la n\u00e9cessit\u00e9 d\u2019une adaptation,<\/li>\n<li>pr\u00e9ciser l\u2019adaptation exig\u00e9e,<\/li>\n<li>fournir la date du diagnostic, et<\/li>\n<li>pr\u00e9ciser le handicap fonctionnel sous-jacent et les restrictions qui en r\u00e9sultent.<\/li>\n<\/ul>\n<p>Les personnes suivantes sont autoris\u00e9es \u00e0 fournir une lettre d\u2019appui \u00e0 votre demande :<\/p>\n<ul>\n<li>M\u00e9decin (de famille ou sp\u00e9cialiste)<\/li>\n<li>Infirmi\u00e8re praticienne ou infirmier praticien<\/li>\n<li>Psychologue<\/li>\n<li>Dentiste<\/li>\n<li>Physioth\u00e9rapeute<\/li>\n<li>Ergoth\u00e9rapeute<\/li>\n<li>Orthophoniste<\/li>\n<li>Audiologiste<\/li>\n<li>Optom\u00e9triste<\/li>\n<li>Travailleuse sociale ou travailleur social<\/li>\n<li>Autre praticienne ou praticien de la sant\u00e9 autoris\u00e9 \u00e0 poser des diagnostics<\/li>\n<\/ul>\n<p>&nbsp;<\/p>\n<h2>Formulaire d\u2019OMSAS de demande de consid\u00e9ration relativement \u00e0 un handicap<\/h2>\n<hr \/>\n<p>Vous devez soumettre le formulaire de l\u2019OMSAS de demande de modifications de la MPC fond\u00e9e sur un handicap <a href=\"https:\/\/www.nosm.ca\/wp-content\/uploads\/2023\/07\/omsas_disability_consideration_form.pdf\">(\u00ab OMSAS Disability-based Consideration for GPA Changes \u00bb [PDF] disponible en anglais seulement)<\/a> qui indique\u00a0:<\/p>\n<ul>\n<li>la nature de votre handicap et son incidence sur votre apprentissage;<\/li>\n<li>la consid\u00e9ration de nature universitaire que vous demandez, y compris toute session ou ann\u00e9e au cours de laquelle vous n\u2019avez pas eu d\u2019adaptation pour votre handicap.<\/li>\n<li>l\u2019adaptation que vous avez demand\u00e9e et re\u00e7ue, le type de cette adaptation, ou la raison pour laquelle vous n\u2019avez pas demand\u00e9 ou re\u00e7u d\u2019adaptation;<\/li>\n<li>les cours, le cas \u00e9ch\u00e9ant, que vous termin\u00e9s apr\u00e8s avoir re\u00e7u l\u2019adaptation.<\/li>\n<li>comment vous avez surmont\u00e9 vos d\u00e9fis et vos plans pour r\u00e9ussir vos \u00e9tudes et exercer la m\u00e9decine.<\/li>\n<\/ul>\n<hr \/>\n<p><strong>Tous les documents \u00e0 l\u2019appui de votre demande fond\u00e9e sur un handicap doivent \u00eatre soumis \u00e0 l\u2019OMSAS au moyen de la Messagerie s\u00e9curis\u00e9e pour les candidates et candidats (SAM) au plus tard \u00e0 la <a href=\"https:\/\/www.ouac.on.ca\/guide\/omsas-dates\/\">date limite de d\u00e9p\u00f4t des candidatures.<\/a>.<\/strong><\/p>","protected":false},"excerpt":{"rendered":"<p>Admissibilit\u00e9 Si vous avez un handicap pour lequel vous n\u2019avez eu aucune adaptation, vous pouvez demander une consid\u00e9ration sp\u00e9ciale lors du processus d\u2019admission au programme de m\u00e9decine si vous : ne saviez pas que vous avez un handicap, ou n\u2019avez pas obtenu les adaptations appropri\u00e9es pour un handicap document\u00e9 durant vos \u00e9tudes de premier cycle &hellip; <a href=\"https:\/\/www.nosm.ca\/fr\/nosm-university-admissions-learner-recruitment\/ume-program-md-degree-admissions\/application-information-requirements\/disability-based-consideration-requests\/\" class=\"more-link\">Continue reading <span class=\"screen-reader-text\">Demande de consid\u00e9ration fond\u00e9e sur un handicap d&rsquo;admissibilit\u00e9<\/span> <span class=\"meta-nav\">&rarr;<\/span><\/a><\/p>\n","protected":false},"author":43,"featured_media":0,"parent":52315,"menu_order":5,"comment_status":"closed","ping_status":"closed","template":"page-templates\/quick-links-2.php","meta":{"_acf_changed":false,"footnotes":""},"class_list":["post-55721","page","type-page","status-publish","hentry"],"acf":[],"_links":{"self":[{"href":"https:\/\/www.nosm.ca\/fr\/wp-json\/wp\/v2\/pages\/55721","targetHints":{"allow":["GET"]}}],"collection":[{"href":"https:\/\/www.nosm.ca\/fr\/wp-json\/wp\/v2\/pages"}],"about":[{"href":"https:\/\/www.nosm.ca\/fr\/wp-json\/wp\/v2\/types\/page"}],"author":[{"embeddable":true,"href":"https:\/\/www.nosm.ca\/fr\/wp-json\/wp\/v2\/users\/43"}],"replies":[{"embeddable":true,"href":"https:\/\/www.nosm.ca\/fr\/wp-json\/wp\/v2\/comments?post=55721"}],"version-history":[{"count":20,"href":"https:\/\/www.nosm.ca\/fr\/wp-json\/wp\/v2\/pages\/55721\/revisions"}],"predecessor-version":[{"id":76053,"href":"https:\/\/www.nosm.ca\/fr\/wp-json\/wp\/v2\/pages\/55721\/revisions\/76053"}],"up":[{"embeddable":true,"href":"https:\/\/www.nosm.ca\/fr\/wp-json\/wp\/v2\/pages\/52315"}],"wp:attachment":[{"href":"https:\/\/www.nosm.ca\/fr\/wp-json\/wp\/v2\/media?parent=55721"}],"curies":[{"name":"wp","href":"https:\/\/api.w.org\/{rel}","templated":true}]}}