{"id":55668,"date":"2022-09-29T15:35:37","date_gmt":"2022-09-29T19:35:37","guid":{"rendered":"https:\/\/www.nosm.ca\/?page_id=55668"},"modified":"2026-04-01T10:41:53","modified_gmt":"2026-04-01T14:41:53","slug":"policies-and-procedures","status":"publish","type":"page","link":"https:\/\/www.nosm.ca\/fr\/nosm-university-admissions-learner-recruitment\/ume-program-md-degree-admissions\/policies-and-procedures\/","title":{"rendered":"Politiques et proc\u00e9dures"},"content":{"rendered":"<p><strong>REMARQUE :<\/strong> Les politiques et proc\u00e9dures suivantes sont particuli\u00e8res au programme de formation m\u00e9dicale de premier cycle (FMPC) de l&rsquo;Universit\u00e9 de l&rsquo;EMNO (grade en m\u00e9decine).<\/p>\n<div class='accordion' data-autoclose='true'>\n<div class='accordion-item closed'>\n<h3 class='accordion-title'>Politique d\u2019admission<\/h3>\n<div class='accordion-content'>\n<p>Pour prendre connaissance de la politique d\u2019admission approuv\u00e9e par le S\u00e9nat de l&rsquo;Universit\u00e9 de l&rsquo;EMNO, consultez la <a href=\"https:\/\/www.nosm.ca\/wp-content\/uploads\/2023\/04\/UME-Admissions-Policy-v2024.pdf\">Politique d&rsquo;admission au programme de FMPC<\/a> (en anglais seulement).<\/p>\n<p><strong>Toutes les d\u00e9cisions sont d\u00e9finitives et ne feront l\u2019objet d\u2019aucune r\u00e9vision. Les d\u00e9cisions d\u2019admission ne peuvent faire l\u2019objet d\u2019un appel.<\/strong><\/p>\n<\/div>\n<\/div>\n<div class='accordion-item closed'>\n<h3 class='accordion-title'>Communications par courrier \u00e9lectronique<\/h3>\n<div class='accordion-content'>\n<p>Toutes les communications avec les candidates et candidats sont envoy\u00e9es \u00e0 l\u2019adresse \u00e9lectronique indiqu\u00e9e dans la demande \u00e0 l\u2019OMSAS. Il vous incombe de :<\/p>\n<ul>\n<li>consulter r\u00e9guli\u00e8rement votre compte de courrier \u00e9lectronique tout au long du processus de candidature;<\/li>\n<li>v\u00e9rifier tous les dossiers du courrier \u00e9lectronique, y compris la bo\u00eete de r\u00e9ception et le pourriel;<\/li>\n<li>veiller \u00e0 ce que votre bo\u00eete de r\u00e9ception ait suffisamment d\u2019espace de stockage pour recevoir les messages.<\/li>\n<\/ul>\n<p>L\u2019Universit\u00e9 de l&rsquo;EMNO n\u2019est pas responsable des communications manqu\u00e9es dans les comptes de courrier \u00e9lectronique non surveill\u00e9s ou inaccessibles.<\/p>\n<p><strong>Normes de communications professionnelles<\/strong><\/p>\n<p>Tous les candidats et candidates de fait ou potentiels et les personnes qui d\u00e9sirent obtenir des renseignements sur le programme doivent s\u2019adresser au Bureau des admissions et du recrutement \u00e9tudiant de mani\u00e8re respectueuse.<\/p>\n<p><strong>Canaux appropri\u00e9s de demande de renseignements<\/strong><\/p>\n<p>Toutes les demandes de renseignements concernant l\u2019admission au programme de Formation m\u00e9dicale de premier cycle (FMPC)<strong> doivent \u00eatre adress\u00e9es \u00e0 <\/strong><a href=\"mailto:admissions@nosm.ca\"><strong>admissions@nosm.ca<\/strong><\/a><strong>.<\/strong><\/p>\n<p><strong>Envoyer plusieurs messages \u00e9lectroniques concernant la m\u00eame demande de renseignements et\/ou communiquer avec diverses personnes \u00e0 l\u2019Universit\u00e9 n\u2019acc\u00e9l\u00e9rera pas la r\u00e9ponse et peut m\u00eame provoquer des retards.<\/strong> Afin d\u2019assurer le traitement efficace des demandes de renseignements\u00a0:<\/p>\n<ul>\n<li>\u00c9vitez de communiquer avec plusieurs membres du personnel de l\u2019Universit\u00e9 concernant le m\u00eame sujet;<\/li>\n<li>Respectez les d\u00e9lais de r\u00e9ponse indiqu\u00e9s dans les r\u00e9ponses automatiques;<\/li>\n<li>Laissez \u00e0 l\u2019\u00e9quipe des Admissions suffisamment de temps pour r\u00e9pondre dans les d\u00e9lais \u00e9tablis.<\/li>\n<\/ul>\n<p>Vous, les membres de votre famille, des d\u00e9l\u00e9gu\u00e9s ou des amis ne peuvent pas communiquer avec les dirigeants, les doyens, le registraire, ou des services concernant les questions touchant les admissions. Ce genre de communication constituerait un manque de professionnalisme et ce type de communication sera not\u00e9 et pourrait mettre votre candidature en p\u00e9ril.<\/p>\n<p><strong>Demandes de renseignements de tierces parties<\/strong><\/p>\n<p>Le Bureau des admissions ne r\u00e9pond pas aux demandes de renseignements de tierces parties pr\u00e9sent\u00e9es au nom des candidates ou candidats. Toutes les communications doivent provenir directement de vous et \u00eatre envoy\u00e9es de votre adresse \u00e9lectronique.<\/p>\n<\/div>\n<\/div>\n<div class='accordion-item closed'>\n<h3 class='accordion-title'>Comp\u00e9tences et aptitudes essentielles requises pour entrer dans un programme de grade en m\u00e9decine<\/h3>\n<div class='accordion-content'>\n<h2><\/h2>\n<p>Afin de r\u00e9pondre aux exigences du programme de m\u00e9decine, et \u00e9viter de graves risques pour la sant\u00e9 et la s\u00e9curit\u00e9 des patients, vous devez acqu\u00e9rir un vaste \u00e9ventail de connaissances, comp\u00e9tences et habilet\u00e9s. Vous devrez \u00eatre en mesure de communiquer avec vos patients et vos coll\u00e8gues, de faire des observations sur les patients, de recueillir des renseignements et d\u2019analyser des donn\u00e9es afin de porter des jugements m\u00e9dicaux.<\/p>\n<p>Il est recommand\u00e9 que les candidats et les nouveaux \u00e9tudiants prennent soigneusement connaissance du document <a href=\"https:\/\/cou.ca\/reports\/essential-skills-study-of-medicine\/\" rel=\"noopener noreferrer\">\u00ab Council of Ontario Faculties of Medicine Policy : Essential Skills and Abilities Required for Entry to a Medical Degree Program \u00bb<\/a> (en anglais seulement).<\/p>\n<p>Si vous avez besoin d&rsquo;adaptations pour un handicap document\u00e9 pour les entrevues, vous devez en informer le Bureau des admissions et du recrutement \u00e9tudiant par \u00e9crit \u00e0 <a href=\"mailto:admissions@nosm.ca\">admissions@nosm.ca<\/a> au moins un mois avant la date de la premi\u00e8re entrevue. Il vous mettra en relation avec la conseill\u00e8re en accessibilit\u00e9 au Bureau des services aux \u00e9tudiants pour discuter de votre demande d\u2019adaptation. Vous devez aussi fournir la documentation compl\u00e8te \u00e0 l&rsquo;appui de votre demande.<\/p>\n<p>Si vous avez besoin d\u2019adaptations pour le programme de m\u00e9decine, veuillez \u00e9crire au Bureau des services de soutien \u00e0 la population \u00e9tudiante de l\u2019Universit\u00e9 de l\u2019EMNO \u00e0 <a href=\"mailto:learnersupportservices@nosm.ca\">learnersupportservices@nosm.ca<\/a>.<\/p>\n<p><strong>REMARQUE :\u00a0Toutes les d\u00e9cisions sont finales, ne sont pas revues et ne peuvent pas faire l\u2019objet d\u2019un appel.<\/strong><\/p>\n<\/div>\n<\/div>\n<div class='accordion-item closed'>\n<h3 class='accordion-title'>Falsification des renseignements fournis dans la demande<\/h3>\n<div class='accordion-content'>\n<p>S\u2019il est d\u00e9termin\u00e9 que des renseignements fournis dans la demande sont faux ou trompeurs, ou n\u2019ont pas \u00e9t\u00e9 r\u00e9v\u00e9l\u00e9s, la demande est disqualifi\u00e9e ou, si ces faits sont d\u00e9couverts apr\u00e8s l\u2019envoi de l\u2019offre d\u2019admission, celle-ci est retir\u00e9e. Toute personne qui a commis ces m\u00e9faits n\u2019aura pas le droit de pr\u00e9senter une demande d\u2019admission \u00e0 l\u2019Universit\u00e9 de l\u2019EMNO pendant cinq (5) ans. Les comit\u00e9s des admissions d\u2019autres \u00e9coles de m\u00e9decine seront inform\u00e9s de la nature de l\u2019infraction et du nom de la personne.<\/p>\n<\/div>\n<\/div>\n<div class='accordion-item closed'>\n<h3 class='accordion-title'>Candidatures incompl\u00e8tes<\/h3>\n<div class='accordion-content'>\n<p>Tous les documents doivent \u00eatre transmis par l\u2019entremise de l\u2019OMSAS. L\u2019\u00e9valuation des candidatures repose uniquement sur la documentation transmise \u00e0 l\u2019OMSAS avant la date d\u2019\u00e9ch\u00e9ance. Les addenda ou la documentation suppl\u00e9mentaire envoy\u00e9s directement \u00e0 l&rsquo;Universit\u00e9 de l&rsquo;EMNO ne seront pas pris en compte et seront d\u00e9truits.<\/p>\n<p><strong>Veuillez noter que les \u00e9ch\u00e9ances pour pr\u00e9senter une candidature sont strictement respect\u00e9es.<\/strong> La documentation requise doit parvenir \u00e0 l\u2019OMSAS aux \u00e9ch\u00e9ances indiqu\u00e9es sur son site Web. Si vous ne respectez pas les \u00e9ch\u00e9ances et\/ou les exigences, votre candidature sera disqualifi\u00e9e.<\/p>\n<p><strong>L\u2019Universit\u00e9 de l&rsquo;EMNO ne conserve pas les candidatures pour le cycle de l\u2019ann\u00e9e suivante.<\/strong> Si votre candidature n\u2019est pas retenue, vous devrez la pr\u00e9senter de nouveau par l\u2019entremise de l\u2019OMSAS pour le prochain cycle d\u2019admission.<\/p>\n<\/div>\n<\/div>\n<div class='accordion-item closed'>\n<h3 class='accordion-title'>Admission diff\u00e9r\u00e9e<\/h3>\n<div class='accordion-content'>\n<p>Le programme de FMPC de l&rsquo;Universit\u00e9 de l&rsquo;EMNO n\u2019accepte pas en g\u00e9n\u00e9ral les demandes d&rsquo;admission diff\u00e9r\u00e9es mais peut l\u2019envisager dans des circonstances exceptionnelles. Les demandes doivent \u00eatre envoy\u00e9es au Bureau des admissions qui les transmet pour examen au Comit\u00e9 des reports. Les d\u00e9cisions du comit\u00e9 sont finales et sans appel.<\/p>\n<\/div>\n<\/div>\n<div class='accordion-item closed'>\n<h3 class='accordion-title'>V\u00e9rification du casier judiciaire<\/h3>\n<div class='accordion-content'>\n<p>Vous servirez des populations vuln\u00e9rables tout au long de vos \u00e9tudes de m\u00e9decine. Afin de prot\u00e9ger ces personnes de tout pr\u00e9judice potentiel, le Conseil des facult\u00e9s de m\u00e9decine de l\u2019Ontario et de nombreux organismes cliniques exigent la confirmation que vous n\u2019avez pas eu de condamnation criminelle ou avez des accusations criminelles en cours.<\/p>\n<p>Vous devez obtenir \u00e0 vos frais et pr\u00e9senter un extrait de casier judiciaire, y compris les r\u00e9sultats de la v\u00e9rification de l\u2019habilitation \u00e0 travailler aupr\u00e8s de personnes vuln\u00e9rables (VHPV).<\/p>\n<p>Au d\u00e9but de chaque ann\u00e9e d\u2019\u00e9tudes dans le programme de m\u00e9decine, vous devrez signer un formulaire de confirmation de casier judiciaire et de divulgation pour confirmer qu\u2019aucun renseignement fourni dans l\u2019extrait de casier judiciaire n\u2019a chang\u00e9.<\/p>\n<p>L\u2019offre d\u2019admission est conditionnelle \u00e0 la fourniture de ces v\u00e9rifications. L\u2019Universit\u00e9 de l\u2019EMNO examine tout dossier pr\u00e9sent\u00e9 avec la mention \u00ab Pas clair \u00bb afin de d\u00e9terminer toute mesure \u00e9ventuelle \u00e0 prendre.<\/p>\n<p>Adressez-vous \u00e0 votre service de police local pour savoir comment obtenir un extrait de casier judiciaire avec la v\u00e9rification de l&rsquo;habilitation \u00e0 travailler aupr\u00e8s de personnes vuln\u00e9rables.<\/p>\n<\/div>\n<\/div>\n<div class='accordion-item closed'>\n<h3 class='accordion-title'>Immunisations\/Bilan de sant\u00e9<\/h3>\n<div class='accordion-content'>\n<p>Tous les nouveaux \u00e9tudiants et \u00e9tudiantes doivent remplir le formulaire d&rsquo;immunisation de la premi\u00e8re ann\u00e9e du programme de m\u00e9decine de l&rsquo;Universit\u00e9 de l&rsquo;EMNO. Les exigences de d\u00e9pistage de l&rsquo;Universit\u00e9 de l&rsquo;EMNO sont conformes au protocole de surveillance des maladies transmissibles de l&rsquo;OHA\/OMA pour les h\u00f4pitaux de l&rsquo;Ontario, conform\u00e9ment au r\u00e8glement 965, article 4, de la <em>Loi sur les h\u00f4pitaux publics<\/em>, L.R.O. 1990. Nous vous enverrons plus de d\u00e9tails sur les r\u00e8glements sanitaires dans l&rsquo;offre d&rsquo;admission au programme.<\/p>\n<p>Le d\u00e9faut de r\u00e9pondre \u00e0 ces exigences peut entra\u00eener le refus de l\u2019acc\u00e8s aux milieux cliniques.<\/p>\n<p>Pour obtenir d\u2019autres renseignements, consultez la <a href=\"https:\/\/cou.ca\/reports\/cofm-immunization-policy\/\" rel=\"noopener noreferrer\">politique d\u2019immunisation du Conseil des facult\u00e9s de m\u00e9decine de l\u2019Ontario<\/a> (en anglais seulement).<\/p>\n<\/div>\n<\/div>\n<\/div>\n<p><\/p>","protected":false},"excerpt":{"rendered":"<p>REMARQUE : Les politiques et proc\u00e9dures suivantes sont particuli\u00e8res au programme de formation m\u00e9dicale de premier cycle (FMPC) de l&rsquo;Universit\u00e9 de l&rsquo;EMNO (grade en m\u00e9decine).<\/p>\n","protected":false},"author":43,"featured_media":0,"parent":52134,"menu_order":11,"comment_status":"closed","ping_status":"closed","template":"page-templates\/quick-links-2.php","meta":{"_acf_changed":false,"footnotes":""},"class_list":["post-55668","page","type-page","status-publish","hentry"],"acf":[],"_links":{"self":[{"href":"https:\/\/www.nosm.ca\/fr\/wp-json\/wp\/v2\/pages\/55668","targetHints":{"allow":["GET"]}}],"collection":[{"href":"https:\/\/www.nosm.ca\/fr\/wp-json\/wp\/v2\/pages"}],"about":[{"href":"https:\/\/www.nosm.ca\/fr\/wp-json\/wp\/v2\/types\/page"}],"author":[{"embeddable":true,"href":"https:\/\/www.nosm.ca\/fr\/wp-json\/wp\/v2\/users\/43"}],"replies":[{"embeddable":true,"href":"https:\/\/www.nosm.ca\/fr\/wp-json\/wp\/v2\/comments?post=55668"}],"version-history":[{"count":30,"href":"https:\/\/www.nosm.ca\/fr\/wp-json\/wp\/v2\/pages\/55668\/revisions"}],"predecessor-version":[{"id":83829,"href":"https:\/\/www.nosm.ca\/fr\/wp-json\/wp\/v2\/pages\/55668\/revisions\/83829"}],"up":[{"embeddable":true,"href":"https:\/\/www.nosm.ca\/fr\/wp-json\/wp\/v2\/pages\/52134"}],"wp:attachment":[{"href":"https:\/\/www.nosm.ca\/fr\/wp-json\/wp\/v2\/media?parent=55668"}],"curies":[{"name":"wp","href":"https:\/\/api.w.org\/{rel}","templated":true}]}}