{"id":55662,"date":"2022-09-29T15:15:04","date_gmt":"2022-09-29T19:15:04","guid":{"rendered":"https:\/\/www.nosm.ca\/?page_id=55662"},"modified":"2026-01-14T14:53:17","modified_gmt":"2026-01-14T19:53:17","slug":"information-for-unsuccessful-applicants","status":"publish","type":"page","link":"https:\/\/www.nosm.ca\/fr\/nosm-university-admissions-learner-recruitment\/ume-program-md-degree-admissions\/information-for-unsuccessful-applicants\/","title":{"rendered":"Renseignements pour les personnes non retenus"},"content":{"rendered":"<p>Le processus d\u2019admission au programme de m\u00e9decine de l&rsquo;Universit\u00e9 de l&rsquo;EMNO est exceptionnellement comp\u00e9titif. <strong>Environ 10-15 %<\/strong> des candidates et candidats sont invit\u00e9s \u00e0 une entrevue et moins de 5 % re\u00e7oivent une offre d\u2019admission au programme de m\u00e9decine. Des statistiques sur les classes se trouvent sur la page Web \u00ab Profils des classes \u00bb.<\/p>\n<p>Les renseignements ci-dessous peuvent vous aider \u00e0 \u00e9valuer votre demande d\u2019admission en vue de poser de nouveau votre candidature lors d\u2019un futur cycle. Ils ne sont certainement pas exhaustifs mais seront utiles pour pr\u00e9senter une nouvelle demande d\u2019admission \u00e0 l\u2019Universit\u00e9 de l\u2019EMNO \u00e0 l\u2019avenir.<\/p>\n<div class='accordion' data-autoclose='true'>\n<div class='accordion-item closed'>\n<h3 class='accordion-title'>Votre demande \u00e9tait-elle compl\u00e8te et fournie dans les d\u00e9lais?<\/h3>\n<div class='accordion-content'>\n<h3>Avez-vous pr\u00e9sent\u00e9 toute la documentation requise?<\/h3>\n<ul>\n<li>Des relev\u00e9s de notes officiels sont requis pour chaque coll\u00e8ge, c\u00e9gep, universit\u00e9, coll\u00e8ge pr\u00e9universitaire, \u00e9cole d\u2019\u00e9tudes sup\u00e9rieures ou autre \u00e9tablissement postsecondaire que vous fr\u00e9quentez\/avez fr\u00e9quent\u00e9\/avez quitt\u00e9. Cela inclut les relev\u00e9s de notes des \u00e9tudes effectu\u00e9es avec une lettre de permission, pour un transfert de cr\u00e9dits ou dans un programme d\u2019\u00e9change.<\/li>\n<li>Trois formulaires d\u2019\u00e9valuation confidentielle (FEC) provenant de trois r\u00e9f\u00e9rences.<\/li>\n<li>Si vous avez pr\u00e9sent\u00e9 une demande d\u2019admission dans le :\n<ul>\n<li>Volet des admissions des Autochtones, vous deviez pr\u00e9senter 1) votre lettre personnelle, 2) une lettre de recommandation de votre communaut\u00e9, 3) la preuve de vos origines autochtones et <span data-teams=\"true\">(4) une lettre de confirmation communautaire<\/span>.<\/li>\n<li>Volet des admissions des francophones, vous deviez pr\u00e9senter 1) votre composition en fran\u00e7ais 2) Formulaire de Recommandation Francophone (FRF), <span data-teams=\"true\">qui doit \u00eatre rempli et soumis par un r\u00e9pondant <\/span>et 3) fournir une preuve de ma\u00eetrise du fran\u00e7ais.<\/li>\n<li>Voie d&rsquo;admission des personnes noires, vous deviez pr\u00e9senter : (1) une d\u00e9claration personnelle et (2) une lettre de recommandation.<\/li>\n<\/ul>\n<\/li>\n<\/ul>\n<h3>Avez-vous respect\u00e9 toutes les \u00e9ch\u00e9ances clairement indiqu\u00e9es dans la brochure de l\u2019OMSAS?<\/h3>\n<p>Les candidatures et tous les documents requis devaient \u00eatre remis \u00e0 l\u2019OMSAS d\u2019ici <strong><a href=\"https:\/\/www.ouac.on.ca\/guide\/omsas-dates\/\" target=\"_blank\" rel=\"noopener\">la date limite de d\u00e9p\u00f4t des candidatures.<\/a><\/strong><\/p>\n<p>Dans votre compte de l\u2019OMSAS, vous pouvez suivre la r\u00e9ception des documents au fil du processus de candidature et voir ainsi s\u2019ils sont arriv\u00e9s dans les d\u00e9lais.<\/p>\n<p>Voici les trois principaux documents qui manquent le plus souvent dans un dossier de candidature :<\/p>\n<ol>\n<li><strong>Relev\u00e9s de notes<\/strong> d\u00e9livr\u00e9s par un coll\u00e8ge, un c\u00e9gep, une universit\u00e9, un coll\u00e8ge pr\u00e9universitaire, une \u00e9cole d\u2019\u00e9tudes sup\u00e9rieures ou un autre \u00e9tablissement postsecondaire que vous fr\u00e9quentez\/avez fr\u00e9quent\u00e9\/avez quitt\u00e9. Cela inclut les relev\u00e9s de notes des \u00e9tudes effectu\u00e9es avec une lettre de permission, pour un transfert de cr\u00e9dits ou dans un programme d\u2019\u00e9change.<\/li>\n<li><strong>\u00c9valuation des relev\u00e9s de notes \u00e9trangers par les WES<\/strong><br \/>\nLes personnes qui pr\u00e9sentent des relev\u00e9s de notes d\u2019\u00e9tudes postsecondaires effectu\u00e9es dans des universit\u00e9s en dehors du Canada ou des \u00c9tats-Unis doivent les faire \u00e9valuer par les World Education Services (WES)<\/li>\n<li><strong>Formulaires d\u2019\u00e9valuation confidentielle (FEC)<\/strong><br \/>\nN\u2019oubliez pas d\u2019assurer le suivi aupr\u00e8s de vos r\u00e9f\u00e9rences afin de v\u00e9rifier qu\u2019elles ont pr\u00e9sent\u00e9 toute la documentation requise dans le d\u00e9lai imparti.<\/li>\n<\/ol>\n<p>Si vous n\u2019avez pas pr\u00e9sent\u00e9 toute la documentation requise avant l\u2019\u00e9ch\u00e9ance indiqu\u00e9e dans la brochure de l\u2019OMSAS, votre candidature a \u00e9t\u00e9 consid\u00e9r\u00e9e incompl\u00e8te et par cons\u00e9quent disqualifi\u00e9e.<\/p>\n<\/div>\n<\/div>\n<div class='accordion-item closed'>\n<h3 class='accordion-title'>Avez-vous r\u00e9pondu aux crit\u00e8res minimum d\u2019admission?<\/h3>\n<div class='accordion-content'>\n<ul>\n<li>Avez-vous obtenu un baccalaur\u00e9at sp\u00e9cialis\u00e9 (programme de quatre ans)?<\/li>\n<li>Aviez-vous la citoyennet\u00e9 canadienne ou le statut de r\u00e9sident permanent (immigrant re\u00e7u) au moment de la candidature?<\/li>\n<li>Aviez-vous la MPC minimale de 3,0 sur 4,0 calcul\u00e9e en utilisant toutes les notes des cours de premier cycle termin\u00e9s au moment de l\u2019envoi de la candidature \u00e0 l\u2019OMSAS?<\/li>\n<\/ul>\n<p>Si vous n\u2019avez pas r\u00e9pondu \u00e0 l\u2019une des exigences ci-dessus, votre candidature a \u00e9t\u00e9 disqualifi\u00e9e.<\/p>\n<\/div>\n<\/div>\n<div class='accordion-item closed'>\n<h3 class='accordion-title'>Votre candidature \u00e9tait-elle concurrentielle?<\/h3>\n<div class='accordion-content'>\n<p>Comme dans toutes les autres \u00e9coles de m\u00e9decine canadiennes, l\u2019admission \u00e0 l&rsquo;Universit\u00e9 de l&rsquo;EMNO est un processus tr\u00e8s comp\u00e9titif. Il est important de se souvenir que de nombreuses personnes qualifi\u00e9es ne sont pas invit\u00e9es \u00e0 une entrevue simplement \u00e0 cause de la nature comp\u00e9titive du processus.<\/p>\n<p>La s\u00e9lection des candidatures pour une invitation \u00e0 une entrevue repose sur deux points qui ont \u00e0 peu pr\u00e8s le m\u00eame poids :<\/p>\n<ul>\n<li>MPC au premier cycle (moyenne pond\u00e9r\u00e9e cumulative)<\/li>\n<li>Note de contexte<\/li>\n<\/ul>\n<p>En g\u00e9n\u00e9ral, les personnes qui ont des r\u00e9sultats concurrentiels dans les deux domaines sont invit\u00e9es \u00e0 une entrevue. Si vous n\u2019avez pas re\u00e7u d\u2019invitation, il est fort probable que vous n\u2019aviez pas de r\u00e9sultats concurrentiels dans un domaine ou plus, m\u00eame si vous r\u00e9pondiez aux crit\u00e8res d\u2019admission.<\/p>\n<hr \/>\n<h3>1. Quelle \u00e9tait votre MPC?<\/h3>\n<p>Aviez-vous la MPC minimum de 3,0? Si non, votre candidature a \u00e9t\u00e9 disqualifi\u00e9e. M\u00eame si la r\u00e9ponse \u00e0 cette exigence minimum fait que votre candidature peut \u00eatre prise en consid\u00e9ration, il est important d\u2019avoir un dossier concurrentiel par rapport au groupe de candidats. Une MPC \u00e9lev\u00e9e donne une meilleure chance d\u2019admission.<\/p>\n<p><strong>Faits \u00e0 consid\u00e9rer concernant le calcul de la MPC :<\/strong><\/p>\n<p>L\u2019OMSAS convertit les notes en utilisant une \u00e9chelle de 4,0 fond\u00e9e sur son tableau de conversion des notes.<\/p>\n<p>La MPC qui figure dans la candidature \u00e0 l\u2019OMSAS n\u2019est pas n\u00e9cessairement celle que l&rsquo;Universit\u00e9 de l&rsquo;EMNO utilise. L\u2019Universit\u00e9 de l\u2019EMNO calcule la MPC en utilisant toutes les notes des cours de premier cycle termin\u00e9s \u00e0 l\u2019\u00e9ch\u00e9ance pour pr\u00e9senter sa candidature \u00e0 l\u2019OMSAS.<\/p>\n<p>Les notes des cours de la derni\u00e8re ann\u00e9e qui n\u2019\u00e9taient pas termin\u00e9s au moment de la pr\u00e9sentation de la candidature ne sont pas incluses dans la MPC. Si vous pr\u00e9sentez de nouveau votre candidature \u00e0 l\u2019avenir, les notes des cours termin\u00e9s seront incluses dans votre MPC.<\/p>\n<p>Nous n\u2019arrondissons pas les chiffres dans nos calculs. Par cons\u00e9quent si votre MPC \u00e9tait de 2,98, votre candidature a \u00e9t\u00e9 disqualifi\u00e9e.<\/p>\n<p><strong>Grades des cycles sup\u00e9rieurs :<\/strong> Apr\u00e8s le premier calcul de la MPC visant \u00e0 assurer la conformit\u00e9 avec le seuil minimum de 3,0, un grade des cycles sup\u00e9rieurs apporte 0,2 point suppl\u00e9mentaire \u00e0 la MPC du premier cycle. Par exemple, si votre MPC du premier cycle est de 3,3 et que vous avez un grade des cycles sup\u00e9rieurs, votre MPC finale prise en consid\u00e9ration sera de 3,5. Votre grade des cycles sup\u00e9rieurs doit avoir \u00e9t\u00e9 conf\u00e9r\u00e9 et l&rsquo;OMSAS doit recevoir votre relev\u00e9 de notes finales indiquant l\u2019obtention du grade d\u2019ici au 1er janvier de l\u2019ann\u00e9e potentielle d\u2019inscription pour que l\u2019ajout de 2,0 soit consid\u00e9r\u00e9.<\/p>\n<hr \/>\n<h3>2. Note du contexte<\/h3>\n<p>L\u2019Universit\u00e9 de l\u2019EMNO a le mandat d\u2019admettre une classe qui refl\u00e8te la d\u00e9mographie du Nord de l&rsquo;Ontario. Par cons\u00e9quent, elle tient \u00e0 recruter des Autochtones et des francophones ainsi que des personnes qui souhaitent beaucoup vivre et travailler dans le Nord de l&rsquo;Ontario ou dans des r\u00e9gions rurales ou \u00e9loign\u00e9es dans le reste du Canada. Une fa\u00e7on de le faire est d\u2019attribuer une note de contexte \u00e0 chaque candidature.<\/p>\n<p>L\u2019Universit\u00e9 de l\u2019EMNO n\u2019a pas d\u2019exigences concernant le lieu de r\u00e9sidence mais un algorithme pour calculer les notes de contexte. Cet algorithme n&rsquo;est pas public.<\/p>\n<\/div>\n<\/div>\n<div class='accordion-item closed'>\n<h3 class='accordion-title'>Demandes fond\u00e9es sur des circonstances exceptionnelles ou un handicap<\/h3>\n<div class='accordion-content'>\n<p>Pour que les demandes fond\u00e9es sur des circonstances exceptionnelles ou un handicap soient prises en compte, il faut r\u00e9pondre aux exigences minimales d\u2019un grade universitaire de premier cycle couronnant un programme de quatre ans, ou l\u2019\u00e9quivalent, d\u00e9cern\u00e9 par un \u00e9tablissement reconnu dans quelque discipline que ce soit. Si une demande ne r\u00e9pond pas \u00e0 cette exigence minimale, elle ne sera pas \u00e9valu\u00e9e. Il n\u2019y a aucune latitude \u00e0 cet \u00e9gard .Les demandes fond\u00e9es sur des circonstances exceptionnelles ou un handicap d\u00e9pos\u00e9es apr\u00e8s la date limite ne seront pas prises en compte.<\/p>\n<p>Le Bureau des admissions examine toutes les demandes fond\u00e9es sur des circonstances exceptionnelles ou un handicap qui sont d\u00e9pos\u00e9es avant la date limite et r\u00e9pondent \u00e0 l\u2019exigence minimale d\u2019un grade universitaire couronnant un programme de quatre ans, ou l\u2019\u00e9quivalent, d\u00e9cern\u00e9 par un \u00e9tablissement reconnu. Le Bureau a toute discr\u00e9tion pour d\u00e9terminer si des adaptations seront apport\u00e9es et dans quelle mesure. Toutes les d\u00e9cisions sont finales.<\/p>\n<\/div>\n<\/div>\n<\/div>\n<p>Finalement, le processus de demande d\u2019admission \u00e0 l\u2019Universit\u00e9 de l\u2019EMNO est hautement comp\u00e9titif. Le fait de ne pas recevoir d\u2019invitation \u00e0 une entrevue, m\u00eame si vous r\u00e9pondez \u00e0 nos crit\u00e8res minimum d\u2019admission, signifie simplement que votre candidature n\u2019\u00e9tait pas aussi concurrentielle que les autres.<\/p>\n<p><strong>Toutes les d\u00e9cisions sont finales, ne sont pas revues et ne peuvent pas faire l\u2019objet d\u2019un appel.<\/strong><\/p>\n<hr \/>\n<p><\/p>","protected":false},"excerpt":{"rendered":"<p>Le processus d\u2019admission au programme de m\u00e9decine de l&rsquo;Universit\u00e9 de l&rsquo;EMNO est exceptionnellement comp\u00e9titif. Environ 10-15 % des candidates et candidats sont invit\u00e9s \u00e0 une entrevue et moins de 5 % re\u00e7oivent une offre d\u2019admission au programme de m\u00e9decine. Des statistiques sur les classes se trouvent sur la page Web \u00ab Profils des classes \u00bb. &hellip; <a href=\"https:\/\/www.nosm.ca\/fr\/nosm-university-admissions-learner-recruitment\/ume-program-md-degree-admissions\/information-for-unsuccessful-applicants\/\" class=\"more-link\">Continue reading <span class=\"screen-reader-text\">Renseignements pour les personnes non retenus<\/span> <span class=\"meta-nav\">&rarr;<\/span><\/a><\/p>\n","protected":false},"author":43,"featured_media":0,"parent":52134,"menu_order":8,"comment_status":"closed","ping_status":"closed","template":"page-templates\/quick-links-2.php","meta":{"_acf_changed":false,"footnotes":""},"class_list":["post-55662","page","type-page","status-publish","hentry"],"acf":[],"_links":{"self":[{"href":"https:\/\/www.nosm.ca\/fr\/wp-json\/wp\/v2\/pages\/55662","targetHints":{"allow":["GET"]}}],"collection":[{"href":"https:\/\/www.nosm.ca\/fr\/wp-json\/wp\/v2\/pages"}],"about":[{"href":"https:\/\/www.nosm.ca\/fr\/wp-json\/wp\/v2\/types\/page"}],"author":[{"embeddable":true,"href":"https:\/\/www.nosm.ca\/fr\/wp-json\/wp\/v2\/users\/43"}],"replies":[{"embeddable":true,"href":"https:\/\/www.nosm.ca\/fr\/wp-json\/wp\/v2\/comments?post=55662"}],"version-history":[{"count":35,"href":"https:\/\/www.nosm.ca\/fr\/wp-json\/wp\/v2\/pages\/55662\/revisions"}],"predecessor-version":[{"id":82341,"href":"https:\/\/www.nosm.ca\/fr\/wp-json\/wp\/v2\/pages\/55662\/revisions\/82341"}],"up":[{"embeddable":true,"href":"https:\/\/www.nosm.ca\/fr\/wp-json\/wp\/v2\/pages\/52134"}],"wp:attachment":[{"href":"https:\/\/www.nosm.ca\/fr\/wp-json\/wp\/v2\/media?parent=55662"}],"curies":[{"name":"wp","href":"https:\/\/api.w.org\/{rel}","templated":true}]}}