{"id":55635,"date":"2022-09-29T14:26:38","date_gmt":"2022-09-29T18:26:38","guid":{"rendered":"https:\/\/www.nosm.ca\/?page_id=55635"},"modified":"2025-09-03T11:44:17","modified_gmt":"2025-09-03T15:44:17","slug":"francophone-admission-stream","status":"publish","type":"page","link":"https:\/\/www.nosm.ca\/fr\/nosm-university-admissions-learner-recruitment\/ume-program-md-degree-admissions\/admission-streams\/francophone-admission-stream\/","title":{"rendered":"Volet des admissions des francophones"},"content":{"rendered":"<p><strong>Les candidatures pr\u00e9sent\u00e9es dans le volet des admissions des francophones doivent r\u00e9pondre aux crit\u00e8res d\u2019admission et de candidature indiqu\u00e9es sur <a href=\"https:\/\/www.nosm.ca\/nosm-university-admissions-learner-recruitment\/ume-program-md-degree-admissions\/application-information-requirements\/\">la page des Renseignements sur les demandes et crit\u00e8res d\u2019admission<\/a><\/strong>\u00a0<strong>et contenir toute la documentation requise pour \u00eatre prises en consid\u00e9ration.<\/strong><\/p>\n<p>Les personnes qui postulent par le biais du Volet des admissions des francophones sont tenues de s&rsquo;inscrire \u00e0 la Voie vers la m\u00e9decine en fran\u00e7ais, initiative curriculaire int\u00e9gr\u00e9e tout au long de leurs quatre ann\u00e9es d&rsquo;\u00e9tudes s&rsquo;ils sont admis au programme de FMPC. Ces activit\u00e9s peuvent inclure, entre autres, des stages cliniques et des s\u00e9ances structur\u00e9es d\u2019acquisition de comp\u00e9tences cliniques. La Voie vers la m\u00e9decine en fran\u00e7ais est contingent\u00e9e. La candidature des personnes non admises dans ce programme sera consid\u00e9r\u00e9e dans le volet g\u00e9n\u00e9ral.<\/p>\n<p><strong>** IMPORTANT :<\/strong>\u00a0Les bureaux des Affaires francophones et des Admissions et du recrutement \u00e9tudiant offriront<strong>\u00a0une s\u00e9ance virtuelle d\u2019information sur la Voie vers la m\u00e9decine en fran\u00e7ais (en fran\u00e7ais seulement)<\/strong>\u00a0pour les personnes qui pr\u00e9voient pr\u00e9senter une demande d\u2019admission \u00e0 l\u2019Universit\u00e9 de l\u2019EMNO dans le Volet des admissions des francophones. Visitez <a href=\"https:\/\/www.nosm.ca\/nosm-university-admissions-learner-recruitment\/ume-program-md-degree-admissions\/ume-program-admissions-information-sessions\/\"><strong>la page Web \u00ab S\u00e9ances d\u2019information \u00bb<\/strong><\/a>\u00a0pour\u00a0savoir comment participer \u00e0 la s\u00e9ance virtuelle.<\/p>\n<p>Les personnes qui se d\u00e9finissent comme francophones peuvent choisir une de ces deux options :<\/p>\n<p><strong>1.<\/strong> Se d\u00e9finir comme francophones et poser leur candidature dans le volet g\u00e9n\u00e9ral des admissions<strong> seulement<\/strong>, ou<br \/>\n<strong>2.<\/strong> Poser leur candidature dans le volet des admissions des francophones.<\/p>\n<p>Le Sous-comit\u00e9 des admissions des francophones examine les documents exig\u00e9s dans le volet de toutes les personnes qui y posent leur candidature, r\u00e9pondent aux crit\u00e8res minimum et fournissent toute la documentation requise. Les candidatures examin\u00e9es par ce sous-comit\u00e9 peuvent obtenir une note de contexte plus \u00e9lev\u00e9e.<\/p>\n<p>Si vous ne r\u00e9pondez pas aux crit\u00e8res ou ne pr\u00e9sentez pas toute la documentation requise pour appuyer votre demande d\u2019admission dans le volet des admissions des francophones, votre dossier sera examin\u00e9 dans le volet g\u00e9n\u00e9ral.<\/p>\n<p>&nbsp;<\/p>\n<h2>Crit\u00e8res d\u2019admission dans le Volet des admissions des francophones<\/h2>\n<hr \/>\n<p>Si vous pr\u00e9sentez votre candidature dans le Volet des admissions des francophones, vous devez r\u00e9pondre \u00e0 la d\u00e9finition suivante :<\/p>\n<ul>\n<li>Vous poss\u00e9dez des liens \u00e9troits avec la communaut\u00e9 francophone;<\/li>\n<li>Vous souhaitez servir la population francophone dans sa langue maternelle;<\/li>\n<li>Vous avez obtenu un dipl\u00f4me d\u2019une \u00e9cole secondaire de langue fran\u00e7aise\u00a0 \u00a0ou d\u2019un programme postsecondaire en fran\u00e7ais ou utilisez le fran\u00e7ais dans vos activit\u00e9s quotidiennes.<\/li>\n<\/ul>\n<p>Pour pr\u00e9senter une demande dans le Volet des admissions des francophones, il faut fournir la documentation suivante :<\/p>\n<div class='accordion' data-autoclose='true'>\n<div class='accordion-item closed'>\n<h3 class='accordion-title'>Composition<\/h3>\n<div class='accordion-content'>\n<p>Vous devez pr\u00e9senter une composition en fran\u00e7ais sur le sujet suivant :<\/p>\n<p>En plus de sa responsabilit\u00e9 sociale, l\u2019Universit\u00e9 de l\u2019EMNO se fait un devoir de former des m\u00e9decins comp\u00e9tents en mesure de r\u00e9pondre aux besoins des diverses populations du Nord de l\u2019Ontario, y compris les francophones. Votre candidature \u00e0 titre d\u2019\u00e9tudiante ou d\u2019\u00e9tudiant francophone \u00e0 l\u2019Universit\u00e9 de l\u2019EMNO est une d\u00e9claration de votre engagement \u00e0 servir les populations francophones.<\/p>\n<p><strong>En 500 mots au maximum<\/strong>, expliquez ce que signifierait pour vous le fait d\u2019exercer en tant que m\u00e9decin francophone. De plus, indiquez comment vous manifestez actuellement votre engagement envers la communaut\u00e9 francophone et comment vous envisagez de remplir le mandat de l\u2019Universit\u00e9 de l\u2019EMNO lorsque vous serez m\u00e9decin.<\/p>\n<p><strong>Ces documents doivent \u00eatre t\u00e9l\u00e9charg\u00e9s dans le site de l\u2019OMSAS au moyen de la Messagerie s\u00e9curis\u00e9e pour les candidates et candidats (\u00ab SAM \u00bb) avant la <a href=\"https:\/\/www.ouac.on.ca\/fr\/guide\/omsas-dates\/\">date limite de d\u00e9p\u00f4t des candidatures<\/a>.\u00a0<\/strong><\/p>\n<\/div>\n<\/div>\n<div class='accordion-item closed'>\n<h3 class='accordion-title'>Formulaire de Recommandation Francophone (FRF)<\/h3>\n<div class='accordion-content'>\n<p>Les candidats doivent demander \u00e0 une (1) personne de fournir une recommandation en leur nom en remplissant un Formulaire de Recommandation Francophone (FRF) (retrouv\u00e9 dans la section \u00ab Referees \u00bb de la demande d\u2019OMSAS). Ils doivent choisir un r\u00e9pondant qui les conna\u00eet personnellement de mani\u00e8re approfondie et qui est en mesure de faire des d\u00e9clarations concernant leur :<\/p>\n<ul>\n<li>caract\u00e8re,<\/li>\n<li>qualit\u00e9s personnelles,<\/li>\n<li>comp\u00e9tences acad\u00e9miques, et<\/li>\n<li>circonstances particuli\u00e8res, le cas \u00e9ch\u00e9ant.<\/li>\n<\/ul>\n<p>Et r\u00e9pondre aux questions suivantes :<\/p>\n<ul>\n<li>Quelle est votre relation avec la candidate ou le candidat?<\/li>\n<li>\u00c0 quel titre connaissez-vous la candidate ou le candidat?<\/li>\n<li>Depuis combien d\u2019ann\u00e9es connaissez-vous la candidate ou le candidat?<\/li>\n<li>D\u00e9crivez l\u2019activit\u00e9 ou les activit\u00e9s qui appuient les liens et l\u2019engagement de la candidate ou du candidat avec la communaut\u00e9 francophone. La lettre doit aussi donner des d\u00e9tails tels que la nature de l\u2019activit\u00e9, la fr\u00e9quence (quotidienne, hebdomadaire, etc.), ainsi que la dur\u00e9e de cette ou ces activit\u00e9s<\/li>\n<\/ul>\n<p>Le FRF est uniquement disponible en fran\u00e7ais et doit \u00eatre compl\u00e9t\u00e9 en fran\u00e7ais. Le FRF se retrouve dans la section \u00ab Referees \u00bb de la demande d\u2019OMSAS.<\/p>\n<p>Il incombe \u00e0 la candidate ou au candidat de s\u2019assurer que l\u2019OMSAS re\u00e7oit son FRF avant la date limite de d\u00e9p\u00f4t des candidatures. Nous conseillons donc aux candidates et candidats de confirmer la soumission avec leur r\u00e9pondant avant cette date limite.<\/p>\n<\/div>\n<\/div>\n<div class='accordion-item closed'>\n<h3 class='accordion-title'>Comp\u00e9tence linguistique en fran\u00e7ais<\/h3>\n<div class='accordion-content'>\n<p>Si vous posez votre candidature dans le Volet des admissions des francophones, vous devez prouver que vous ma\u00eetrisez le fran\u00e7ais en fournissant un des documents indiqu\u00e9s aux points ci-bas :<\/p>\n<ol style=\"list-style-type: lower-alpha;\">\n<li>Preuve d\u2019obtention d\u2019un grade postsecondaire en fran\u00e7ais dont un minimum de 10 cours complets ont \u00e9t\u00e9 livr\u00e9s en fran\u00e7ais <strong>au cours des cinq ann\u00e9es avant la <a href=\"https:\/\/www.ouac.on.ca\/fr\/guide\/omsas-dates\/\">date limite de d\u00e9p\u00f4t des candidatures<\/a><br \/>\n<\/strong><strong>OU<\/strong><\/li>\n<li>Copie d\u2019un des certificats ci-dessous obtenu <strong>au cours des cinq ann\u00e9es avant la <a href=\"https:\/\/www.ouac.on.ca\/fr\/guide\/omsas-dates\/\">date limite de d\u00e9p\u00f4t des candidatures<\/a><\/strong> :\n<ul style=\"list-style-type: disc;\">\n<li>Certificat de niveau C du gouvernement f\u00e9d\u00e9ral canadien<\/li>\n<li>Dipl\u00f4me DELF \u2013 Niveau B2 ou sup\u00e9rieur<\/li>\n<li>Dipl\u00f4me DALF \u2013 Niveau C1 ou C2<\/li>\n<li>TEF \u2013 Niveau B2 ou sup\u00e9rieur<\/li>\n<\/ul>\n<\/li>\n<\/ol>\n<p><strong>Cette documentation doit \u00eatre t\u00e9l\u00e9charg\u00e9e dans la Messagerie s\u00e9curis\u00e9e pour candidates et candidats (SAM) avant la<\/strong><a href=\"https:\/\/www.ouac.on.ca\/fr\/guide\/omsas-dates\/\"> date limite de d\u00e9p\u00f4t des candidatures<\/a>.<\/p>\n<p>Si vous n\u2019avez pas suivi de programme de grade postsecondaire en fran\u00e7ais (option a) ou ne poss\u00e8dez pas un des certificats indiqu\u00e9s ci-dessus (option b), vous devrez passer, \u00e0 vos frais, un examen de comp\u00e9tence linguistique en fran\u00e7ais (oral seulement) \u00e0 l\u2019un des centres d\u2019examen indiqu\u00e9s ci-dessous. Communiquez directement avec ces centres pour obtenir des renseignements :<\/p>\n<div class=\"textLayer\"><strong><span id=\"page3R_mcid28\" class=\"markedContent\"><span dir=\"ltr\" role=\"presentation\">Nipissing Language Training Cent<\/span><span dir=\"ltr\" role=\"presentation\">re<\/span><\/span><\/strong><span id=\"page3R_mcid29\" class=\"markedContent\"><br role=\"presentation\" \/><span dir=\"ltr\" role=\"presentation\">North Bay, ON<\/span><\/span><span id=\"page3R_mcid30\" class=\"markedContent\"><br role=\"presentation\" \/><span dir=\"ltr\" role=\"presentation\">T<\/span><span dir=\"ltr\" role=\"presentation\">el.: 705.497.4293<\/span><\/span><span id=\"page3R_mcid31\" class=\"markedContent\"><br role=\"presentation\" \/><\/span><a href=\"mailto:glafond.nltc@gmail.com\"><span id=\"page3R_mcid32\" class=\"markedContent\"><span dir=\"ltr\" role=\"presentation\">glafond.nltc@gmail.com<\/span><\/span><\/a><span id=\"page3R_mcid33\" class=\"markedContent\"><\/span><span id=\"page3R_mcid34\" class=\"markedContent\"><\/span><span id=\"page3R_mcid35\" class=\"markedContent\"><\/span><\/div>\n<div class=\"annotationLayer\" data-main-rotation=\"0\"><\/div>\n<p><strong>Coll\u00e8ge Bor\u00e9al \u2013 ELAM Niveau B2 ou sup\u00e9rieur<\/strong><br \/>\n705-560-6673, poste 2808<br \/>\n<a href=\"mailto:fc@collegeboreal.ca\">fc@collegeboreal.ca<\/a><\/p>\n<p><strong>Le certificat doit \u00eatre obtenu et t\u00e9l\u00e9charg\u00e9 dans la Messagerie s\u00e9curis\u00e9e pour candidates et candidats (SAM) avant la<\/strong> <a href=\"https:\/\/www.ouac.on.ca\/fr\/guide\/omsas-dates\/\">date limite de d\u00e9p\u00f4t des candidatures<\/a>.<\/p>\n<\/div>\n<\/div>\n<\/div>\n<p>&nbsp;<\/p>\n<h2>Exigences pour les personnes admises dans le Volet des admissions des francophones<\/h2>\n<hr \/>\n<p>Si vous pr\u00e9sentez votre candidature dans le volet des admissions des francophones et recevez une offre d\u2019admission \u00e0 la Voie vers la m\u00e9decine en fran\u00e7ais, vous devrez :<\/p>\n<ul>\n<li>vous inscrire aux cours de ce programme offerts dans les quatre ann\u00e9es du programme et r\u00e9pondre \u00e0 toutes les exigences, entre autres et sans s\u2019y limiter, effectuer des stages cliniques, des s\u00e9ances de terminologie m\u00e9dicale, des s\u00e9ances d\u2019apprentissage en groupe et des s\u00e9ances d\u2019aptitudes cliniques en fran\u00e7ais.<\/li>\n<li>classer des communaut\u00e9s francophones alli\u00e9es \u00e0 l\u2019Universit\u00e9 de l\u2019EMNO dans le processus de s\u00e9lection des lieux de stages int\u00e9gr\u00e9s en milieu communautaire qui ont lieu en premi\u00e8re et deuxi\u00e8me ann\u00e9e et dans le cadre de l\u2019externat polyvalent communautaire effectu\u00e9 dans la troisi\u00e8me ann\u00e9e.<\/li>\n<li>participer \u00e0 diverses activit\u00e9s d\u2019apprentissage visant \u00e0 am\u00e9liorer vos comp\u00e9tences cliniques et en communication ainsi que votre capacit\u00e9 de fournir des services de sant\u00e9 en fran\u00e7ais respectueux de la langue et de la culture.<\/li>\n<\/ul>\n<p><strong>La Voie vers la m\u00e9decine en fran\u00e7ais (VMF) est un programme contingent\u00e9.<\/strong><\/p>\n<p>La r\u00e9ussite dans la Voie vers la m\u00e9decine en fran\u00e7ais (VMF) sera soulign\u00e9e lors de l\u2019obtention du grade.<\/p>\n<p><strong>Remarque :<\/strong> En g\u00e9n\u00e9ral, la langue d\u2019enseignement est l\u2019anglais, mais certaines composantes touchant la Voie vers la m\u00e9decine en fran\u00e7ais (VMF) et d\u2019autres initiatives parascolaires seront offertes en fran\u00e7ais.<\/p>\n<hr \/>\n<p>Des renseignements sur les soutiens et des ressources pour la population \u00e9tudiante francophone se trouvent sur la <a href=\"https:\/\/nosm.ca\/our-community\/francophone-engagement\/\" target=\"_blank\" rel=\"noopener\">page Web de la formation m\u00e9dicale des francophones<\/a>.<\/p>","protected":false},"excerpt":{"rendered":"<p>Les candidatures pr\u00e9sent\u00e9es dans le volet des admissions des francophones doivent r\u00e9pondre aux crit\u00e8res d\u2019admission et de candidature indiqu\u00e9es sur la page des Renseignements sur les demandes et crit\u00e8res d\u2019admission\u00a0et contenir toute la documentation requise pour \u00eatre prises en consid\u00e9ration. Les personnes qui postulent par le biais du Volet des admissions des francophones sont tenues &hellip; <a href=\"https:\/\/www.nosm.ca\/fr\/nosm-university-admissions-learner-recruitment\/ume-program-md-degree-admissions\/admission-streams\/francophone-admission-stream\/\" class=\"more-link\">Continue reading <span class=\"screen-reader-text\">Volet des admissions des francophones<\/span> <span class=\"meta-nav\">&rarr;<\/span><\/a><\/p>\n","protected":false},"author":43,"featured_media":0,"parent":52206,"menu_order":3,"comment_status":"closed","ping_status":"closed","template":"page-templates\/quick-links-2.php","meta":{"_acf_changed":false,"footnotes":""},"class_list":["post-55635","page","type-page","status-publish","hentry"],"acf":[],"_links":{"self":[{"href":"https:\/\/www.nosm.ca\/fr\/wp-json\/wp\/v2\/pages\/55635","targetHints":{"allow":["GET"]}}],"collection":[{"href":"https:\/\/www.nosm.ca\/fr\/wp-json\/wp\/v2\/pages"}],"about":[{"href":"https:\/\/www.nosm.ca\/fr\/wp-json\/wp\/v2\/types\/page"}],"author":[{"embeddable":true,"href":"https:\/\/www.nosm.ca\/fr\/wp-json\/wp\/v2\/users\/43"}],"replies":[{"embeddable":true,"href":"https:\/\/www.nosm.ca\/fr\/wp-json\/wp\/v2\/comments?post=55635"}],"version-history":[{"count":53,"href":"https:\/\/www.nosm.ca\/fr\/wp-json\/wp\/v2\/pages\/55635\/revisions"}],"predecessor-version":[{"id":80338,"href":"https:\/\/www.nosm.ca\/fr\/wp-json\/wp\/v2\/pages\/55635\/revisions\/80338"}],"up":[{"embeddable":true,"href":"https:\/\/www.nosm.ca\/fr\/wp-json\/wp\/v2\/pages\/52206"}],"wp:attachment":[{"href":"https:\/\/www.nosm.ca\/fr\/wp-json\/wp\/v2\/media?parent=55635"}],"curies":[{"name":"wp","href":"https:\/\/api.w.org\/{rel}","templated":true}]}}