{"id":55623,"date":"2022-09-29T14:18:45","date_gmt":"2022-09-29T18:18:45","guid":{"rendered":"https:\/\/www.nosm.ca\/?page_id=55623"},"modified":"2025-06-13T11:46:00","modified_gmt":"2025-06-13T15:46:00","slug":"military-medical-training-program-mmtp-stream","status":"publish","type":"page","link":"https:\/\/www.nosm.ca\/fr\/nosm-university-admissions-learner-recruitment\/ume-program-md-degree-admissions\/admission-streams\/military-medical-training-program-mmtp-stream\/","title":{"rendered":"Programme militaire d\u2019\u00e9tudes de m\u00e9decine (PMEM)"},"content":{"rendered":"<p><strong>REMARQUE IMPORTANTE :<\/strong> L\u2019Universit\u00e9 de l&rsquo;EMNO n\u2019accepte<strong> pas<\/strong> de candidatures dans le cadre du PMEM pour le moment. Les membres des Forces arm\u00e9es canadiennes (FAC) d\u00e9sireux de pr\u00e9senter leur candidature \u00e0 l&rsquo;Universit\u00e9 de l&rsquo;EMNO sont invit\u00e9s \u00e0 le faire dans <strong>le volet g\u00e9n\u00e9ral, ou dans celui des admissions des francophones,\u00a0 des Autochtones, ou des personnes noires.<\/strong><\/p>","protected":false},"excerpt":{"rendered":"<p>REMARQUE IMPORTANTE : L\u2019Universit\u00e9 de l&rsquo;EMNO n\u2019accepte pas de candidatures dans le cadre du PMEM pour le moment. Les membres des Forces arm\u00e9es canadiennes (FAC) d\u00e9sireux de pr\u00e9senter leur candidature \u00e0 l&rsquo;Universit\u00e9 de l&rsquo;EMNO sont invit\u00e9s \u00e0 le faire dans le volet g\u00e9n\u00e9ral, ou dans celui des admissions des francophones,\u00a0 des Autochtones, ou des personnes &hellip; <a href=\"https:\/\/www.nosm.ca\/fr\/nosm-university-admissions-learner-recruitment\/ume-program-md-degree-admissions\/admission-streams\/military-medical-training-program-mmtp-stream\/\" class=\"more-link\">Continue reading <span class=\"screen-reader-text\">Programme militaire d\u2019\u00e9tudes de m\u00e9decine (PMEM)<\/span> <span class=\"meta-nav\">&rarr;<\/span><\/a><\/p>\n","protected":false},"author":43,"featured_media":0,"parent":52206,"menu_order":5,"comment_status":"closed","ping_status":"closed","template":"page-templates\/quick-links-2.php","meta":{"_acf_changed":false,"footnotes":""},"class_list":["post-55623","page","type-page","status-publish","hentry"],"acf":[],"_links":{"self":[{"href":"https:\/\/www.nosm.ca\/fr\/wp-json\/wp\/v2\/pages\/55623","targetHints":{"allow":["GET"]}}],"collection":[{"href":"https:\/\/www.nosm.ca\/fr\/wp-json\/wp\/v2\/pages"}],"about":[{"href":"https:\/\/www.nosm.ca\/fr\/wp-json\/wp\/v2\/types\/page"}],"author":[{"embeddable":true,"href":"https:\/\/www.nosm.ca\/fr\/wp-json\/wp\/v2\/users\/43"}],"replies":[{"embeddable":true,"href":"https:\/\/www.nosm.ca\/fr\/wp-json\/wp\/v2\/comments?post=55623"}],"version-history":[{"count":29,"href":"https:\/\/www.nosm.ca\/fr\/wp-json\/wp\/v2\/pages\/55623\/revisions"}],"predecessor-version":[{"id":78508,"href":"https:\/\/www.nosm.ca\/fr\/wp-json\/wp\/v2\/pages\/55623\/revisions\/78508"}],"up":[{"embeddable":true,"href":"https:\/\/www.nosm.ca\/fr\/wp-json\/wp\/v2\/pages\/52206"}],"wp:attachment":[{"href":"https:\/\/www.nosm.ca\/fr\/wp-json\/wp\/v2\/media?parent=55623"}],"curies":[{"name":"wp","href":"https:\/\/api.w.org\/{rel}","templated":true}]}}