{"id":55585,"date":"2022-09-29T13:37:59","date_gmt":"2022-09-29T17:37:59","guid":{"rendered":"https:\/\/www.nosm.ca\/?page_id=55585"},"modified":"2026-01-27T15:56:02","modified_gmt":"2026-01-27T20:56:02","slug":"frequently-asked-questions","status":"publish","type":"page","link":"https:\/\/www.nosm.ca\/fr\/nosm-university-admissions-learner-recruitment\/ume-program-md-degree-admissions\/frequently-asked-questions\/","title":{"rendered":"Foire aux questions"},"content":{"rendered":"<p><\/p>\n<h1><span data-teams=\"true\">This page is currently under construction. For the most up-to-date information, please refer to the English version of the page.<\/span><\/h1>\n<p>Vous trouverez sur cette page les r\u00e9ponses \u00e0 des questions fr\u00e9quentes sur l\u2019admission au programme de formation m\u00e9dicale de premier cycle (FMPC) (grade en m\u00e9decine).<\/p>\n<div class='accordion' data-autoclose='true'>\n<div class='accordion-item closed'>\n<h3 class='accordion-title'>Est-ce que le MCAT est obligatoire?<\/h3>\n<div class='accordion-content'>\n<p>Non, le MCAT n\u2019est pas un crit\u00e8re d\u2019admission au programme de FMPC de l&rsquo;Universit\u00e9 de l&rsquo;EMNO. Les notes du MCAT fournies dans la demande d\u2019admission ne sont pas prises en consid\u00e9ration dans l\u2019examen de la demande.<\/p>\n<\/div>\n<\/div>\n<div class='accordion-item closed'>\n<h3 class='accordion-title'>Quelle est la MPC moyenne des personnes admises au programme de FMPC de l&rsquo;Universit\u00e9 de l&rsquo;EMNO?<\/h3>\n<div class='accordion-content'>\n<p>Les renseignements concernant les nouveaux \u00e9tudiantes et \u00e9tudiants de programme de FMPC de l&rsquo;Universit\u00e9 de l&rsquo;EMNO se trouvent dans la page des <a href=\"https:\/\/www.nosm.ca\/nosm-university-admissions-learner-recruitment\/ume-program-md-degree-admissions\/class-profiles\/\" rel=\"noopener\"><strong><u>Profils de classes<\/u><\/strong><\/a>.\n<\/div>\n<\/div>\n<div class='accordion-item closed'>\n<h3 class='accordion-title'>Y a-t-il un \u00e2ge limite pour pr\u00e9senter une demande d&rsquo;admission au programme de FMPC de l&rsquo;Universit\u00e9 de l&rsquo;EMNO?<\/h3>\n<div class='accordion-content'>\n<p>Non. Il n&rsquo;y a pas d&rsquo;\u00e2ge limite pour pr\u00e9senter une demande d\u2019admission au programme de FMPC de l&rsquo;Universit\u00e9 de l&rsquo;EMNO.<\/p>\n<\/div>\n<\/div>\n<div class='accordion-item closed'>\n<h3 class='accordion-title'>Y a-t-il des places r\u00e9serv\u00e9es aux \u00e9tudiants du Nord de l&rsquo;Ontario dans le programme de FMPC?<\/h3>\n<div class='accordion-content'>\n<p>Non, mais l\u2019Universit\u00e9 de l\u2019EMNO a le mandat de pr\u00e9parer des \u00e9tudiantes et \u00e9tudiants du Nord pour des carri\u00e8res en m\u00e9decine. Nous encourageons donc les personnes provenant du Nord de l\u2019Ontario ou qui souhaitent fortement exercer la m\u00e9decine dans des communaut\u00e9s nordiques urbaines, rurales et \u00e9loign\u00e9es et\/ou poss\u00e8dent les aptitudes pour le faire \u00e0 pr\u00e9senter une demande d\u2019admission. M\u00eame s\u2019il n\u2019y a pas de places r\u00e9serv\u00e9es pour les \u00e9tudiants du Nord, l\u2019Universit\u00e9 de l\u2019EMNO se fait un devoir d\u2019en recruter le plus possible.<\/p>\n<\/div>\n<\/div>\n<div class='accordion-item closed'>\n<h3 class='accordion-title'>Je ne viens pas du Nord de l&rsquo;Ontario, devrais-je quand m\u00eame pr\u00e9senter une demande d\u2019admission au programme de FMPC?<\/h3>\n<div class='accordion-content'>\n<p>Nous cherchons des personnes hautement motiv\u00e9es provenant de divers milieux, qui sont autonomes, qui r\u00e9ussiront dans un environnement d\u2019apprentissage r\u00e9gionalis\u00e9 en petits groupes, qui d\u00e9sirent sinc\u00e8rement nous aider \u00e0 remplir notre mandat et qui souscrivent \u00e0 nos valeurs.<\/p>\n<p>Le but est que les profils des classes refl\u00e8tent la d\u00e9mographie du Nord de l&rsquo;Ontario. L\u2019Universit\u00e9 de l&rsquo;EMNO vise \u00e0 recruter le plus possible des personnes provenant du Nord de l&rsquo;Ontario ou qui souhaitent fortement exercer la m\u00e9decine dans des communaut\u00e9s nordiques urbaines, rurales et \u00e9loign\u00e9es et\/ou poss\u00e8dent les aptitudes pour le faire. Nous nous faisons aussi un devoir de recruter des Autochtones et des francophones.<\/p>\n<p>Nous cherchons un int\u00e9r\u00eat r\u00e9el et prouv\u00e9 pour la vie et le travail dans le Nord de l&rsquo;Ontario et\/ou dans d\u2019autres communaut\u00e9s nordiques rurales, \u00e9loign\u00e9es ou urbaines. Les exp\u00e9riences de b\u00e9n\u00e9volat et de travail, les activit\u00e9s parascolaires et la recherche peuvent toutes illustrer cet int\u00e9r\u00eat. Vous avez la possibilit\u00e9 de souligner ces exp\u00e9riences dans les notes autobiographiques.<\/p>\n<p>Les demandes d\u2019admission sont tout d\u2019abord tri\u00e9es et \u00e9valu\u00e9es en fonction de deux \u00e9l\u00e9ments : 1) <a href=\"https:\/\/www.nosm.ca\/nosm-university-admissions-learner-recruitment\/ume-program-md-degree-admissions\/application-information-requirements\/minimum-requirements\/\">Moyenne pond\u00e9r\u00e9e cumulative (MPC)<\/a>\u00a0et 2) <a href=\"https:\/\/www.nosm.ca\/nosm-university-admissions-learner-recruitment\/ume-program-md-degree-admissions\/application-information-requirements\/non-academic-considerations\/\">le contexte<\/a>. Le total des deux \u00e9l\u00e9ments d\u00e9termine si une invitation \u00e0 une entrevue sera envoy\u00e9e. Environ 320 personnes sont invit\u00e9es chaque ann\u00e9e.<\/p>\n<\/div>\n<\/div>\n<div class='accordion-item closed'>\n<h3 class='accordion-title'>Est-ce que les personnes int\u00e9ress\u00e9es \u00e0 suivre le programme de FMPC de l&rsquo;Universit\u00e9 de l&rsquo;EMNO devraient d\u2019abord pr\u00e9senter une demande d\u2019admission \u00e0 la Laurentienne ou \u00e0 Lakehead pour faire leur \u00e9tudes pr\u00e9-m\u00e9dicales<\/h3>\n<div class='accordion-content'>\n<p>Les universit\u00e9s Laurentienne et Lakehead offrent un \u00e9ventail de programmes universitaires de haute qualit\u00e9 qui pr\u00e9parent fort bien aux \u00e9tudes de m\u00e9decine. Choisir de faire des \u00e9tudes de premier cycle dans une universit\u00e9 du Nord peut \u00eatre une fa\u00e7on de montrer l\u2019int\u00e9r\u00eat pour les \u00e9tudes et le travail dans le Nord de l&rsquo;Ontario. Cependant, le lieu des \u00e9tudes de premier cycle n\u2019est qu\u2019un des nombreux indicateurs de l\u2019int\u00e9r\u00eat envers le Nord.<\/p>\n<\/div>\n<\/div>\n<div class='accordion-item closed'>\n<h3 class='accordion-title'>Y a-t-il un nombre limit\u00e9 de places pour les candidats de l\u2019ext\u00e9rieur de la province?<\/h3>\n<div class='accordion-content'>\n<p>Le programme de FMPC de l\u2019Universit\u00e9 de l\u2019EMNO ne r\u00e9serve pas de places et n\u2019a pas de quota pour les personnes de l\u2019ext\u00e9rieur de la province mais accepte leurs candidatures.<\/p>\n<\/div>\n<\/div>\n<div class='accordion-item closed'>\n<h3 class='accordion-title'>J\u2019ai fr\u00e9quent\u00e9 un c\u00e9gep et obtenu un grade universitaire au Qu\u00e9bec. Puis-je pr\u00e9senter une demande d\u2019admission?<\/h3>\n<div class='accordion-content'>\n<p>Vous pouvez pr\u00e9senter une demande d\u2019admission au programme de m\u00e9decine si vous avez obtenu un DEC (dipl\u00f4me d\u2019\u00e9tudes coll\u00e9giales) d\u2019un c\u00e9gep et un baccalaur\u00e9at d\u2019une universit\u00e9 reconnue au Qu\u00e9bec (trois (3) ans d\u2019\u00e9tudes apr\u00e8s le DEC). Dans le cadre d\u2019une demande d\u2019admission au programme de m\u00e9decine de l&rsquo;Universit\u00e9 de l&rsquo;EMNO, un DEC et un baccalaur\u00e9at pr\u00e9par\u00e9 en trois ans dans une universit\u00e9 qu\u00e9b\u00e9coise sont consid\u00e9r\u00e9s comme l\u2019\u00e9quivalent d\u2019un grade pr\u00e9par\u00e9 en quatre (4) ans.<\/p>\n<\/div>\n<\/div>\n<div class='accordion-item closed'>\n<h3 class='accordion-title'>J\u2019ai suivi quelques cours en ligne. Seront-ils pris en compte dans le calcul de la MPC?<\/h3>\n<div class='accordion-content'>\n<p>Oui, du moment que les cours et\/ou le programme de grade que vous suivez soient offerts par une universit\u00e9 reconnue.<\/p>\n<\/div>\n<\/div>\n<div class='accordion-item closed'>\n<h3 class='accordion-title'>Est-ce que l&rsquo;Universit\u00e9 de l&rsquo;EMNO accepte les transferts ou les \u00e9tudiants \u00e9trangers?<\/h3>\n<div class='accordion-content'>\n<p>En raison de la nature int\u00e9gr\u00e9e du programme d\u2019\u00e9tudes, le programme de FMPC de l&rsquo;Universit\u00e9 de l&rsquo;EMNO ne peut pas accepter les transferts. Les personnes admises \u00e0 l&rsquo;Universit\u00e9 de l\u2019EMNO doivent y effectuer la totalit\u00e9 des quatre (4) ann\u00e9es du programme.<\/p>\n<p>Le programme de FMPC de l&rsquo;Universit\u00e9 de l&rsquo;EMNO n&rsquo;accepte pas les \u00e9tudiants \u00e9trangers. Il faut \u00eatre citoyen canadien ou r\u00e9sident permanent (immigrant re\u00e7u) pour pouvoir pr\u00e9senter une demande d\u2019admission.<\/p>\n<\/div>\n<\/div>\n<div class='accordion-item closed'>\n<h3 class='accordion-title'>Mon programme universitaire est un \u00ab transfert \u00bb ou un programme offert en collaboration qui combine des cr\u00e9dits de coll\u00e8ge communautaire et d\u2019universit\u00e9. Est-ce que les cr\u00e9dits coll\u00e9giaux seront pris en compte dans le calcul de la MPC pour l&rsquo;admission au programme de FMPC?<\/h3>\n<div class='accordion-content'>\n<p>Non, les cr\u00e9dits coll\u00e9giaux ne compteront pas. Le programme de FMPC de l&rsquo;Universit\u00e9 de l\u2019EMNO exige au moins un grade universitaire de premier cycle pr\u00e9par\u00e9 en quatre (4) ans. Seuls les cr\u00e9dits universitaires sont utilis\u00e9s dans le calcul de la MPC. L\u2019Universit\u00e9 de l&rsquo;EMNO est au courant du partenariat et de la collaboration qui existent dans les programmes de beaucoup d\u2019universit\u00e9s et coll\u00e8ges communautaires.<\/p>\n<p>Les personnes qui ont suivi un programme de quatre (4) ans doivent avoir obtenu au moins 10 cr\u00e9dits de cours complets, 20 cr\u00e9dits de demi-cours ou une combinaison des deux au niveau universitaire lorsqu\u2019elles posent leur candidature.<\/p>\n<\/div>\n<\/div>\n<div class='accordion-item closed'>\n<h3 class='accordion-title'>Est-ce que mon grade professionnel est consid\u00e9r\u00e9 comme un grade des cycles sup\u00e9rieurs ou du premier cycle?<\/h3>\n<div class='accordion-content'>\n<p>Les grades professionnels obtenus dans des \u00e9tablissements canadiens sont g\u00e9n\u00e9ralement consid\u00e9r\u00e9s comme des grades de premier cycle. Ce sont entre autres : \u00e9ducation, g\u00e9nie, droit et m\u00e9decine v\u00e9t\u00e9rinaire. Les demandes d\u2019admission au programme de m\u00e9decine de l&rsquo;Universit\u00e9 de l&rsquo;EMNO sont \u00e9valu\u00e9es individuellement.<\/p>\n<\/div>\n<\/div>\n<\/div>\n<p><\/p>","protected":false},"excerpt":{"rendered":"<p>This page is currently under construction. For the most up-to-date information, please refer to the English version of the page. Vous trouverez sur cette page les r\u00e9ponses \u00e0 des questions fr\u00e9quentes sur l\u2019admission au programme de formation m\u00e9dicale de premier cycle (FMPC) (grade en m\u00e9decine).<\/p>\n","protected":false},"author":43,"featured_media":0,"parent":52134,"menu_order":7,"comment_status":"closed","ping_status":"closed","template":"page-templates\/quick-links-2.php","meta":{"_acf_changed":false,"footnotes":""},"class_list":["post-55585","page","type-page","status-publish","hentry"],"acf":[],"_links":{"self":[{"href":"https:\/\/www.nosm.ca\/fr\/wp-json\/wp\/v2\/pages\/55585","targetHints":{"allow":["GET"]}}],"collection":[{"href":"https:\/\/www.nosm.ca\/fr\/wp-json\/wp\/v2\/pages"}],"about":[{"href":"https:\/\/www.nosm.ca\/fr\/wp-json\/wp\/v2\/types\/page"}],"author":[{"embeddable":true,"href":"https:\/\/www.nosm.ca\/fr\/wp-json\/wp\/v2\/users\/43"}],"replies":[{"embeddable":true,"href":"https:\/\/www.nosm.ca\/fr\/wp-json\/wp\/v2\/comments?post=55585"}],"version-history":[{"count":30,"href":"https:\/\/www.nosm.ca\/fr\/wp-json\/wp\/v2\/pages\/55585\/revisions"}],"predecessor-version":[{"id":82512,"href":"https:\/\/www.nosm.ca\/fr\/wp-json\/wp\/v2\/pages\/55585\/revisions\/82512"}],"up":[{"embeddable":true,"href":"https:\/\/www.nosm.ca\/fr\/wp-json\/wp\/v2\/pages\/52134"}],"wp:attachment":[{"href":"https:\/\/www.nosm.ca\/fr\/wp-json\/wp\/v2\/media?parent=55585"}],"curies":[{"name":"wp","href":"https:\/\/api.w.org\/{rel}","templated":true}]}}