{"id":55580,"date":"2022-09-29T13:32:34","date_gmt":"2022-09-29T17:32:34","guid":{"rendered":"https:\/\/www.nosm.ca\/?page_id=55580"},"modified":"2025-07-23T09:29:15","modified_gmt":"2025-07-23T13:29:15","slug":"ume-program-admissions-information-sessions","status":"publish","type":"page","link":"https:\/\/www.nosm.ca\/fr\/nosm-university-admissions-learner-recruitment\/ume-program-md-degree-admissions\/ume-program-admissions-information-sessions\/","title":{"rendered":"S\u00e9ances d\u2019information"},"content":{"rendered":"<p><\/p>\n<h3>S\u00e9ance d\u2019information sur les admissions au programme de FMPC<\/h3>\n<p>Le Bureau des admissions et du recrutement \u00e9tudiant organise une s\u00e9ance d\u2019information virtuelle (en anglais seulement) \u00e0 l\u2019intention des personnes int\u00e9ress\u00e9es \u00e0 pr\u00e9senter leur candidature au programme de formation m\u00e9dicale de premier cycle (FMPC) de l&rsquo;Universit\u00e9 de l&rsquo;EMNO.<\/p>\n<p>Cette s\u00e9ance a lieu chaque ann\u00e9e en juillet \u00e0 l\u2019occasion de l\u2019ouverture du nouveau cycle d\u2019admission et est l\u2019occasion pour les candidates et candidats potentiels de se renseigner sur les crit\u00e8res d\u2019admission et le processus de demande d\u2019admission.<\/p>\n<p><strong>La s\u00e9ance d\u2019information sur les admissions au programme de FMPC de 2025<\/strong> a eu lieu le:<\/p>\n<p><strong>Le mardi 8 juillet 2025 | 18h 30\u00a0 \u00e0 20h 00 HNE.<\/strong><\/p>\n<p>Un enregistrement des informations sur l\u2019admission fournies lors de la s\u00e9ance est disponible ci-dessous (en Anglais seulement).<\/p>\n<p><iframe loading=\"lazy\" src=\"https:\/\/nosm.ca.panopto.com\/Panopto\/Pages\/Embed.aspx?id=c2daf3a6-19a4-4f02-95e1-b32300d3bd86&#038;autoplay=false&#038;offerviewer=true&#038;showtitle=true&#038;showbrand=false&#038;captions=false&#038;interactivity=all\" height=\"300\" width=\"500\" style=\"border: 1px solid #464646;\" allowfullscreen allow=\"autoplay\" aria-label=\"Panopto Embedded Video Player\" aria-description=\"UME Admissions Information Session (2026 Cycle)\" ><\/iframe><\/p>\n<hr \/>\n<h3>S\u00e9ance d\u2019information sur la Voie vers la m\u00e9decine en fran\u00e7ais<\/h3>\n<p>Les bureaux des Affaires francophones et des Admissions et recrutement des \u00e9tudiants offriront une s\u00e9ance virtuelle d\u2019information sur la Voie vers la m\u00e9decine en fran\u00e7ais (VMF) pour les candidates et les candidats qui pr\u00e9voient d\u00e9poser une demande d\u2019admission au programme de FMPC \u00e0 l\u2019Universit\u00e9 de l\u2019EMNO via le Volet des admissions des francophones.<\/p>\n<p>Les personnes qui postulent par le biais du Volet des admissions des francophones et re\u00e7oivent une offre d\u2019admission sont inscrits \u00e0 la Voie vers la m\u00e9decine en fran\u00e7ais, initiative curriculaire int\u00e9gr\u00e9e tout au long de leurs quatre ann\u00e9es d\u2019\u00e9tudes s\u2019ils sont admis au programme de FMPC.<\/p>\n<p>Joignez-vous \u00e0 la s\u00e9ance d\u2019information sur la VMF pour :<\/p>\n<ul>\n<li>En apprendre davantage sur la VMF<\/li>\n<li>Prendre connaissance de l\u2019exp\u00e9rience actuelle d\u2019un.e \u00e9tudiant.e dans la VMF<\/li>\n<li>Conna\u00eetre les services offerts par le bureau des Affaires francophones<\/li>\n<\/ul>\n<p>La s\u00e9ance d\u2019information sur la VMF a eu lieu le :<\/p>\n<p><strong>Le mercredi 9 juillet 2025 | 18 h 00 \u00e0 19 h 00 HNE.<\/strong><\/p>","protected":false},"excerpt":{"rendered":"<p>S\u00e9ance d\u2019information sur les admissions au programme de FMPC Le Bureau des admissions et du recrutement \u00e9tudiant organise une s\u00e9ance d\u2019information virtuelle (en anglais seulement) \u00e0 l\u2019intention des personnes int\u00e9ress\u00e9es \u00e0 pr\u00e9senter leur candidature au programme de formation m\u00e9dicale de premier cycle (FMPC) de l&rsquo;Universit\u00e9 de l&rsquo;EMNO. Cette s\u00e9ance a lieu chaque ann\u00e9e en juillet &hellip; <a href=\"https:\/\/www.nosm.ca\/fr\/nosm-university-admissions-learner-recruitment\/ume-program-md-degree-admissions\/ume-program-admissions-information-sessions\/\" class=\"more-link\">Continue reading <span class=\"screen-reader-text\">S\u00e9ances d\u2019information<\/span> <span class=\"meta-nav\">&rarr;<\/span><\/a><\/p>\n","protected":false},"author":43,"featured_media":0,"parent":52134,"menu_order":5,"comment_status":"closed","ping_status":"closed","template":"page-templates\/quick-links-2.php","meta":{"_acf_changed":false,"footnotes":""},"class_list":["post-55580","page","type-page","status-publish","hentry"],"acf":[],"_links":{"self":[{"href":"https:\/\/www.nosm.ca\/fr\/wp-json\/wp\/v2\/pages\/55580","targetHints":{"allow":["GET"]}}],"collection":[{"href":"https:\/\/www.nosm.ca\/fr\/wp-json\/wp\/v2\/pages"}],"about":[{"href":"https:\/\/www.nosm.ca\/fr\/wp-json\/wp\/v2\/types\/page"}],"author":[{"embeddable":true,"href":"https:\/\/www.nosm.ca\/fr\/wp-json\/wp\/v2\/users\/43"}],"replies":[{"embeddable":true,"href":"https:\/\/www.nosm.ca\/fr\/wp-json\/wp\/v2\/comments?post=55580"}],"version-history":[{"count":52,"href":"https:\/\/www.nosm.ca\/fr\/wp-json\/wp\/v2\/pages\/55580\/revisions"}],"predecessor-version":[{"id":79578,"href":"https:\/\/www.nosm.ca\/fr\/wp-json\/wp\/v2\/pages\/55580\/revisions\/79578"}],"up":[{"embeddable":true,"href":"https:\/\/www.nosm.ca\/fr\/wp-json\/wp\/v2\/pages\/52134"}],"wp:attachment":[{"href":"https:\/\/www.nosm.ca\/fr\/wp-json\/wp\/v2\/media?parent=55580"}],"curies":[{"name":"wp","href":"https:\/\/api.w.org\/{rel}","templated":true}]}}