{"id":55567,"date":"2022-09-29T13:16:17","date_gmt":"2022-09-29T17:16:17","guid":{"rendered":"https:\/\/www.nosm.ca\/?page_id=55567"},"modified":"2025-09-24T14:33:13","modified_gmt":"2025-09-24T18:33:13","slug":"contact-us","status":"publish","type":"page","link":"https:\/\/www.nosm.ca\/fr\/nosm-university-admissions-learner-recruitment\/contact-us\/","title":{"rendered":"Pour nous joindre"},"content":{"rendered":"<p>Le Bureau des admissions et du recrutement des apprenants organise, un mardi sur deux tout au long de l\u2019ann\u00e9e, une s\u00e9ance virtuelle <a href=\"https:\/\/www.nosm.ca\/nosm-university-admissions-learner-recruitment\/ume-program-md-degree-admissions\/chat-with-an-admissions-officer\/\">Chat with an Admissions Officer Sessions<\/a>. Nous invitons tous les candidats potentiels \u00e0 y assister.<\/p>\n<p>Toutes les communications avec les candidates et candidats sont envoy\u00e9es \u00e0 l\u2019adresse \u00e9lectronique indiqu\u00e9e dans la demande \u00e0 l\u2019OMSAS. Il vous incombe de\u00a0:<\/p>\n<ul>\n<li>consulter r\u00e9guli\u00e8rement votre compte de courrier \u00e9lectronique tout au long du processus de candidature;<\/li>\n<li>v\u00e9rifier tous les dossiers du courrier \u00e9lectronique, y compris la bo\u00eete de r\u00e9ception et le pourriel;<\/li>\n<li>veiller \u00e0 ce que votre bo\u00eete de r\u00e9ception ait suffisamment d\u2019espace de stockage pour recevoir les messages.<\/li>\n<\/ul>\n<p>L\u2019Universit\u00e9 de l&rsquo;EMNO n\u2019est pas responsable des communications manqu\u00e9es dans les comptes de courrier \u00e9lectronique non surveill\u00e9s ou inaccessibles.<\/p>\n<hr \/>\n<p>L&rsquo;Universit\u00e9 de l&rsquo;EMNO<br \/>\nBureau des admissions et du recrutement des \u00e9tudiants<br \/>\nMS 2003<br \/>\n955, chemin Oliver<br \/>\nThunder Bay ON P7B 5E1<\/p>\n<p>Appel sans frais : 1-800-461-8777 ext. 7454<br \/>\nT\u00e9l\u00e9copieur : 807-766-7368<br \/>\nCourriel : <a href=\"mailto:admissions@nosm.ca\">admissions@nosm.ca<\/a><\/p>\n<hr \/>\n<p>Suivez le compte Instagram g\u00e9r\u00e9 par les \u00e9tudiants en m\u00e9decine, <strong><a href=\"https:\/\/www.instagram.com\/nosm_futuremds\/\" target=\"_blank\" rel=\"noopener\">NOSM_FutureMD&rsquo;s<\/a><\/strong> pour conna\u00eetre les derni\u00e8res nouvelles et avoir des informations, des conseils et faire l&rsquo;exp\u00e9rience d\u2019une journ\u00e9e dans la vie d\u2019un \u00e9tudiant en m\u00e9decine!<\/p>\n<p style=\"text-align: left;\">Branchez-vous sur l&rsquo;Universit\u00e9 de l&rsquo;EMNO dans les m\u00e9dias sociaux suivants :<\/p>\n<p><a href=\"https:\/\/www.facebook.com\/thenosm\" target=\"_blank\" rel=\"noopener noreferrer\"><img loading=\"lazy\" decoding=\"async\" class=\"wp-image-31833 size-full alignleft\" src=\"https:\/\/www.nosm.ca\/wp-content\/uploads\/2020\/06\/Facebook-logo.png\" alt=\"\" width=\"35\" height=\"31\" \/><\/a><a href=\"https:\/\/twitter.com\/thenosm\" target=\"_blank\" rel=\"noopener noreferrer\"><img loading=\"lazy\" decoding=\"async\" class=\"wp-image-31836 alignleft\" src=\"https:\/\/www.nosm.ca\/wp-content\/uploads\/2020\/06\/Twitter-Logo.png\" alt=\"\" width=\"41\" height=\"34\" \/><\/a><a href=\"https:\/\/www.instagram.com\/thenosm\/\" target=\"_blank\" rel=\"noopener noreferrer\"><img loading=\"lazy\" decoding=\"async\" class=\"wp-image-31834 size-full alignleft\" src=\"https:\/\/www.nosm.ca\/wp-content\/uploads\/2020\/06\/Instagram-logo.png\" alt=\"\" width=\"36\" height=\"35\" \/><\/a><a href=\"https:\/\/www.youtube.com\/user\/NOSMtv\/feed\" target=\"_blank\" rel=\"noopener noreferrer\"><img loading=\"lazy\" decoding=\"async\" class=\"wp-image-31837 alignleft\" src=\"https:\/\/www.nosm.ca\/wp-content\/uploads\/2020\/06\/Youtube-logo.png\" alt=\"\" width=\"37\" height=\"32\" \/><\/a><a href=\"https:\/\/ca.linkedin.com\/company\/nosm\" target=\"_blank\" rel=\"noopener noreferrer\"><img loading=\"lazy\" decoding=\"async\" class=\"wp-image-31835 size-full alignleft\" src=\"https:\/\/www.nosm.ca\/wp-content\/uploads\/2020\/06\/LinkedIn-logo.png\" alt=\"\" width=\"33\" height=\"33\" \/><\/a><\/p>\n<hr \/>\n<p>&nbsp;<\/p>","protected":false},"excerpt":{"rendered":"<p>Le Bureau des admissions et du recrutement des apprenants organise, un mardi sur deux tout au long de l\u2019ann\u00e9e, une s\u00e9ance virtuelle Chat with an Admissions Officer Sessions. Nous invitons tous les candidats potentiels \u00e0 y assister. Toutes les communications avec les candidates et candidats sont envoy\u00e9es \u00e0 l\u2019adresse \u00e9lectronique indiqu\u00e9e dans la demande \u00e0 &hellip; <a href=\"https:\/\/www.nosm.ca\/fr\/nosm-university-admissions-learner-recruitment\/contact-us\/\" class=\"more-link\">Continue reading <span class=\"screen-reader-text\">Pour nous joindre<\/span> <span class=\"meta-nav\">&rarr;<\/span><\/a><\/p>\n","protected":false},"author":43,"featured_media":0,"parent":52365,"menu_order":4,"comment_status":"closed","ping_status":"closed","template":"","meta":{"_acf_changed":false,"footnotes":""},"class_list":["post-55567","page","type-page","status-publish","hentry"],"acf":[],"_links":{"self":[{"href":"https:\/\/www.nosm.ca\/fr\/wp-json\/wp\/v2\/pages\/55567","targetHints":{"allow":["GET"]}}],"collection":[{"href":"https:\/\/www.nosm.ca\/fr\/wp-json\/wp\/v2\/pages"}],"about":[{"href":"https:\/\/www.nosm.ca\/fr\/wp-json\/wp\/v2\/types\/page"}],"author":[{"embeddable":true,"href":"https:\/\/www.nosm.ca\/fr\/wp-json\/wp\/v2\/users\/43"}],"replies":[{"embeddable":true,"href":"https:\/\/www.nosm.ca\/fr\/wp-json\/wp\/v2\/comments?post=55567"}],"version-history":[{"count":11,"href":"https:\/\/www.nosm.ca\/fr\/wp-json\/wp\/v2\/pages\/55567\/revisions"}],"predecessor-version":[{"id":79130,"href":"https:\/\/www.nosm.ca\/fr\/wp-json\/wp\/v2\/pages\/55567\/revisions\/79130"}],"up":[{"embeddable":true,"href":"https:\/\/www.nosm.ca\/fr\/wp-json\/wp\/v2\/pages\/52365"}],"wp:attachment":[{"href":"https:\/\/www.nosm.ca\/fr\/wp-json\/wp\/v2\/media?parent=55567"}],"curies":[{"name":"wp","href":"https:\/\/api.w.org\/{rel}","templated":true}]}}