{"id":55386,"date":"2022-09-29T12:58:03","date_gmt":"2022-09-29T16:58:03","guid":{"rendered":"https:\/\/www.nosm.ca\/?page_id=55386"},"modified":"2026-02-19T09:17:31","modified_gmt":"2026-02-19T14:17:31","slug":"chat-with-an-admissions-officer","status":"publish","type":"page","link":"https:\/\/www.nosm.ca\/fr\/nosm-university-admissions-learner-recruitment\/ume-program-md-degree-admissions\/chat-with-an-admissions-officer\/","title":{"rendered":"Conversation avec un(e) agent(e) d&rsquo;admission"},"content":{"rendered":"<p>Le Bureau des admissions et du recrutement des \u00e9tudiants organise des <strong>conversations virtuelles avec un(e) agent(e) d\u2019admission<\/strong>. <span data-teams=\"true\">Cette occassion vous permet de poser des questions et de parler un(e) agent(e) d\u2019admission. Il n\u2019y aura pas de pr\u00e9sentation formelle.<\/span><\/p>\n<p><strong>IMPORTANT :<\/strong> Aucun commentaire individuel direct sur les candidatures (c.-\u00e0-d., les notes) <strong>n\u2019est<\/strong> fourni. L\u2019agente passera en revue le processus de candidature et les exigences, et expliquera comment une candidature est \u00e9valu\u00e9e.<\/p>\n<p><em><strong>Toutes les s\u00e9ances sont enregistr\u00e9es. Veuillez vous connecter en utilisant votre pr\u00e9nom et votre nom de famille, sous le format Pr\u00e9nom_Nom.<\/strong><\/em><\/p>\n<p>Vous pouvez rejoindre chaque s\u00e9ance en cliquant sur le lien dans le calendrier ci-dessous (en anglais seulement) ou en s\u00e9lectionnant le bouton \u00ab Rejoindre la s\u00e9ance \u00bb ci-dessous.<\/p>\n<p>Regardez la vid\u00e9o d\u2019introduction \u00e0 la s\u00e9ance de conversation avec une agente des admissions (en anglais seulement) avant de participer \u00e0 l\u2019une des s\u00e9ances.<\/p>\n<p><iframe loading=\"lazy\" style=\"border: 1px solid #464646;\" src=\"https:\/\/nosm.ca.panopto.com\/Panopto\/Pages\/Embed.aspx?id=aec543ee-64a8-40d6-a382-b2b400cded10&amp;autoplay=false&amp;offerviewer=true&amp;showtitle=true&amp;showbrand=true&amp;captions=false&amp;interactivity=all\" width=\"720\" height=\"405\" allowfullscreen=\"allowfullscreen\" aria-label=\"Panopto Embedded Video Player\" aria-description=\"Chat with an Admissions Officer_April 2025\"><\/iframe><\/p>\n<p>N\u2019oubliez pas de consulter <a href=\"https:\/\/www.nosm.ca\/nosm-university-admissions-learner-recruitment\/ume-program-md-degree-admissions\/\">les pages Web sur les admissions \u00e0 la FMPC<\/a> et de pr\u00e9parer vos questions sur des exigences particuli\u00e8res d\u2019admission et\/ou le processus.<\/p>\n<p><iframe loading=\"lazy\" style=\"border: solid 1px #777;\" src=\"https:\/\/calendar.google.com\/calendar\/embed?height=600&amp;wkst=1&amp;bgcolor=%23ffffff&amp;ctz=America%2FToronto&amp;showCalendars=0&amp;showPrint=0&amp;title=Chat%20with%20an%20Admissions%20Officer%20Sessions&amp;src=Y181ZmI5ZTNkMjc2Yzc5NzE1NzgyNzExMDk4YWFkOTI0NTViMDA3N2EyYzI4MjA4MzQzZjIzMzM0NTAyMGU2NDUzQGdyb3VwLmNhbGVuZGFyLmdvb2dsZS5jb20&amp;src=ZW4uY2FuYWRpYW4jaG9saWRheUBncm91cC52LmNhbGVuZGFyLmdvb2dsZS5jb20&amp;color=%23AD1457&amp;color=%23A79B8E\" width=\"800\" height=\"600\" frameborder=\"0\" scrolling=\"no\"><\/iframe><\/p>\n<p style=\"text-align: center;\"><a class=\"btn btn-primary\" style=\"font-size: 1.5rem; padding: 6px 6px; margin-right: 150px;\" href=\"https:\/\/nosm.webex.com\/nosm\/j.php?MTID=m6ba24fe10266513b04be5970ffc36e1f\" target=\"_blank\" rel=\"noopener noreferrer\">Rejoindre la s\u00e9ance<\/a><\/p>\n<p><\/p>","protected":false},"excerpt":{"rendered":"<p>Le Bureau des admissions et du recrutement des \u00e9tudiants organise des conversations virtuelles avec un(e) agent(e) d\u2019admission. Cette occassion vous permet de poser des questions et de parler un(e) agent(e) d\u2019admission. Il n\u2019y aura pas de pr\u00e9sentation formelle. IMPORTANT : Aucun commentaire individuel direct sur les candidatures (c.-\u00e0-d., les notes) n\u2019est fourni. L\u2019agente passera en &hellip; <a href=\"https:\/\/www.nosm.ca\/fr\/nosm-university-admissions-learner-recruitment\/ume-program-md-degree-admissions\/chat-with-an-admissions-officer\/\" class=\"more-link\">Continue reading <span class=\"screen-reader-text\">Conversation avec un(e) agent(e) d&rsquo;admission<\/span> <span class=\"meta-nav\">&rarr;<\/span><\/a><\/p>\n","protected":false},"author":43,"featured_media":0,"parent":52134,"menu_order":6,"comment_status":"closed","ping_status":"closed","template":"page-templates\/quick-links-2.php","meta":{"_acf_changed":false,"footnotes":""},"class_list":["post-55386","page","type-page","status-publish","hentry"],"acf":[],"_links":{"self":[{"href":"https:\/\/www.nosm.ca\/fr\/wp-json\/wp\/v2\/pages\/55386","targetHints":{"allow":["GET"]}}],"collection":[{"href":"https:\/\/www.nosm.ca\/fr\/wp-json\/wp\/v2\/pages"}],"about":[{"href":"https:\/\/www.nosm.ca\/fr\/wp-json\/wp\/v2\/types\/page"}],"author":[{"embeddable":true,"href":"https:\/\/www.nosm.ca\/fr\/wp-json\/wp\/v2\/users\/43"}],"replies":[{"embeddable":true,"href":"https:\/\/www.nosm.ca\/fr\/wp-json\/wp\/v2\/comments?post=55386"}],"version-history":[{"count":67,"href":"https:\/\/www.nosm.ca\/fr\/wp-json\/wp\/v2\/pages\/55386\/revisions"}],"predecessor-version":[{"id":82947,"href":"https:\/\/www.nosm.ca\/fr\/wp-json\/wp\/v2\/pages\/55386\/revisions\/82947"}],"up":[{"embeddable":true,"href":"https:\/\/www.nosm.ca\/fr\/wp-json\/wp\/v2\/pages\/52134"}],"wp:attachment":[{"href":"https:\/\/www.nosm.ca\/fr\/wp-json\/wp\/v2\/media?parent=55386"}],"curies":[{"name":"wp","href":"https:\/\/api.w.org\/{rel}","templated":true}]}}