{"id":54879,"date":"2022-09-02T14:18:52","date_gmt":"2022-09-02T18:18:52","guid":{"rendered":"https:\/\/www.nosm.ca\/?page_id=54879"},"modified":"2022-09-19T11:23:38","modified_gmt":"2022-09-19T15:23:38","slug":"students-studying-in-ontario","status":"publish","type":"page","link":"https:\/\/www.nosm.ca\/fr\/education\/rehabilitation-studies\/application-streams\/students-studying-in-ontario\/","title":{"rendered":"Students Studying in Ontario"},"content":{"rendered":"<p class=\"qtranxs-available-languages-message qtranxs-available-languages-message-fr\">D\u00e9sol\u00e9,  cette entr\u00e9e de donn\u00e9es est seulement disponible en <a href=\"https:\/\/www.nosm.ca\/en\/wp-json\/wp\/v2\/pages\/54879\" class=\"qtranxs-available-language-link qtranxs-available-language-link-en\" title=\"English\">English<\/a>.<\/p>","protected":false},"excerpt":{"rendered":"<p>D\u00e9sol\u00e9, cette entr\u00e9e de donn\u00e9es est seulement disponible en English.<\/p>\n","protected":false},"author":233,"featured_media":0,"parent":35670,"menu_order":1,"comment_status":"closed","ping_status":"closed","template":"","meta":{"_acf_changed":false,"footnotes":""},"class_list":["post-54879","page","type-page","status-publish","hentry"],"acf":[],"_links":{"self":[{"href":"https:\/\/www.nosm.ca\/fr\/wp-json\/wp\/v2\/pages\/54879","targetHints":{"allow":["GET"]}}],"collection":[{"href":"https:\/\/www.nosm.ca\/fr\/wp-json\/wp\/v2\/pages"}],"about":[{"href":"https:\/\/www.nosm.ca\/fr\/wp-json\/wp\/v2\/types\/page"}],"author":[{"embeddable":true,"href":"https:\/\/www.nosm.ca\/fr\/wp-json\/wp\/v2\/users\/233"}],"replies":[{"embeddable":true,"href":"https:\/\/www.nosm.ca\/fr\/wp-json\/wp\/v2\/comments?post=54879"}],"version-history":[{"count":9,"href":"https:\/\/www.nosm.ca\/fr\/wp-json\/wp\/v2\/pages\/54879\/revisions"}],"predecessor-version":[{"id":55348,"href":"https:\/\/www.nosm.ca\/fr\/wp-json\/wp\/v2\/pages\/54879\/revisions\/55348"}],"up":[{"embeddable":true,"href":"https:\/\/www.nosm.ca\/fr\/wp-json\/wp\/v2\/pages\/35670"}],"wp:attachment":[{"href":"https:\/\/www.nosm.ca\/fr\/wp-json\/wp\/v2\/media?parent=54879"}],"curies":[{"name":"wp","href":"https:\/\/api.w.org\/{rel}","templated":true}]}}