{"id":54570,"date":"2022-08-25T11:41:13","date_gmt":"2022-08-25T15:41:13","guid":{"rendered":"https:\/\/www.nosm.ca\/?page_id=54570"},"modified":"2025-06-11T11:52:05","modified_gmt":"2025-06-11T15:52:05","slug":"homewood-health","status":"publish","type":"page","link":"https:\/\/www.nosm.ca\/fr\/education\/current-learners\/homewood-health\/","title":{"rendered":"Homewood Health Student Assistance Program (SAP)"},"content":{"rendered":"<p class=\"qtranxs-available-languages-message qtranxs-available-languages-message-fr\">D\u00e9sol\u00e9,  cette entr\u00e9e de donn\u00e9es est seulement disponible en <a href=\"https:\/\/www.nosm.ca\/en\/wp-json\/wp\/v2\/pages\/54570\" class=\"qtranxs-available-language-link qtranxs-available-language-link-en\" title=\"English\">English<\/a>.<\/p>","protected":false},"excerpt":{"rendered":"<p>D\u00e9sol\u00e9, cette entr\u00e9e de donn\u00e9es est seulement disponible en English.<\/p>\n","protected":false},"author":16,"featured_media":0,"parent":53107,"menu_order":23,"comment_status":"closed","ping_status":"closed","template":"","meta":{"_acf_changed":false,"footnotes":""},"class_list":["post-54570","page","type-page","status-publish","hentry"],"acf":[],"_links":{"self":[{"href":"https:\/\/www.nosm.ca\/fr\/wp-json\/wp\/v2\/pages\/54570","targetHints":{"allow":["GET"]}}],"collection":[{"href":"https:\/\/www.nosm.ca\/fr\/wp-json\/wp\/v2\/pages"}],"about":[{"href":"https:\/\/www.nosm.ca\/fr\/wp-json\/wp\/v2\/types\/page"}],"author":[{"embeddable":true,"href":"https:\/\/www.nosm.ca\/fr\/wp-json\/wp\/v2\/users\/16"}],"replies":[{"embeddable":true,"href":"https:\/\/www.nosm.ca\/fr\/wp-json\/wp\/v2\/comments?post=54570"}],"version-history":[{"count":20,"href":"https:\/\/www.nosm.ca\/fr\/wp-json\/wp\/v2\/pages\/54570\/revisions"}],"predecessor-version":[{"id":78464,"href":"https:\/\/www.nosm.ca\/fr\/wp-json\/wp\/v2\/pages\/54570\/revisions\/78464"}],"up":[{"embeddable":true,"href":"https:\/\/www.nosm.ca\/fr\/wp-json\/wp\/v2\/pages\/53107"}],"wp:attachment":[{"href":"https:\/\/www.nosm.ca\/fr\/wp-json\/wp\/v2\/media?parent=54570"}],"curies":[{"name":"wp","href":"https:\/\/api.w.org\/{rel}","templated":true}]}}