{"id":53906,"date":"2022-08-04T16:05:52","date_gmt":"2022-08-04T20:05:52","guid":{"rendered":"https:\/\/www.nosm.ca\/?page_id=53906"},"modified":"2025-10-16T10:53:45","modified_gmt":"2025-10-16T14:53:45","slug":"registrars-office","status":"publish","type":"page","link":"https:\/\/www.nosm.ca\/fr\/education\/current-learners\/registrars-office\/","title":{"rendered":"Registrar&rsquo;s Office"},"content":{"rendered":"<p class=\"qtranxs-available-languages-message qtranxs-available-languages-message-fr\">D\u00e9sol\u00e9,  cette entr\u00e9e de donn\u00e9es est seulement disponible en <a href=\"https:\/\/www.nosm.ca\/en\/wp-json\/wp\/v2\/pages\/53906\" class=\"qtranxs-available-language-link qtranxs-available-language-link-en\" title=\"English\">English<\/a>.<\/p>","protected":false},"excerpt":{"rendered":"<p>D\u00e9sol\u00e9, cette entr\u00e9e de donn\u00e9es est seulement disponible en English.<\/p>\n","protected":false},"author":242,"featured_media":0,"parent":53107,"menu_order":22,"comment_status":"closed","ping_status":"closed","template":"page-templates\/pg-landing2.php","meta":{"_acf_changed":false,"footnotes":""},"class_list":["post-53906","page","type-page","status-publish","hentry"],"acf":[],"_links":{"self":[{"href":"https:\/\/www.nosm.ca\/fr\/wp-json\/wp\/v2\/pages\/53906","targetHints":{"allow":["GET"]}}],"collection":[{"href":"https:\/\/www.nosm.ca\/fr\/wp-json\/wp\/v2\/pages"}],"about":[{"href":"https:\/\/www.nosm.ca\/fr\/wp-json\/wp\/v2\/types\/page"}],"author":[{"embeddable":true,"href":"https:\/\/www.nosm.ca\/fr\/wp-json\/wp\/v2\/users\/242"}],"replies":[{"embeddable":true,"href":"https:\/\/www.nosm.ca\/fr\/wp-json\/wp\/v2\/comments?post=53906"}],"version-history":[{"count":163,"href":"https:\/\/www.nosm.ca\/fr\/wp-json\/wp\/v2\/pages\/53906\/revisions"}],"predecessor-version":[{"id":76472,"href":"https:\/\/www.nosm.ca\/fr\/wp-json\/wp\/v2\/pages\/53906\/revisions\/76472"}],"up":[{"embeddable":true,"href":"https:\/\/www.nosm.ca\/fr\/wp-json\/wp\/v2\/pages\/53107"}],"wp:attachment":[{"href":"https:\/\/www.nosm.ca\/fr\/wp-json\/wp\/v2\/media?parent=53906"}],"curies":[{"name":"wp","href":"https:\/\/api.w.org\/{rel}","templated":true}]}}