{"id":5269,"date":"2018-05-03T15:52:48","date_gmt":"2018-05-03T19:52:48","guid":{"rendered":"https:\/\/wp.nosm.ca\/?page_id=5269"},"modified":"2025-08-25T09:34:02","modified_gmt":"2025-08-25T13:34:02","slug":"information-for-current-standardized-patients-2","status":"publish","type":"page","link":"https:\/\/www.nosm.ca\/fr\/education\/standardized-patient-program\/information-for-current-standardized-patients-2\/","title":{"rendered":"Informations pour les patients standardis\u00e9s actuels"},"content":{"rendered":"<p class=\"qtranxs-available-languages-message qtranxs-available-languages-message-fr\">D\u00e9sol\u00e9,  cette entr\u00e9e de donn\u00e9es est seulement disponible en <a href=\"https:\/\/www.nosm.ca\/en\/wp-json\/wp\/v2\/pages\/5269\" class=\"qtranxs-available-language-link qtranxs-available-language-link-en\" title=\"English\">English<\/a>.<\/p>","protected":false},"excerpt":{"rendered":"<p>D\u00e9sol\u00e9, cette entr\u00e9e de donn\u00e9es est seulement disponible en English.<\/p>\n","protected":false},"author":42,"featured_media":0,"parent":5060,"menu_order":3,"comment_status":"closed","ping_status":"closed","template":"","meta":{"_acf_changed":false,"footnotes":""},"class_list":["post-5269","page","type-page","status-publish","hentry"],"acf":[],"_links":{"self":[{"href":"https:\/\/www.nosm.ca\/fr\/wp-json\/wp\/v2\/pages\/5269","targetHints":{"allow":["GET"]}}],"collection":[{"href":"https:\/\/www.nosm.ca\/fr\/wp-json\/wp\/v2\/pages"}],"about":[{"href":"https:\/\/www.nosm.ca\/fr\/wp-json\/wp\/v2\/types\/page"}],"author":[{"embeddable":true,"href":"https:\/\/www.nosm.ca\/fr\/wp-json\/wp\/v2\/users\/42"}],"replies":[{"embeddable":true,"href":"https:\/\/www.nosm.ca\/fr\/wp-json\/wp\/v2\/comments?post=5269"}],"version-history":[{"count":62,"href":"https:\/\/www.nosm.ca\/fr\/wp-json\/wp\/v2\/pages\/5269\/revisions"}],"predecessor-version":[{"id":80114,"href":"https:\/\/www.nosm.ca\/fr\/wp-json\/wp\/v2\/pages\/5269\/revisions\/80114"}],"up":[{"embeddable":true,"href":"https:\/\/www.nosm.ca\/fr\/wp-json\/wp\/v2\/pages\/5060"}],"wp:attachment":[{"href":"https:\/\/www.nosm.ca\/fr\/wp-json\/wp\/v2\/media?parent=5269"}],"curies":[{"name":"wp","href":"https:\/\/api.w.org\/{rel}","templated":true}]}}