{"id":52480,"date":"2022-09-29T13:06:06","date_gmt":"2022-09-29T17:06:06","guid":{"rendered":"https:\/\/www.nosm.ca\/?page_id=52480"},"modified":"2026-04-09T08:44:36","modified_gmt":"2026-04-09T12:44:36","slug":"selection-process-offers-of-admission","status":"publish","type":"page","link":"https:\/\/www.nosm.ca\/fr\/nosm-university-admissions-learner-recruitment\/ume-program-md-degree-admissions\/selection-process-offers-of-admission\/","title":{"rendered":"Processus de s\u00e9lection et les offres d\u2019admission"},"content":{"rendered":"<p><\/p>\n<h2>Processus de s\u00e9lection<\/h2>\n<hr \/>\n<p><img loading=\"lazy\" decoding=\"async\" class=\"aligncenter wp-image-79665 size-full\" src=\"https:\/\/www.nosm.ca\/wp-content\/uploads\/2025\/07\/1-e1753387173414.png\" alt=\"\" width=\"2000\" height=\"850\" srcset=\"https:\/\/www.nosm.ca\/wp-content\/uploads\/2025\/07\/1-e1753387173414.png 2000w, https:\/\/www.nosm.ca\/wp-content\/uploads\/2025\/07\/1-e1753387173414-300x128.png 300w, https:\/\/www.nosm.ca\/wp-content\/uploads\/2025\/07\/1-e1753387173414-1024x435.png 1024w, https:\/\/www.nosm.ca\/wp-content\/uploads\/2025\/07\/1-e1753387173414-150x64.png 150w, https:\/\/www.nosm.ca\/wp-content\/uploads\/2025\/07\/1-e1753387173414-768x326.png 768w, https:\/\/www.nosm.ca\/wp-content\/uploads\/2025\/07\/1-e1753387173414-1536x653.png 1536w\" sizes=\"auto, (max-width: 2000px) 100vw, 2000px\" \/><\/p>\n<p>Toutes les demandes d\u2019admission au programme de m\u00e9decine de l\u2019Universit\u00e9 de l\u2019EMNO sont tout d\u2019abord tri\u00e9es et \u00e9valu\u00e9es en fonction de deux \u00e9l\u00e9ments :<\/p>\n<ol>\n<li><a href=\"https:\/\/www.nosm.ca\/nosm-university-admissions-learner-recruitment\/ume-program-md-degree-admissions\/application-information-requirements\/minimum-requirements\/\">Moyenne pond\u00e9r\u00e9e cumulative (MPC)<\/a><\/li>\n<li><a href=\"https:\/\/www.nosm.ca\/nosm-university-admissions-learner-recruitment\/ume-program-md-degree-admissions\/application-information-requirements\/non-academic-considerations\/\">Notation li\u00e9e au contexte<\/a> .<\/li>\n<\/ol>\n<p>Pond\u00e9r\u00e9s de mani\u00e8re \u00e9gale, la combinaison des deux notes d\u00e9terminera si on vous offre une entrevue. Environ 320 des personnes les mieux class\u00e9es sont invit\u00e9es \u00e0 une entrevue.<\/p>\n<p>La s\u00e9lection finale des personnes qui recevront une offre d\u2019admission repose sur une combinaison des \u00e9l\u00e9ments suivants :<\/p>\n<ul>\n<li>La note re\u00e7ue avant l\u2019entrevue (approx. 32 %)<\/li>\n<li>La note re\u00e7ue \u00e0 l\u2019entrevue (approx. 68 %)<\/li>\n<li>L\u2019examen complet du dossier par le Comit\u00e9 de s\u00e9lection pour l\u2019admission.\n<ul>\n<li>comprend l&rsquo;examen des formulaires d&rsquo;\u00e9valuation confidentiels (FEC), de notes autobiographiques (NAB) et des ant\u00e9c\u00e9dents scolaires<\/li>\n<\/ul>\n<\/li>\n<\/ul>\n<p>Les points suivants <strong>ne sont pas<\/strong> pris en consid\u00e9ration :<\/p>\n<ul>\n<li>\u00c2ge, genre, identit\u00e9 de genre, expression du genre, race, religion, orientation sexuelle<\/li>\n<li>MCAT (il n\u2019est pas n\u00e9cessaire de r\u00e9ussir le MCAT pour pr\u00e9senter une demande d\u2019admission \u00e0 l\u2019Universit\u00e9 de l\u2019EMNO)<\/li>\n<li>CaSPR (il n\u2019est pas n\u00e9cessaire de r\u00e9ussir le CaSPR pour pr\u00e9senter une demande d\u2019admission \u00e0 l\u2019Universit\u00e9 de l\u2019EMNO)<\/li>\n<\/ul>\n<p><strong>Les demandes incompl\u00e8tes ou qui ne r\u00e9pondent pas aux crit\u00e8res minimum seront disqualifi\u00e9es.<\/strong><\/p>\n<p>Afin que la demande d\u2019admission demeure concurrentielle tout au long du processus de demande il faut veiller \u00e0 r\u00e9pondre \u00e0 toutes les exigences (p. ex. remettre les trois FEC, avoir suivi les cours demand\u00e9s, etc.).<\/p>\n<div class='accordion' data-autoclose='true'>\n<div class='accordion-item closed'>\n<h3 class='accordion-title'>Entrevues<\/h3>\n<div class='accordion-content'>\n<p>L\u2019Universit\u00e9 de l\u2019EMNO invite environ 320 des personnes les mieux class\u00e9es \u00e0 une entrevue en se basant sur leur note totale avant l\u2019entrevue (MPC + note de contexte).<\/p>\n<p><strong>REMARQUE :<\/strong> Le fait de r\u00e9pondre aux exigences minimales ne garantit <strong>pas<\/strong> l\u2019invitation \u00e0 une entrevue.<\/p>\n<p><strong>Dates cl\u00e9s :<\/strong><\/p>\n<ul>\n<li><strong>Invitations \u00e0 une entrevue<\/strong>\n<ul>\n<li>Les invitations sont envoy\u00e9es par courrier \u00e9lectronique en janvier de l\u2019ann\u00e9e potentielle d\u2019inscription.<\/li>\n<\/ul>\n<\/li>\n<li><strong>Dates des entrevues<\/strong>\n<ul>\n<li>Les entrevues de l\u2019Universit\u00e9 de l\u2019EMNO <strong>auront lieu en ligne.<\/strong> Des informations d\u00e9taill\u00e9es sur le processus d\u2019entrevue se trouveront dans votre invitation.<\/li>\n<li>Les entrevues d\u2019admission de l\u2019Universit\u00e9 de l\u2019EMNO pour l\u2019ann\u00e9e 2026 sont pr\u00e9vues pour:\n<ul>\n<li><strong>MEM: jeudi 26 f\u00e9vrier 2026 | 18h 30 HNE<\/strong><\/li>\n<li><strong>PANEL: samedi 28 f\u00e9vrier &amp; dimache 1 mars 2026<\/strong><\/li>\n<\/ul>\n<\/li>\n<\/ul>\n<\/li>\n<li><strong>Avis de d\u00e9cision<\/strong>\n<ul>\n<li>Si nous vous accordons une entrevue, nous vous informerons par courrier \u00e9lectronique de la situation de votre demande (c.-\u00e0-d., admission, liste d&rsquo;attente, refus) le deuxi\u00e8me mardi de mai.<\/li>\n<\/ul>\n<\/li>\n<\/ul>\n<p><strong>Remarque importante :<\/strong> Nous ne conservons pas les demandes d\u2019une ann\u00e9e \u00e0 l\u2019autre. Les personnes non retenues devront pr\u00e9senter une nouvelle demande par l\u2019entremise de l\u2019OMSAS pour le prochain cycle d\u2019admission.<\/p>\n<\/div>\n<\/div>\n<div class='accordion-item closed'>\n<h3 class='accordion-title'>Adaptations pour l\u2019entrevue<\/h3>\n<div class='accordion-content'>\nSi vous avez besoin d&rsquo;adaptations pour un handicap document\u00e9 pour les entrevues, vous devez en informer le Bureau des admissions et du recrutement \u00e9tudiant par \u00e9crit \u00e0 <a href=\"mailto:admissions@nosm.ca\">admissions@nosm.ca<\/a> au moins un mois avant la date de la premi\u00e8re entrevue. Il vous mettra en relation avec la conseill\u00e8re en accessibilit\u00e9 au Bureau des services aux \u00e9tudiants pour discuter de votre demande d\u2019adaptation. Vous devrez aussi fournir la documentation compl\u00e8te \u00e0 l\u2019appui de votre demande.\n<\/div>\n<\/div>\n<div class='accordion-item closed'>\n<h3 class='accordion-title'>Confidentialit\u00e9 des entrevues<\/h3>\n<div class='accordion-content'>\n<p>L\u2019Universit\u00e9 de l\u2019EMNO observe les plus hautes normes d\u00e9ontologiques et de comportement professionnel applicables \u00e0 la population \u00e9tudiante, au corps professoral et au personnel. Toutes les personnes convoqu\u00e9es \u00e0 une entrevue doivent signer une d\u00e9claration de confidentialit\u00e9. Votre signature confirme que vous convenez de ne pas divulguer ce qui suit :<\/p>\n<ul>\n<li>L\u2019identit\u00e9 des personnes qui conduisent les entrevues;<\/li>\n<li>Les questions pos\u00e9es lors de l\u2019entrevue;<\/li>\n<li>Les r\u00e9ponses que vous avez donn\u00e9es lors de l\u2019entrevue.<\/li>\n<\/ul>\n<\/div>\n<\/div>\n<div class='accordion-item closed'>\n<h3 class='accordion-title'>Renseignements pour les personnes non retenues<\/h3>\n<div class='accordion-content'>\n<p>Une demande d\u2019admission en m\u00e9decine est un processus tr\u00e8s concurrentiel, et l\u2019Universit\u00e9 de l\u2019EMNO accueille le plus petit nombre de nouveaux \u00e9tudiants et \u00e9tudiantes au Canada, ce qui rend le processus encore plus concurrentiel.<\/p>\n<p>Nous avons pr\u00e9par\u00e9 un document qui vous permettra d\u2019auto\u00e9valuer votre demande d\u2019admission, et vous encourageons \u00e0 prendre soigneusement connaissance des renseignements fournis dans les pages Web sur les admissions \u00e0 l\u2019Universit\u00e9 de l\u2019EMNO. Consultez la page des <a href=\"https:\/\/www.nosm.ca\/nosm-university-admissions-learner-recruitment\/ume-program-md-degree-admissions\/information-for-unsuccessful-applicants\/\">Renseignements pour les personnes non retenues<\/a> pour effectuer l\u2019auto\u00e9valuation de votre demande.<\/p>\n<\/div>\n<\/div>\n<\/div>\n<p>&nbsp;<\/p>\n<h2>Offres d\u2019admission<\/h2>\n<hr \/>\n<p>Les offres d\u2019admission au programme de formation m\u00e9dicale de premier cycle (FMPC) sont envoy\u00e9es par courriel le deuxi\u00e8me mardi du mois de mai de l\u2019ann\u00e9e potentielle d\u2019inscription. L\u2019acceptation peut d\u00e9pendre du respect de certaines conditions qui sont indiqu\u00e9es dans la lettre d\u2019offre. Si vous acceptez l\u2019offre d\u2019admission, vous devrez effectuer un d\u00e9p\u00f4t de 1 000 $, qui sera appliqu\u00e9 \u00e0 vos droits de scolarit\u00e9 de la premi\u00e8re ann\u00e9e. Vous recevrez des renseignements d\u00e9taill\u00e9s dans votre dossier d\u2019offre d\u2019admission.<\/p>\n<p>Toute la correspondance officielle sur l\u2019\u00e9tat d\u2019une demande est envoy\u00e9e \u00e8 l\u2019adresse courriel inscrite avec l\u2019OMSAS. Nous ne pouvons pas donner de renseignements sur l\u2019\u00e9tat de votre demande par t\u00e9l\u00e9phone ni via une adresse courriel qui n\u2019est pas inscrite avec l\u2019OMSAS.<\/p>\n<p>Il vous incombe de veiller \u00e0 ce que toutes vos coordonn\u00e9es soient \u00e0 jour \u00e0 l\u2019OMSAS.<\/p>\n<h3>Liste d\u2019attente<\/h3>\n<p>Certaines personnes qui re\u00e7oivent une offre d\u2019admission ne l\u2019acceptent pas. Nous tenons une courte liste d\u2019attente de personnes \u00e0 qui envoyer une offre. Nous ne divulguons pas la position (absolue ou relative) d\u2019une personne sur cette liste.<\/p>\n<hr \/>\n<p>Voici des renseignements importants sur les exigences pour les personnes \u00e0 qui l\u2019Universit\u00e9 de l\u2019EMNO a offert une place.<\/p>\n<h3><img loading=\"lazy\" decoding=\"async\" class=\"alignleft wp-image-56746 size-full\" src=\"https:\/\/www.nosm.ca\/wp-content\/uploads\/2022\/10\/1.png\" alt=\"\" width=\"1650\" height=\"1110\" srcset=\"https:\/\/www.nosm.ca\/wp-content\/uploads\/2022\/10\/1.png 1650w, https:\/\/www.nosm.ca\/wp-content\/uploads\/2022\/10\/1-300x202.png 300w, https:\/\/www.nosm.ca\/wp-content\/uploads\/2022\/10\/1-1024x689.png 1024w, https:\/\/www.nosm.ca\/wp-content\/uploads\/2022\/10\/1-768x517.png 768w, https:\/\/www.nosm.ca\/wp-content\/uploads\/2022\/10\/1-1536x1033.png 1536w\" sizes=\"auto, (max-width: 1650px) 100vw, 1650px\" \/><\/h3>\n<h3><\/h3>\n<h3><\/h3>\n<div class='accordion' data-autoclose='true'>\n<div class='accordion-item closed'>\n<h3 class='accordion-title'>Affectation \u00e0 un campus<\/h3>\n<div class='accordion-content'>\n<p>Les personnes invit\u00e9es \u00e0 une entrevue seront demand\u00e9es d\u2019indiquer le campus qu\u2019elles pr\u00e9f\u00e8rent. Les candidates et candidats qui sont retenues seront affect\u00e9es \u00e0 un campus en fonction des places disponibles \u00e0 chaque site. M\u00eame si l&rsquo;Universit\u00e9 de l&rsquo;EMNO s\u2019efforce d\u2019affecter les personnes retenues \u00e0 leur campus pr\u00e9f\u00e9r\u00e9, elle ne peut pas garantir que ce sera le cas pour toutes.<\/p>\n<p>Les demandes de changement de campus ne sont pas prises en compte. Si l&rsquo;Universit\u00e9 de l&rsquo;EMNO vous envoie une offre d\u2019admission, vous aurez les options suivantes :<\/p>\n<ol>\n<li>Accepter l\u2019offre d\u2019admission au campus d\u00e9sign\u00e9;<\/li>\n<li>Refuser l\u2019offre d\u2019admission.<\/li>\n<\/ol>\n<\/div>\n<\/div>\n<div class='accordion-item closed'>\n<h3 class='accordion-title'>Relev\u00e9 de notes final<\/h3>\n<div class='accordion-content'>\n<p>Si vous recevez une offre conditionnelle sur l\u2019obtention de votre grade de premier cycle, vous devrez fournir \u00e0 l\u2019OMSAS la preuve que vous avez obtenu ce grade en lui envoyant votre relev\u00e9 de notes final au plus tard le 30 juin de l\u2019ann\u00e9e d\u2019inscription potentielle.<\/p>\n<p>Si votre registraire a envoy\u00e9 \u00e0 l\u2019OMSAS une lettre officielle indiquant que vous avez r\u00e9pondu \u00e0 toutes les exigences pour obtenir votre grade d\u2019\u00e9tudes sup\u00e9rieures et pourrez le recevoir au printemps de l\u2019ann\u00e9e potentielle d\u2019inscription, vous devrez transmettre votre relev\u00e9 de notes final \u00e0 l\u2019OMSAS le 30 juin au plus tard de l\u2019ann\u00e9e potentielle d\u2019inscription.<\/p>\n<\/div>\n<\/div>\n<div class='accordion-item closed'>\n<h3 class='accordion-title'>Politique d\u2019admission diff\u00e9r\u00e9e<\/h3>\n<div class='accordion-content'>\nPour obtenir des renseignements sur la politique d\u2019admission diff\u00e9r\u00e9e, consultez <a href=\"https:\/\/www.nosm.ca\/fr\/nosm-university-admissions-learner-recruitment\/ume-program-md-degree-admissions\/policies-and-procedures\/\">la page des politiques et proc\u00e9dures du programme de formation m\u00e9dicale de premier cycle (FMPC)<\/a>. Des renseignements se trouvent dans la rubrique <strong>Admissions diff\u00e9r\u00e9es<\/strong>.\n<\/div>\n<\/div>\n<div class='accordion-item closed'>\n<h3 class='accordion-title'>Exigences pour l\u2019inscription<\/h3>\n<div class='accordion-content'>\n<p>L\u2019offre d\u2019admission comprendra des renseignements sur les conditions d\u2019acceptation, notamment :<\/p>\n<ul>\n<li>Preuve de citoyennet\u00e9<\/li>\n<li>V\u00e9rification de l\u2019habilitation \u00e0 travailler aupr\u00e8s de personnes vuln\u00e9rables<\/li>\n<li>Immunisations\/bilan de sant\u00e9<\/li>\n<li>Formation sur la s\u00e9curit\u00e9 culturelle et de l\u2019offre active<\/li>\n<li>Comp\u00e9tences et habilet\u00e9s essentielles requises pour l\u2019admission \u00e0 un programme de grade en m\u00e9decine<\/li>\n<\/ul>\n<\/div>\n<\/div>\n<div class='accordion-item closed'>\n<h3 class='accordion-title'>Preuve de citoyennet\u00e9<\/h3>\n<div class='accordion-content'>\n<p>Une condition d\u2019admission \u00e0 l&rsquo;Universit\u00e9 de l&rsquo;EMNO est la citoyennet\u00e9 canadienne ou le statut de r\u00e9sident permanent dont la preuve doit \u00eatre remise au Bureau des admissions et du recrutement \u00e9tudiant.<\/p>\n<p>Les documents notari\u00e9s\/certifi\u00e9s doivent \u00eatre notari\u00e9s ou certifi\u00e9s par un notaire public. Ils ne doivent pas dater de plus de deux ans avant l\u2019\u00e9ch\u00e9ance pour pr\u00e9senter une demande d\u2019admission, sinon, il faut fournir une nouvelle copie notari\u00e9e ou certifi\u00e9e.<\/p>\n<p>Un des documents suivants sera requis :<\/p>\n<ul>\n<li>Certificat ou acte de naissance canadien. <strong>Remarque :<\/strong> les photocopies notari\u00e9es ou certifi\u00e9es des certificats ou actes de naissance d\u00e9livr\u00e9s par une instance canadienne doivent \u00eatre accompagn\u00e9s d\u2019une pi\u00e8ce d\u2019identit\u00e9 avec photo d\u00e9livr\u00e9e par le gouvernement canadien.<\/li>\n<li>Page du passeport indiquant la citoyennet\u00e9 canadienne<\/li>\n<li>Carte de citoyennet\u00e9 canadienne (les deux c\u00f4t\u00e9s de la carte)<\/li>\n<li>Carte de r\u00e9sident permanent canadienne (les deux c\u00f4t\u00e9s de la carte)<\/li>\n<li>Certificat de citoyennet\u00e9 canadienne<\/li>\n<li>Confirmation de r\u00e9sidence permanente au Canada. <strong>Remarque :<\/strong> la confirmation de r\u00e9sidence permanente doit \u00eatre accompagn\u00e9e d\u2019une preuve d\u2019identit\u00e9 portant une photo \u00e9mise par le gouvernement du Canada.<\/li>\n<\/ul>\n<\/div>\n<\/div>\n<div class='accordion-item closed'>\n<h3 class='accordion-title'>V\u00e9rification de l&rsquo;habilitation \u00e0 travailler aupr\u00e8s de personnes vuln\u00e9rables<\/h3>\n<div class='accordion-content'>\n<p>Vous servirez des populations vuln\u00e9rables tout au long de vos \u00e9tudes de m\u00e9decine. Afin de prot\u00e9ger ces personnes de tout pr\u00e9judice potentiel, les facult\u00e9s de m\u00e9decine de l\u2019Ontario et de nombreux organismes cliniques exigent la confirmation d\u2019absence de condamnation criminelle ou d\u2019accusations criminelles en cours.<\/p>\n<p>Vous devez obtenir \u00e0 vos frais et pr\u00e9senter un extrait de casier judiciaire, y compris les r\u00e9sultats de la v\u00e9rification de l\u2019habilitation \u00e0 travailler aupr\u00e8s de personnes vuln\u00e9rables (VHPV).<\/p>\n<p>Au d\u00e9but de chaque ann\u00e9e d\u2019\u00e9tudes dans le programme de m\u00e9decine, vous devrez signer un formulaire de confirmation de casier judiciaire et de divulgation pour confirmer qu\u2019aucun renseignement fourni dans l\u2019extrait de casier judiciaire n\u2019a chang\u00e9.<\/p>\n<p>L\u2019offre d\u2019admission est conditionnelle \u00e0 la fourniture de ces documents. L\u2019Universit\u00e9 de l\u2019EMNO examine tout dossier pr\u00e9sent\u00e9 avec la mention \u00ab Pas clair \u00bb afin de d\u00e9terminer toute mesure \u00e9ventuelle \u00e0 prendre.<\/p>\n<p>Adressez-vous \u00e0 votre service de police local pour savoir comment obtenir un extrait de casier judiciaire avec la v\u00e9rification de l&rsquo;habilitation \u00e0 travailler aupr\u00e8s de personnes vuln\u00e9rables.<\/p>\n<\/div>\n<\/div>\n<div class='accordion-item closed'>\n<h3 class='accordion-title'>Immunisations\/Bilan de sant\u00e9<\/h3>\n<div class='accordion-content'>\n<p>Tous les nouveaux \u00e9tudiants et \u00e9tudiantes doivent remplir <a href=\"https:\/\/www.nosm.ca\/wp-content\/uploads\/2024\/04\/Learner-Immunization-Form-UME-Version-2022-1.pdf\">le formulaire d\u2019immunisation de la premi\u00e8re ann\u00e9e de l\u2019Universit\u00e9 de l\u2019EMNO<\/a> (en anglais seulement). Les exigences de d\u00e9pistage de l\u2019Universit\u00e9 de l\u2019EMNO sont conformes au protocole de surveillance des maladies transmissibles de l\u2019OHA\/OMA pour les h\u00f4pitaux de l\u2019Ontario, conform\u00e9ment au r\u00e8glement 965, article 4, de la <em>Loi sur les h\u00f4pitaux publics<\/em>, L.R.O. 1990. Nous vous enverrons plus de d\u00e9tails sur les r\u00e8glements sanitaires dans l\u2019offre d\u2019admission au programme.<\/p>\n<p>Le d\u00e9faut de se conformer \u00e0 ces exigences peut entra\u00eener le refus de l\u2019acc\u00e8s aux milieux cliniques.<\/p>\n<p>Pour obtenir d\u2019autres renseignements, consultez la <a href=\"https:\/\/cou.ca\/reports\/cofm-immunization-policy\/\" target=\"_blank\" rel=\"noopener\">politique d\u2019immunisation du Conseil des facult\u00e9s de m\u00e9decine de l\u2019Ontario<\/a>\u00a0(en anglais seulement).<\/p>\n<\/div>\n<\/div>\n<div class='accordion-item closed'>\n<h3 class='accordion-title'>Soins imm\u00e9diats en r\u00e9animation (SIR) pour les fournisseurs de soins de sant\u00e9 (FSS)<\/h3>\n<div class='accordion-content'>\n<p>Il n\u2019est <strong>plus n\u00e9cessaire<\/strong> de fournir de certificat de soins imm\u00e9diats en r\u00e9animation (SIR). Cette formation est offerte \u00e0 toute la nouvelle population \u00e9tudiante en m\u00e9decine durant la semaine d\u2019orientation de l\u2019Universit\u00e9 de l\u2019EMNO.<\/p>\n<\/div>\n<\/div>\n<div class='accordion-item closed'>\n<h3 class='accordion-title'>Formation sur la s\u00e9curit\u00e9 culturelle et de l&rsquo;offre active<\/h3>\n<div class='accordion-content'>\n<p>Tous les nouveaux \u00e9tudiants et nouvelles \u00e9tudiantes sont tenus de suivre une formation sur la s\u00e9curit\u00e9 culturelle et l\u2019offre active avant leur premier jour d\u2019\u00e9tudes de m\u00e9decine \u00e0 l\u2019Universit\u00e9 de l\u2019EMNO. Cette formation vous aidera \u00e0 bien comprendre le contexte dans lequel vous serez form\u00e9s et \u00e0 optimiser vos possibilit\u00e9s d\u2019apprentissage tout au long du programme de FMPC. Elle vous permettra \u00e9galement de bien comprendre la responsabilit\u00e9 sociale qui sous-tend tout ce que l\u2019Universit\u00e9 de l\u2019EMNO fait.<\/p>\n<p>Des renseignements particuliers sur la formation sur la s\u00e9curit\u00e9 culturelle et l\u2019offre active seront inclus dans l\u2019offre d\u2019admission au programme.<\/p>\n<\/div>\n<\/div>\n<div class='accordion-item closed'>\n<h3 class='accordion-title'>Comp\u00e9tences et habilet\u00e9s essentielles requises pour l\u2019admission \u00e0 un programme de grade en m\u00e9decine<\/h3>\n<div class='accordion-content'>\n<p>Afin de r\u00e9pondre aux exigences du programme de m\u00e9decine, et \u00e9viter de graves risques pour la sant\u00e9 et la s\u00e9curit\u00e9 des patients, vous devez acqu\u00e9rir un vaste \u00e9ventail de connaissances, comp\u00e9tences et habilet\u00e9s.<\/p>\n<p>Si vous avez besoin d\u2019adaptations pour entreprendre le programme de FMPC \u00e0 l&rsquo;Universit\u00e9 de l\u2019EMNO, nous vous conseillons de consulter <a href=\"https:\/\/cou.ca\/reports\/essential-skills-study-of-medicine\/\">\u00ab Council of Ontario Faculties of Medicine Policy : Essential Skills and Abilities Required for Entry to a Medical Degree Program \u00bb<\/a> (en anglais seulement).<\/p>\n<p>Si vous avez besoin d\u2019adaptations pour le programme de m\u00e9decine, veuillez \u00e9crire au Bureau des services de soutien \u00e0 la population \u00e9tudiante de l&rsquo;Universit\u00e9 de l&rsquo;EMNO \u00e0 <a href=\"mailto:learnersupportservices@nosm.ca\">learnersupportservices@nosm.ca<\/a>.<\/p>\n<\/div>\n<\/div>\n<\/div>\n<p><\/p>","protected":false},"excerpt":{"rendered":"<p>Processus de s\u00e9lection Toutes les demandes d\u2019admission au programme de m\u00e9decine de l\u2019Universit\u00e9 de l\u2019EMNO sont tout d\u2019abord tri\u00e9es et \u00e9valu\u00e9es en fonction de deux \u00e9l\u00e9ments : Moyenne pond\u00e9r\u00e9e cumulative (MPC) Notation li\u00e9e au contexte . Pond\u00e9r\u00e9s de mani\u00e8re \u00e9gale, la combinaison des deux notes d\u00e9terminera si on vous offre une entrevue. Environ 320 des &hellip; <a href=\"https:\/\/www.nosm.ca\/fr\/nosm-university-admissions-learner-recruitment\/ume-program-md-degree-admissions\/selection-process-offers-of-admission\/\" class=\"more-link\">Continue reading <span class=\"screen-reader-text\">Processus de s\u00e9lection et les offres d\u2019admission<\/span> <span class=\"meta-nav\">&rarr;<\/span><\/a><\/p>\n","protected":false},"author":43,"featured_media":0,"parent":52134,"menu_order":4,"comment_status":"closed","ping_status":"closed","template":"page-templates\/quick-links-2.php","meta":{"_acf_changed":false,"footnotes":""},"class_list":["post-52480","page","type-page","status-publish","hentry"],"acf":[],"_links":{"self":[{"href":"https:\/\/www.nosm.ca\/fr\/wp-json\/wp\/v2\/pages\/52480","targetHints":{"allow":["GET"]}}],"collection":[{"href":"https:\/\/www.nosm.ca\/fr\/wp-json\/wp\/v2\/pages"}],"about":[{"href":"https:\/\/www.nosm.ca\/fr\/wp-json\/wp\/v2\/types\/page"}],"author":[{"embeddable":true,"href":"https:\/\/www.nosm.ca\/fr\/wp-json\/wp\/v2\/users\/43"}],"replies":[{"embeddable":true,"href":"https:\/\/www.nosm.ca\/fr\/wp-json\/wp\/v2\/comments?post=52480"}],"version-history":[{"count":105,"href":"https:\/\/www.nosm.ca\/fr\/wp-json\/wp\/v2\/pages\/52480\/revisions"}],"predecessor-version":[{"id":83893,"href":"https:\/\/www.nosm.ca\/fr\/wp-json\/wp\/v2\/pages\/52480\/revisions\/83893"}],"up":[{"embeddable":true,"href":"https:\/\/www.nosm.ca\/fr\/wp-json\/wp\/v2\/pages\/52134"}],"wp:attachment":[{"href":"https:\/\/www.nosm.ca\/fr\/wp-json\/wp\/v2\/media?parent=52480"}],"curies":[{"name":"wp","href":"https:\/\/api.w.org\/{rel}","templated":true}]}}