{"id":52389,"date":"2022-09-29T13:02:06","date_gmt":"2022-09-29T17:02:06","guid":{"rendered":"https:\/\/www.nosm.ca\/?page_id=52389"},"modified":"2026-01-27T14:05:13","modified_gmt":"2026-01-27T19:05:13","slug":"exceptional-circumstances","status":"publish","type":"page","link":"https:\/\/www.nosm.ca\/fr\/nosm-university-admissions-learner-recruitment\/ume-program-md-degree-admissions\/application-information-requirements\/exceptional-circumstances\/","title":{"rendered":"Circonstances exceptionnelles"},"content":{"rendered":"<p><strong>REMARQUE : Si vous avez d\u00e9j\u00e0 pr\u00e9sent\u00e9 une demande fond\u00e9e sur un handicap, il n\u2019est pas n\u00e9cessaire d\u2019en pr\u00e9senter une autre fond\u00e9e sur des circonstances exceptionnelles.<\/strong><\/p>\n<p>Nous comprenons que certaines personnes puissent rencontrer des obstacles sur le parcours vers la demande d\u2019admission en m\u00e9decine. Dans le cadre de notre engagement envers l\u2019\u00e9quit\u00e9 et l\u2019inclusion, nous souhaitons all\u00e9ger les obstacles dans la mesure du possible tout en assurant un traitement juste pour tout le monde.<\/p>\n<p>Votre candidature peut \u00eatre prise en consid\u00e9ration si des circonstances exceptionnelles ont cr\u00e9\u00e9 une situation d\u00e9savantageuse pour vous. Ce peut \u00eatre des facteurs socio-culturels, m\u00e9dicaux ou financiers.<\/p>\n<p>Les candidats qui pr\u00e9sentent une demande en raison de circonstances exceptionnelles doivent remplir et soumettre le <a href=\"https:\/\/www.nosm.ca\/wp-content\/uploads\/2025\/06\/E2026-Exceptional-Circumstances-Form_Fillable-PDF.pdf\">Formulaire de circonstances exceptionnelles de l\u2019Universit\u00e9 NOSM<\/a>, lequel comprend :<\/p>\n<ul>\n<li>Les circonstances exceptionnelles \u00e0 l\u2019origine du d\u00e9savantage;<\/li>\n<li>La dur\u00e9e des circonstances (dates de d\u00e9but et de fin);<\/li>\n<li>Le lien entre les circonstances d\u00e9crites et votre rendement scolaire (cours pr\u00e9cis touch\u00e9s).<\/li>\n<li>Toutes adaptations scolaires obtenues pr\u00e9c\u00e9demment;<\/li>\n<li>Ce que vous avez fait pour vous adapter \u00e0 ces circonstances ou les surmonter et votre potentiel de r\u00e9ussite \u00e0 l\u2019\u00e9cole de m\u00e9decine;<\/li>\n<\/ul>\n<p>Les facteurs suivants guideront l\u2019examen de la demande :<\/p>\n<ul>\n<li>La cr\u00e9dibilit\u00e9 des circonstances, y compris la documentation \u00e0 l\u2019appui officielle ou objective fournie;<\/li>\n<li>Les adaptations scolaires pr\u00e9c\u00e9dentes dont vous avez b\u00e9n\u00e9fici\u00e9 et leurs incidences;<\/li>\n<li>Les documents appuyant la n\u00e9cessit\u00e9 des adaptations;<\/li>\n<li>Tout documentation \u00e0 l\u2019appui de votre demande, telle que des notes m\u00e9dicales, des rapports d\u2019accident, etc.<\/li>\n<\/ul>\n<p><strong>L\u2019ensemble de la demande (Formulaire de circonstances exceptionnelles et documents \u00e0 l\u2019appui) doit \u00eatre transmise dans un fichier PDF t\u00e9l\u00e9charg\u00e9 dans la Messagerie s\u00e9curis\u00e9e pour candidates et candidats (SAM) avant la <a href=\"https:\/\/www.ouac.on.ca\/guide\/omsas-dates\/\" target=\"_blank\" rel=\"noopener\">date limite de d\u00e9p\u00f4t des candidatures<\/a>.<\/strong><\/p>\n<p>Lorsque le Bureau des admissions \u00e9tablit que les circonstances sont cr\u00e9dibles, limit\u00e9es dans le temps et ont eu une incidence sur le rendement scolaire, il d\u00e9termine les adaptations \u00e9ventuelles \u00e0 effectuer dans l\u2019\u00e9valuation g\u00e9n\u00e9rale de la scolarit\u00e9.<\/p>\n<p>Le Bureau des admissions a toute discr\u00e9tion pour d\u00e9terminer si des adaptations seront effectu\u00e9es et dans quelle mesure. Toutes les d\u00e9cisions sont finales. Comme pour toutes les \u00e9tapes du processus d\u2019admission, notre bureau ne fournit pas de r\u00e9troaction directe concernant la demande d\u2019admission d\u2019un(e) candidat(e).<\/p>\n<p>Pour que les circonstances exceptionnelles soient prises en compte, il faut r\u00e9pondre \u00e0 l\u2019exigence minimale d\u2019admissibilit\u00e9 qui est un grade universitaire de premier cycle couronnant un programme de quatre ans, ou l\u2019\u00e9quivalent, d\u00e9cern\u00e9 par un \u00e9tablissement reconnu dans quelque discipline que ce soit. <strong>Si une demande ne r\u00e9pond pas \u00e0 cette exigence minimale, elle ne sera pas \u00e9valu\u00e9e. Il n\u2019y a aucune latitude \u00e0 cet \u00e9gard.<\/strong><\/p>","protected":false},"excerpt":{"rendered":"<p>REMARQUE : Si vous avez d\u00e9j\u00e0 pr\u00e9sent\u00e9 une demande fond\u00e9e sur un handicap, il n\u2019est pas n\u00e9cessaire d\u2019en pr\u00e9senter une autre fond\u00e9e sur des circonstances exceptionnelles. Nous comprenons que certaines personnes puissent rencontrer des obstacles sur le parcours vers la demande d\u2019admission en m\u00e9decine. Dans le cadre de notre engagement envers l\u2019\u00e9quit\u00e9 et l\u2019inclusion, nous &hellip; <a href=\"https:\/\/www.nosm.ca\/fr\/nosm-university-admissions-learner-recruitment\/ume-program-md-degree-admissions\/application-information-requirements\/exceptional-circumstances\/\" class=\"more-link\">Continue reading <span class=\"screen-reader-text\">Circonstances exceptionnelles<\/span> <span class=\"meta-nav\">&rarr;<\/span><\/a><\/p>\n","protected":false},"author":43,"featured_media":0,"parent":52315,"menu_order":6,"comment_status":"closed","ping_status":"closed","template":"page-templates\/quick-links-2.php","meta":{"_acf_changed":false,"footnotes":""},"class_list":["post-52389","page","type-page","status-publish","hentry"],"acf":[],"_links":{"self":[{"href":"https:\/\/www.nosm.ca\/fr\/wp-json\/wp\/v2\/pages\/52389","targetHints":{"allow":["GET"]}}],"collection":[{"href":"https:\/\/www.nosm.ca\/fr\/wp-json\/wp\/v2\/pages"}],"about":[{"href":"https:\/\/www.nosm.ca\/fr\/wp-json\/wp\/v2\/types\/page"}],"author":[{"embeddable":true,"href":"https:\/\/www.nosm.ca\/fr\/wp-json\/wp\/v2\/users\/43"}],"replies":[{"embeddable":true,"href":"https:\/\/www.nosm.ca\/fr\/wp-json\/wp\/v2\/comments?post=52389"}],"version-history":[{"count":23,"href":"https:\/\/www.nosm.ca\/fr\/wp-json\/wp\/v2\/pages\/52389\/revisions"}],"predecessor-version":[{"id":82503,"href":"https:\/\/www.nosm.ca\/fr\/wp-json\/wp\/v2\/pages\/52389\/revisions\/82503"}],"up":[{"embeddable":true,"href":"https:\/\/www.nosm.ca\/fr\/wp-json\/wp\/v2\/pages\/52315"}],"wp:attachment":[{"href":"https:\/\/www.nosm.ca\/fr\/wp-json\/wp\/v2\/media?parent=52389"}],"curies":[{"name":"wp","href":"https:\/\/api.w.org\/{rel}","templated":true}]}}