{"id":52387,"date":"2022-09-29T13:00:35","date_gmt":"2022-09-29T17:00:35","guid":{"rendered":"https:\/\/www.nosm.ca\/?page_id=52387"},"modified":"2025-02-07T09:59:24","modified_gmt":"2025-02-07T14:59:24","slug":"english-language-proficiency","status":"publish","type":"page","link":"https:\/\/www.nosm.ca\/fr\/nosm-university-admissions-learner-recruitment\/ume-program-md-degree-admissions\/application-information-requirements\/english-language-proficiency\/","title":{"rendered":"Comp\u00e9tence linguistique en anglais"},"content":{"rendered":"<p>La population \u00e9tudiante de l\u2019Universit\u00e9 de l\u2019EMNO doit ma\u00eetriser l\u2019anglais \u00e9crit et parl\u00e9. <strong>Les documents de la demande d\u2019admission doivent \u00eatre pr\u00e9sent\u00e9s en anglais<\/strong>, \u00e0 l\u2019exception des documents suivants :<\/p>\n<ul>\n<li>Des formulaires d\u2019\u00e9valuation confidentielle (FEC) qui peuvent \u00eatre remplis en fran\u00e7ais.<\/li>\n<li>La composition et la lettre de recommandation exig\u00e9es dans le volet des admissions des francophones, qui <strong>doivent<\/strong> \u00eatre remises en fran\u00e7ais.<\/li>\n<\/ul>\n<p>L\u2019Universit\u00e9 de l\u2019EMNO se r\u00e9serve le droit de refuser toute personne dont la facilit\u00e9 pour \u00e9crire et parler en anglais est jug\u00e9e inad\u00e9quate.<\/p>\n<p>Il n\u2019est <strong>pas<\/strong> obligatoire de passer l\u2019examen TOEFL.<\/p>","protected":false},"excerpt":{"rendered":"<p>La population \u00e9tudiante de l\u2019Universit\u00e9 de l\u2019EMNO doit ma\u00eetriser l\u2019anglais \u00e9crit et parl\u00e9. Les documents de la demande d\u2019admission doivent \u00eatre pr\u00e9sent\u00e9s en anglais, \u00e0 l\u2019exception des documents suivants : Des formulaires d\u2019\u00e9valuation confidentielle (FEC) qui peuvent \u00eatre remplis en fran\u00e7ais. La composition et la lettre de recommandation exig\u00e9es dans le volet des admissions des &hellip; <a href=\"https:\/\/www.nosm.ca\/fr\/nosm-university-admissions-learner-recruitment\/ume-program-md-degree-admissions\/application-information-requirements\/english-language-proficiency\/\" class=\"more-link\">Continue reading <span class=\"screen-reader-text\">Comp\u00e9tence linguistique en anglais<\/span> <span class=\"meta-nav\">&rarr;<\/span><\/a><\/p>\n","protected":false},"author":43,"featured_media":0,"parent":52315,"menu_order":7,"comment_status":"closed","ping_status":"closed","template":"page-templates\/quick-links-2.php","meta":{"_acf_changed":false,"footnotes":""},"class_list":["post-52387","page","type-page","status-publish","hentry"],"acf":[],"_links":{"self":[{"href":"https:\/\/www.nosm.ca\/fr\/wp-json\/wp\/v2\/pages\/52387","targetHints":{"allow":["GET"]}}],"collection":[{"href":"https:\/\/www.nosm.ca\/fr\/wp-json\/wp\/v2\/pages"}],"about":[{"href":"https:\/\/www.nosm.ca\/fr\/wp-json\/wp\/v2\/types\/page"}],"author":[{"embeddable":true,"href":"https:\/\/www.nosm.ca\/fr\/wp-json\/wp\/v2\/users\/43"}],"replies":[{"embeddable":true,"href":"https:\/\/www.nosm.ca\/fr\/wp-json\/wp\/v2\/comments?post=52387"}],"version-history":[{"count":14,"href":"https:\/\/www.nosm.ca\/fr\/wp-json\/wp\/v2\/pages\/52387\/revisions"}],"predecessor-version":[{"id":76076,"href":"https:\/\/www.nosm.ca\/fr\/wp-json\/wp\/v2\/pages\/52387\/revisions\/76076"}],"up":[{"embeddable":true,"href":"https:\/\/www.nosm.ca\/fr\/wp-json\/wp\/v2\/pages\/52315"}],"wp:attachment":[{"href":"https:\/\/www.nosm.ca\/fr\/wp-json\/wp\/v2\/media?parent=52387"}],"curies":[{"name":"wp","href":"https:\/\/api.w.org\/{rel}","templated":true}]}}