{"id":52381,"date":"2022-09-29T13:03:06","date_gmt":"2022-09-29T17:03:06","guid":{"rendered":"https:\/\/www.nosm.ca\/?page_id=52381"},"modified":"2025-09-24T13:52:53","modified_gmt":"2025-09-24T17:52:53","slug":"non-academic-considerations","status":"publish","type":"page","link":"https:\/\/www.nosm.ca\/fr\/nosm-university-admissions-learner-recruitment\/ume-program-md-degree-admissions\/application-information-requirements\/non-academic-considerations\/","title":{"rendered":"Consid\u00e9rations non scolaires"},"content":{"rendered":"<p>Les consid\u00e9rations non scolaires comprennent les notes de contexte, les notes autobiographiques (NAB), et les formulaires d\u2019\u00e9valuation confidentielle (FEC).<\/p>\n<div class='accordion' data-autoclose='true'>\n<div class='accordion-item closed'>\n<h3 class='accordion-title'>Note de contexte<\/h3>\n<div class='accordion-content'>\n<p>L\u2019objectif de l\u2019Universit\u00e9 de l\u2019EMNO est d\u2019admettre une classe dont le profil refl\u00e8te la d\u00e9mographie du Nord de l\u2019Ontario, ce qui signifie recruter des Autochtones et des francophones ainsi que des personnes qui souhaitent vivement vivre et travailler dans le Nord de l\u2019Ontario ou dans des r\u00e9gions rurales et \u00e9loign\u00e9es du Canada. Un moyen d\u2019atteindre ce but est d\u2019attribuer une note de contexte \u00e0 chaque candidature.<\/p>\n<p>Cette note repose sur chacun des crit\u00e8res g\u00e9ographiques ou culturels suivants :<\/p>\n<p><img loading=\"lazy\" decoding=\"async\" class=\"alignleft size-full wp-image-70361\" src=\"https:\/\/www.nosm.ca\/wp-content\/uploads\/2024\/07\/Context-Score-Factors-Graphic-FRENCH.jpg\" alt=\"\" width=\"1168\" height=\"333\" srcset=\"https:\/\/www.nosm.ca\/wp-content\/uploads\/2024\/07\/Context-Score-Factors-Graphic-FRENCH.jpg 1168w, https:\/\/www.nosm.ca\/wp-content\/uploads\/2024\/07\/Context-Score-Factors-Graphic-FRENCH-300x86.jpg 300w, https:\/\/www.nosm.ca\/wp-content\/uploads\/2024\/07\/Context-Score-Factors-Graphic-FRENCH-1024x292.jpg 1024w, https:\/\/www.nosm.ca\/wp-content\/uploads\/2024\/07\/Context-Score-Factors-Graphic-FRENCH-768x219.jpg 768w\" sizes=\"auto, (max-width: 1168px) 100vw, 1168px\" \/><br \/>\n<strong>1.<\/strong> Origine nordique : fond\u00e9e sur le nombre d\u2019ann\u00e9es pass\u00e9es dans le Nord de l&rsquo;Ontario ou dans une autre r\u00e9gion nordique canadienne<br \/>\n<strong>2.<\/strong> Origine rurale : fond\u00e9e sur le nombre d\u2019ann\u00e9es pass\u00e9es dans une communaut\u00e9 rurale n\u2019importe o\u00f9 au Canada et qui est d\u00e9finie en utilisant la classification des communaut\u00e9s de Statistique Canada.<br \/>\n<strong>3.<\/strong> Les personnes qui se d\u00e9finissent comme Autochtones et qui pr\u00e9sentent une demande dans le volet des admissions des Autochtones.<br \/>\n<strong>4.<\/strong> Les personnes qui se d\u00e9finissent comme francophones et qui pr\u00e9sentent une demande dans le volet des admissions des francophones.<br \/>\n<strong>5.<\/strong> L\u2019exp\u00e9rience d\u2019emploi au service de populations du Nord de l\u2019Ontario.<\/p>\n<p><strong>Exp\u00e9rience d\u2019emploi pour la note de contexte<\/strong><\/p>\n<p>Les personnes qui n\u2019ont pas v\u00e9cu longtemps dans le Nord de l\u2019Ontario mais se sont rendues dans une ou des communaut\u00e9s du Nord de l&rsquo;Ontario pour y travailler peuvent montrer leur engagement envers le mandat de l\u2019Universit\u00e9 de l\u2019EMNO en pr\u00e9sentant une lettre de confirmation de l\u2019emploi et un formulaire de v\u00e9rification de l\u2019emploi.<\/p>\n<p><strong>REMARQUE :<\/strong>\u00a0Si vous avez v\u00e9cu et travaill\u00e9 dans une communaut\u00e9 pendant un an ou plus, ce renseignement sera indiqu\u00e9 dans la section\u00a0 \u00ab Note de contexte \u2013 D\u00e9mographie \u00bb de la demande. L\u2019exp\u00e9rience d\u2019emploi durant cette p\u00e9riode ne sera pas examin\u00e9e. Pour que l\u2019exp\u00e9rience d&#8217;emploi soit prise en compte, il faut r\u00e9pondre \u00e0 tous les crit\u00e8res suivants\u00a0:<\/p>\n<ul>\n<li>R\u00e9sider en Ontario;<\/li>\n<li>\u00catre dans le Nord de l&rsquo;Ontario durant l\u2019exp\u00e9rience d\u2019emploi;<\/li>\n<li>Avoir travaill\u00e9 au moins 1\u00a0200\u00a0heures par an dans une ou des communaut\u00e9s du Nord de l&rsquo;Ontario pendant trois (3) ann\u00e9es cons\u00e9cutives ou plus;<\/li>\n<li>Pr\u00e9senter toute la documentation d\u2019appoint avant la date d\u2019\u00e9ch\u00e9ance de pr\u00e9sentation des candidatures.<\/li>\n<\/ul>\n<p>Un exemple d\u2019exp\u00e9rience d\u2019emploi pourrait \u00eatre de vivre en dehors du Nord de l&rsquo;Ontario mais de se rendre dans une communaut\u00e9 du Nord de l&rsquo;Ontario pour un emploi r\u00e9mun\u00e9r\u00e9 de 1\u00a0200 heures ou plus par an pendant trois (3) ann\u00e9es cons\u00e9cutives.<\/p>\n<p>Pour que l\u2019exp\u00e9rience d\u2019emploi soit prise en consid\u00e9ration dans la note de contexte, il faut fournir :<\/p>\n<p><strong>1. Une lettre de confirmation de l\u2019emploi <\/strong>qui doit<strong> :<\/strong><\/p>\n<ul>\n<li>\u00eatre sur le papier \u00e0 en-t\u00eate de l\u2019entreprise;<\/li>\n<li>provenir du superviseur, chef ou employeur actuel ou pass\u00e9;<\/li>\n<li>confirmer le poste actuel et\/ou les postes ant\u00e9rieurs;<\/li>\n<li>pr\u00e9ciser toutes les communaut\u00e9s du Nord de l&rsquo;Ontario o\u00f9 l\u2019emploi a eu lieu;<\/li>\n<li>fournir les dates de d\u00e9but et de fin de l\u2019emploi dans les communaut\u00e9s du Nord de l&rsquo;Ontario;<\/li>\n<li>confirmer le nombre d\u2019heures travaill\u00e9es dans chaque communaut\u00e9 du Nord de l&rsquo;Ontario;<\/li>\n<li>\u00eatre pr\u00e9sent\u00e9e en format PDF.<\/li>\n<\/ul>\n<p>ET<\/p>\n<p><strong>2.<\/strong>\u00a0<a href=\"https:\/\/www.nosm.ca\/wp-content\/uploads\/2025\/04\/E2026-Employment-Verification-Form.pdf\" target=\"_blank\" rel=\"noopener\">Formulaire de v\u00e9rification de l\u2019emploi<\/a> (en anglais seulement).<\/p>\n<p>Votre superviseur, chef ou employeur actuel ou pass\u00e9 doit remplir le formulaire de v\u00e9rification de l\u2019emploi.<\/p>\n<p>Vous devez fournir une lettre de confirmation de l\u2019emploi et un <a href=\"https:\/\/www.nosm.ca\/wp-content\/uploads\/2025\/04\/E2026-Employment-Verification-Form.pdf\" target=\"_blank\" rel=\"noopener\"><strong>formulaire de v\u00e9rification de l\u2019emploi<\/strong><\/a> de <strong>chaque<\/strong> employeur afin que plusieurs exp\u00e9riences d\u2019emploi puissent \u00eatre prises en compte dans la note de contexte.<\/p>\n<p>La ou les lettres de confirmation de l\u2019emploi ainsi que le ou les formulaires de v\u00e9rification de l\u2019emploi doivent \u00eatre transmis \u00e0 l\u2019OMSAS dans <strong>un fichier PDF<\/strong> au moyen de la Messagerie s\u00e9curis\u00e9e pour candidates et candidats (SAM) <strong>avant la <a href=\"https:\/\/www.ouac.on.ca\/fr\/guide\/omsas-dates\/\">date limite de d\u00e9p\u00f4t des candidatures<\/a>. Les documents justificatifs incomplets ne seront pas pris en consid\u00e9ration.<\/strong><\/p>\n<p><strong>Remarque :<\/strong> Les personnes qui pr\u00e9sentent leur exp\u00e9rience d\u2019emploi pour obtenir une note de contexte doivent aussi remplir la section d\u00e9mographique de la demande d\u2019admission.<\/p>\n<p>L\u2019Universit\u00e9 de l\u2019EMNO n\u2019applique pas de crit\u00e8res de r\u00e9sidence. Elle emploie un algorithme pour d\u00e9terminer la note de contexte mais ne le rend pas public.<\/p>\n<p>L\u2019Universit\u00e9 de l\u2019EMNO n\u2019a pas de places ou de quota pour les candidatures provenant de \u00ab l\u2019ext\u00e9rieur de la province \u00bb.<\/p>\n<p>Un exemple de formulaire de v\u00e9rification de l\u2019emploi rempli est disponible <strong><a href=\"https:\/\/www.nosm.ca\/wp-content\/uploads\/2025\/04\/E2026-Employment-Verification-Form-Example.pdf\" target=\"_blank\" rel=\"noopener\">ici<\/a><\/strong>.<\/p>\n<\/div>\n<\/div>\n<div class='accordion-item closed'>\n<h3 class='accordion-title'>Notes autobiographiques (NAB)<\/h3>\n<div class='accordion-content'>\n<p><strong>REMARQUE IMPORTANTE : Le processus de demande d\u2019admission au programme de FMPC pour le cycle de 2024 (entr\u00e9e en septembre 2025) a chang\u00e9. Nous ne poserons plus de questions suppl\u00e9mentaires pour la partie des NAB de votre demande. <\/strong>Visitez <a href=\"https:\/\/www.nosm.ca\/nosm-university-admissions-learner-recruitment\/ume-program-md-degree-admissions\/selection-process-offers-of-admission\/\">la page Web du processus de s\u00e9lection<\/a> pour avoir des renseignements \u00e0 jour sur la notation des demandes.<\/p>\n<p>Les notes autobiographiques sont une liste d\u00e9taill\u00e9e et compl\u00e8te de vos activit\u00e9s men\u00e9es depuis l\u2019\u00e2ge de 16 ans dans n\u2019importe laquelle des cat\u00e9gories suivantes :<\/p>\n<ul>\n<li>Emploi<\/li>\n<li>B\u00e9n\u00e9volat<\/li>\n<li>Activit\u00e9s parascolaires<\/li>\n<li>Prix et r\u00e9alisations<\/li>\n<li>Recherche<\/li>\n<li>Autres<\/li>\n<\/ul>\n<p>Indiquez toutes les activit\u00e9s qui donneront une id\u00e9e de qui vous \u00eates. Incluez des exp\u00e9riences structur\u00e9es et libres qui montrent que vous pouvez d\u00e9terminer des besoins dans votre communaut\u00e9 et que vous voulez contribuer \u00e0 y r\u00e9pondre.<\/p>\n<p>Par exemple, on pense souvent que le b\u00e9n\u00e9volat consiste \u00e0 accomplir des activit\u00e9s coordonn\u00e9es par un organisme. Il existe cependant de nombreuses formes de b\u00e9n\u00e9volat. Ainsi, si vous avez grandi dans une communaut\u00e9 agricole et aid\u00e9 un voisin \u00e0 g\u00e9rer sa ferme (p. ex., quand il \u00e9tait malade), ce serait consid\u00e9r\u00e9 comme du b\u00e9n\u00e9volat. Vous devez indiquer une personne avec qui communiquer pour chaque activit\u00e9.<\/p>\n<p>Vous devrez fournir des d\u00e9tails pr\u00e9cis sur vos emplois, activit\u00e9s de b\u00e9n\u00e9volat, activit\u00e9s parascolaires, prix et r\u00e9alisations et vos activit\u00e9s de recherche.<\/p>\n<p>Il vous incombe de d\u00e9terminer les renseignements \u00e0 inclure dans vos notes autobiographiques, les r\u00e9ponses \u00e9crites aux questions et la liste des personnes avec qui communiquer.<\/p>\n<p>Les candidats de grand calibre sont tr\u00e8s motiv\u00e9s, autonomes et prosp\u00e8rent dans un environnement d\u2019apprentissage par cas r\u00e9gionalis\u00e9 en petits groupes.<\/p>\n<p>Nous cherchons des personnes qui d\u00e9sirent vraiment contribuer \u00e0 remplir le mandat de l\u2019Universit\u00e9 de l\u2019EMNO et souscrivent \u00e0 ses valeurs. Voici quelques crit\u00e8res pris en consid\u00e9ration :<\/p>\n<ul>\n<li>S\u2019int\u00e9ressent de toute \u00e9vidence \u00e0 la vie et au travail dans le Nord de l\u2019Ontario ou dans des r\u00e9gions rurales ou \u00e9loign\u00e9es dans le reste du Canada;<\/li>\n<li>Souhaitent r\u00e9ellement travailler avec des populations insuffisamment desservies (peu importe o\u00f9 elles se trouvent);<\/li>\n<li>Poss\u00e8dent des exp\u00e9riences structur\u00e9es et non structur\u00e9es qui montrent leur aptitude \u00e0 d\u00e9terminer les besoins de leur communaut\u00e9 et leur volont\u00e9 de jouer un r\u00f4le dans la r\u00e9ponse \u00e0 ces besoins<\/li>\n<li>Ont un int\u00e9r\u00eat prouv\u00e9 pour les exp\u00e9riences interculturelles;<\/li>\n<li>Ont des exp\u00e9riences d\u2019emploi, de b\u00e9n\u00e9volat et parascolaires (ces exp\u00e9riences ont une valeur \u00e9quivalente).<\/li>\n<\/ul>\n<p><strong>Il faut fournir le nom d\u2019une personne qui peut confirmer chaque activit\u00e9 indiqu\u00e9e.<\/strong><\/p>\n<\/div>\n<\/div>\n<div class='accordion-item closed'>\n<h3 class='accordion-title'>V\u00e9rifications<\/h3>\n<div class='accordion-content'>\n<p>Le Bureau des admissions peut souhaiter v\u00e9rifier des renseignements sur les activit\u00e9s d\u00e9crites dans vos NAB.<\/p>\n<p>Vous devez fournir les noms, adresses et num\u00e9ros de t\u00e9l\u00e9phone des personnes qui peuvent confirmer votre participation \u00e0 chaque activit\u00e9.<\/p>\n<p>Vous devez avertir ces personnes que le Bureau des admissions pourrait communiquer avec elles.<\/p>\n<p>Les activit\u00e9s qui n\u2019ont pas de v\u00e9rificateur ne sont pas prises en compte.<\/p>\n<p>L\u2019Universit\u00e9 de l\u2019EMNO se r\u00e9serve le droit de confirmer les renseignements fournis dans ces sections en consultant les personnes inscrites dans votre liste.<\/p>\n<p><strong>REMARQUE : V\u00e9rifiez que les coordonn\u00e9es de ces personnes (num\u00e9ros de t\u00e9l\u00e9phone et courriel) que vous fournissez sont d\u2019actualit\u00e9 et exacts. Lorsque votre demande a \u00e9t\u00e9 pr\u00e9sent\u00e9e, il est impossible de les modifier.<\/strong><\/p>\n<\/div>\n<\/div>\n<div class='accordion-item closed'>\n<h3 class='accordion-title'>Formulaires d\u2019\u00e9valuation confidentielle (FEC)<\/h3>\n<div class='accordion-content'>\n<p>Vous devez demander \u00e0 trois (3) personnes de fournir une recommandation en remplissant un formulaire d\u2019\u00e9valuation confidentielle (FEC). Vous devriez choisir des personnes qui vous connaissent tr\u00e8s bien personnellement et sont en mesure de faire des commentaires sur :<\/p>\n<ul>\n<li>Votre caract\u00e8re,<\/li>\n<li>Vos qualit\u00e9s personnelles,<\/li>\n<li>Vos capacit\u00e9s scolaires,<\/li>\n<li>Des circonstances sp\u00e9ciales, le cas \u00e9ch\u00e9ant.<\/li>\n<\/ul>\n<p>Individuellement, ces trois (3) personnes ne sont peut-\u00eatre pas bien plac\u00e9es pour \u00e9valuer toutes les caract\u00e9ristiques requises mais collectivement, elles devraient couvrir tous les domaines.<\/p>\n<p>Au moins une de ces personnes ne devrait pas \u00eatre dans le domaine de l\u2019enseignement.<\/p>\n<p>Il est recommand\u00e9 qu\u2019au moins un FEC provienne d\u2019un membre de la communaut\u00e9 ou d\u2019un organisme communautaire et qu\u2019au moins un autre provienne d\u2019une personne dans le domaine de l\u2019enseignement.<\/p>\n<p>Nous acceptons les FEC en fran\u00e7ais.<\/p>\n<p>L\u2019OMSAS doit recevoir les trois (3) FEC avant <a href=\"https:\/\/www.ouac.on.ca\/guide\/omsas-dates\/\">l\u2019\u00e9ch\u00e9ance pour pr\u00e9senter une demande d\u2019admission<\/a>. Il vous incombe de v\u00e9rifier que l\u2019OMSAS a re\u00e7u vos FEC avant la date d\u2019\u00e9ch\u00e9ance. Nous vous recommandons par cons\u00e9quent de confirmer que tous vos \u00e9valuateurs ont envoy\u00e9 les FEC avant la date d\u2019\u00e9ch\u00e9ance. <strong>Si l\u2019OMSAS ne re\u00e7oit pas les trois (3) FEC avant <a href=\"https:\/\/www.ouac.on.ca\/guide\/omsas-dates\/\">l\u2019\u00e9ch\u00e9ance pour pr\u00e9senter une demande d\u2019admission<\/a>, votre demande ne sera pas retenue<\/strong>. <strong>Une fois votre demande soumise, aucune modification ne peut \u00eatre apport\u00e9e aux informations de contact du v\u00e9rificateur.<\/strong><\/p>\n<\/div>\n<\/div>\n<\/div>\n<p>&nbsp;<\/p>","protected":false},"excerpt":{"rendered":"<p>Les consid\u00e9rations non scolaires comprennent les notes de contexte, les notes autobiographiques (NAB), et les formulaires d\u2019\u00e9valuation confidentielle (FEC). &nbsp;<\/p>\n","protected":false},"author":43,"featured_media":0,"parent":52315,"menu_order":4,"comment_status":"closed","ping_status":"closed","template":"page-templates\/quick-links-2.php","meta":{"_acf_changed":false,"footnotes":""},"class_list":["post-52381","page","type-page","status-publish","hentry"],"acf":[],"_links":{"self":[{"href":"https:\/\/www.nosm.ca\/fr\/wp-json\/wp\/v2\/pages\/52381","targetHints":{"allow":["GET"]}}],"collection":[{"href":"https:\/\/www.nosm.ca\/fr\/wp-json\/wp\/v2\/pages"}],"about":[{"href":"https:\/\/www.nosm.ca\/fr\/wp-json\/wp\/v2\/types\/page"}],"author":[{"embeddable":true,"href":"https:\/\/www.nosm.ca\/fr\/wp-json\/wp\/v2\/users\/43"}],"replies":[{"embeddable":true,"href":"https:\/\/www.nosm.ca\/fr\/wp-json\/wp\/v2\/comments?post=52381"}],"version-history":[{"count":58,"href":"https:\/\/www.nosm.ca\/fr\/wp-json\/wp\/v2\/pages\/52381\/revisions"}],"predecessor-version":[{"id":80799,"href":"https:\/\/www.nosm.ca\/fr\/wp-json\/wp\/v2\/pages\/52381\/revisions\/80799"}],"up":[{"embeddable":true,"href":"https:\/\/www.nosm.ca\/fr\/wp-json\/wp\/v2\/pages\/52315"}],"wp:attachment":[{"href":"https:\/\/www.nosm.ca\/fr\/wp-json\/wp\/v2\/media?parent=52381"}],"curies":[{"name":"wp","href":"https:\/\/api.w.org\/{rel}","templated":true}]}}