{"id":52379,"date":"2022-09-29T12:58:50","date_gmt":"2022-09-29T16:58:50","guid":{"rendered":"https:\/\/www.nosm.ca\/?page_id=52379"},"modified":"2025-02-06T14:57:17","modified_gmt":"2025-02-06T19:57:17","slug":"course-prerequisites","status":"publish","type":"page","link":"https:\/\/www.nosm.ca\/fr\/nosm-university-admissions-learner-recruitment\/ume-program-md-degree-admissions\/application-information-requirements\/course-prerequisites\/","title":{"rendered":"Cours pr\u00e9alables"},"content":{"rendered":"<p>L\u2019Universit\u00e9 de l\u2019EMNO n\u2019exige<strong> pas<\/strong> de cours pr\u00e9alables particuliers mais elle appr\u00e9cie les preuves d\u2019une vaste formation de premier cycle.<\/p>\n<p>Il est recommand\u00e9 que les personnes poss\u00e9dant une majeure en sciences aient suivi au moins deux \u00e9quivalents de cours complets* en arts, sciences sociales et\/ou sciences humaines, et que les personnes poss\u00e9dant une majeure en arts, sciences sociales et\/ou sciences humaines aient suivi au moins deux \u00e9quivalents de cours complets* en sciences.<\/p>\n<p><em>* Deux \u00e9quivalents de cours complets s\u2019entend de cr\u00e9dits de deux cours durant toute l\u2019ann\u00e9e, de quatre cours d\u2019une session, ou d\u2019une combinaison de cr\u00e9dits d\u2019un cours complet et de deux cours d\u2019une session.<\/em><\/p>\n<p>L\u2019\u00e9tablissement que vous fr\u00e9quentez ou avez fr\u00e9quent\u00e9 d\u00e9termine si un cours est dans les \u00ab arts, sciences sociales, sciences humaines ou sciences \u00bb. Si vous avez des doutes sur la d\u00e9signation d\u2019un cours, veuillez v\u00e9rifier aupr\u00e8s du bureau du registraire de l\u2019\u00e9tablissement o\u00f9 le cours est ou a \u00e9t\u00e9 offert.<\/p>","protected":false},"excerpt":{"rendered":"<p>L\u2019Universit\u00e9 de l\u2019EMNO n\u2019exige pas de cours pr\u00e9alables particuliers mais elle appr\u00e9cie les preuves d\u2019une vaste formation de premier cycle. Il est recommand\u00e9 que les personnes poss\u00e9dant une majeure en sciences aient suivi au moins deux \u00e9quivalents de cours complets* en arts, sciences sociales et\/ou sciences humaines, et que les personnes poss\u00e9dant une majeure en &hellip; <a href=\"https:\/\/www.nosm.ca\/fr\/nosm-university-admissions-learner-recruitment\/ume-program-md-degree-admissions\/application-information-requirements\/course-prerequisites\/\" class=\"more-link\">Continue reading <span class=\"screen-reader-text\">Cours pr\u00e9alables<\/span> <span class=\"meta-nav\">&rarr;<\/span><\/a><\/p>\n","protected":false},"author":43,"featured_media":0,"parent":52315,"menu_order":3,"comment_status":"closed","ping_status":"closed","template":"page-templates\/quick-links-2.php","meta":{"_acf_changed":false,"footnotes":""},"class_list":["post-52379","page","type-page","status-publish","hentry"],"acf":[],"_links":{"self":[{"href":"https:\/\/www.nosm.ca\/fr\/wp-json\/wp\/v2\/pages\/52379","targetHints":{"allow":["GET"]}}],"collection":[{"href":"https:\/\/www.nosm.ca\/fr\/wp-json\/wp\/v2\/pages"}],"about":[{"href":"https:\/\/www.nosm.ca\/fr\/wp-json\/wp\/v2\/types\/page"}],"author":[{"embeddable":true,"href":"https:\/\/www.nosm.ca\/fr\/wp-json\/wp\/v2\/users\/43"}],"replies":[{"embeddable":true,"href":"https:\/\/www.nosm.ca\/fr\/wp-json\/wp\/v2\/comments?post=52379"}],"version-history":[{"count":10,"href":"https:\/\/www.nosm.ca\/fr\/wp-json\/wp\/v2\/pages\/52379\/revisions"}],"predecessor-version":[{"id":76049,"href":"https:\/\/www.nosm.ca\/fr\/wp-json\/wp\/v2\/pages\/52379\/revisions\/76049"}],"up":[{"embeddable":true,"href":"https:\/\/www.nosm.ca\/fr\/wp-json\/wp\/v2\/pages\/52315"}],"wp:attachment":[{"href":"https:\/\/www.nosm.ca\/fr\/wp-json\/wp\/v2\/media?parent=52379"}],"curies":[{"name":"wp","href":"https:\/\/api.w.org\/{rel}","templated":true}]}}