{"id":52315,"date":"2022-09-29T12:56:56","date_gmt":"2022-09-29T16:56:56","guid":{"rendered":"https:\/\/www.nosm.ca\/?page_id=52315"},"modified":"2025-09-24T13:01:34","modified_gmt":"2025-09-24T17:01:34","slug":"application-information-requirements","status":"publish","type":"page","link":"https:\/\/www.nosm.ca\/fr\/nosm-university-admissions-learner-recruitment\/ume-program-md-degree-admissions\/application-information-requirements\/","title":{"rendered":"Renseignements sur les demandes et crit\u00e8res d\u2019admissions"},"content":{"rendered":"<p><\/p>\n<h2>Renseignements sur les demandes<\/h2>\n<hr \/>\n<p>Toutes les demandes d\u2019admission aux six \u00e9tablissements de formation en m\u00e9decine de l\u2019Ontario sont trait\u00e9es par <a href=\"https:\/\/www.ouac.on.ca\/fr\/guide\/omsas-dates\/\" target=\"_blank\" rel=\"noopener\">l\u2019Ontario Medical School Application Service (OMSAS)<\/a>. Pour pr\u00e9senter une demande d\u2019admission \u00e0 l\u2019Universit\u00e9 de l\u2019EMNO, les candidates et candidats doivent s\u2019inscrire et cr\u00e9er un compte \u00e0 l\u2019OMSAS. <strong>La p\u00e9riode pour d\u00e9poser une demande aupr\u00e8s de l&rsquo;OMSAS ouvre \u00e0 la mi-juillet et se termine la premi\u00e8re semaine d\u2019octobre <\/strong>pour l\u2019admission au mois de septembre suivant.<\/p>\n<p><strong>L\u2019Universit\u00e9 de l\u2019EMNO se r\u00e9serve le droit de revoir et de modifier les crit\u00e8res d\u2019admission en tout temps et sans pr\u00e9avis.<\/strong> Consultez r\u00e9guli\u00e8rement notre site Web pour avoir des renseignements \u00e0 jour.<\/p>\n<p>Tous les documents et formulaires de demande doivent \u00eatre transmis par l\u2019entremise de l\u2019OMSAS. Les candidatures sont \u00e9valu\u00e9es uniquement \u00e0 partir de la documentation fournie \u00e0 l\u2019OMSAS <a href=\"https:\/\/www.ouac.on.ca\/guide\/omsas-dates\/\" target=\"_blank\" rel=\"noopener\">avant l&rsquo;\u00e9ch\u00e9ance<\/a>. Les addendas ou documents suppl\u00e9mentaires achemin\u00e9s directement \u00e0 l\u2019Universit\u00e9 de l\u2019EMNO seront d\u00e9truits.<\/p>\n<p><strong>Veuillez noter que les \u00e9ch\u00e9ances de pr\u00e9sentation des demandes d\u2019admission sont strictement respect\u00e9es<\/strong>. Toute la documentation requise doit \u00eatre transmise avant les dates indiqu\u00e9es sur le <a href=\"https:\/\/www.ouac.on.ca\/fr\/guide\/omsas-dates\/\" target=\"_blank\" rel=\"noopener\">site Web de l\u2019OMSAS<\/a>. Les personnes qui ne respectent pas les \u00e9ch\u00e9ances ou les exigences sont disqualifi\u00e9es.<\/p>\n<p><strong>L\u2019Universit\u00e9 de l\u2019EMNO de garde pas les demandes d\u2019une ann\u00e9e \u00e0 l\u2019autre<\/strong>. Les candidates et candidats qui n\u2019ont pas re\u00e7u une offre d\u2019admission doivent pr\u00e9senter une nouvelle demande \u00e0 l\u2019OMSAS dans le cadre du prochain cycle d\u2019admission.<\/p>\n<p>L\u2019Universit\u00e9 de l&rsquo;EMNO ne fournit <strong>pas<\/strong> de commentaires individuels et ne r\u00e9examine pas les candidatures des personnes non retenues. Elle recommande \u00e0 ces personnes d\u2019effectuer une auto\u00e9valuation \u00e0 l\u2019aide des ressources et renseignements en ligne. Consultez nos pages Web portant sur le <a href=\"https:\/\/www.nosm.ca\/nosm-university-admissions-learner-recruitment\/ume-program-md-degree-admissions\/selection-process-offers-of-admission\/\">processus de s\u00e9lection<\/a> et <a href=\"https:\/\/www.nosm.ca\/nosm-university-admissions-learner-recruitment\/ume-program-md-degree-admissions\/information-for-unsuccessful-applicants\/\">les renseignements pour les personnes non retenues<\/a>.<\/p>\n<p>Si vous avez des questions apr\u00e8s avoir pris connaissance des renseignements fournis dans le site Web, participez \u00e0 une conversation virtuelle avec une agente des admissions. Les dates et heures possibles sont affich\u00e9es sur la page Web \u00ab <a href=\"https:\/\/www.nosm.ca\/nosm-university-admissions-learner-recruitment\/ume-program-md-degree-admissions\/chat-with-an-admissions-officer\/\">Conversation avec une agente des admissions<\/a> \u00bb. L\u2019agente <strong>ne fournira<\/strong> aucun commentaire individuel (c.-\u00e0-d., les notes) mais passera en revue le processus de candidature et les exigences, et expliquera comment une candidature est \u00e9valu\u00e9e.<\/p>\n<div class='accordion' data-autoclose='true'>\n<div class='accordion-item closed'>\n<h3 class='accordion-title'>Programme pilote d\u2019exon\u00e9ration des frais de demande d\u2019admission dans les facult\u00e9s de m\u00e9decine de l\u2019Ontario (2025-2026)<\/h3>\n<div class='accordion-content'>\n<p>Si les frais de demande d\u2019admission \u00e0 une \u00e9cole de m\u00e9decine constituent un fardeau important pour vous, envisagez de pr\u00e9senter une demande au <strong>Programme pilote d\u2019exon\u00e9ration des frais de demande d\u2019admission dans les facult\u00e9s de m\u00e9decine de l\u2019Ontario<\/strong> qui pourrait vous faire\u00a0\u00e9conomiser environ 610 $.<\/p>\n<p>Ce programme pilote subventionne les frais de demande d\u2019admission \u00e0 un maximum de trois \u00e9coles de m\u00e9decine de l\u2019Ontario par cycle de candidature. La p\u00e9riode de d\u00e9p\u00f4t des candidatures d\u00e9bute habituellement \u00e0 la fin juin et se termine \u00e0 la fin ao\u00fbt.\u00a0Les crit\u00e8res d\u2019admissibilit\u00e9 et les dates exactes sont indiqu\u00e9s dans le site Web officiel du programme.<\/p>\n<p><strong>Pour obtenir d\u2019autres renseignements<\/strong><\/p>\n<p>Ce programme a \u00e9t\u00e9 con\u00e7u en collaboration avec l\u2019Association des facult\u00e9s de m\u00e9decine du Canada (AFMC), le Council of Ontario Faculties of Medicine (COFM), le Centre de r\u00e9ception des demandes d\u2019admission aux universit\u00e9s de l\u2019Ontario (OUAC), et Price of a Dream (POD).<\/p>\n<ul>\n<li>Pour obtenir d\u2019autres renseignements, consultez le <a href=\"https:\/\/www.afmc.ca\/fr\/strategic-priorities\/education\/aspirants-applicants\/\"><strong>site Web de l\u2019AFMC<\/strong><\/a>.<\/li>\n<li>Si vous avez des questions, <a href=\"mailto:mcat-fap-paf@afmc.ca\"><strong>envoyez-les \u00e0 l\u2019AFMC<\/strong><\/a>.<\/li>\n<li>Pour obtenir des ressources pour appuyer votre demande d\u2019exon\u00e9ration des frais de demande d\u2019admission, <a href=\"mailto:mdpriceofadream@gmail.com\"><strong>\u00e9crivez \u00e0 POD<\/strong><\/a> ou <a href=\"https:\/\/www.instagram.com\/priceofadream_md\/\"><strong>communiquez avec POD sur Instagram<\/strong><\/a>.<\/li>\n<\/ul>\n<\/div>\n<\/div>\n<div class='accordion-item closed'>\n<h3 class='accordion-title'>Falsification des renseignements fournis dans la demande<\/h3>\n<div class='accordion-content'>\n<p>L\u2019Universit\u00e9 de l\u2019EMNO se r\u00e9serve le droit de d\u00e9terminer la v\u00e9racit\u00e9 de toute d\u00e9claration faite dans une demande d\u2019admission.<\/p>\n<p>Si elle d\u00e9termine que des renseignements sont faux ou trompeurs, ou n\u2019ont pas \u00e9t\u00e9 r\u00e9v\u00e9l\u00e9s, la demande sera disqualifi\u00e9e ou, si ces faits sont d\u00e9couverts apr\u00e8s l\u2019envoi de l\u2019offre d\u2019admission, celle-ci sera retir\u00e9e. Si ces faits sont d\u00e9couverts apr\u00e8s l\u2019admission au programme de m\u00e9decine, la personne devra se retirer du programme. Toute personne qui a commis ces m\u00e9faits n\u2019aura pas le droit de pr\u00e9senter une demande d\u2019admission \u00e0 l\u2019Universit\u00e9 de l\u2019EMNO pendant cinq ans.<\/p>\n<\/div>\n<\/div>\n<div class='accordion-item closed'>\n<h3 class='accordion-title'>Renseignements sur le programme d\u2019\u00e9tudes<\/h3>\n<div class='accordion-content'>\n<p>Les technologies de l&rsquo;information et de la communication sont essentielles pour r\u00e9ussir dans notre programme de m\u00e9decine de premier cycle. Une grande partie des documents d\u2019apprentissage sont fournis par voie \u00e9lectronique, ce qui permet d\u2019exploiter pleinement la richesse des ressources p\u00e9dagogiques disponibles.<\/p>\n<p>Que vous soyez dans les grands centres r\u00e9gionaux de Thunder Bay et de Sudbury ou dans des communaut\u00e9s petites et \u00e9loign\u00e9es, vous aurez acc\u00e8s \u00e0 l\u2019information et aux ressources \u00e9ducatives comme si vous \u00e9tiez dans un grand h\u00f4pital universitaire m\u00e9tropolitain.<\/p>\n<p>D\u2019autres renseignements sur le programme de formation en m\u00e9decine de premier cycle (FMPC) et sur sa structure se trouvent sur <a href=\"https:\/\/www.nosm.ca\/education\/md-program\/\">la page Web du programme de m\u00e9decine<\/a>.<\/p>\n<\/div>\n<\/div>\n<\/div>\n<p>&nbsp;<\/p>\n<h2>Crit\u00e8res d\u2019admission<\/h2>\n<hr \/>\n<p>Toutes les candidatures au programme de FMPC de l&rsquo;Universit\u00e9 de l&rsquo;EMNO sont examin\u00e9es dans le <strong>volet des admissions g\u00e9n\u00e9rales<\/strong>\u00a0\u00e0 moins qu\u2019elles n\u2019aient \u00e9t\u00e9 pr\u00e9sent\u00e9es dans un ou plusieurs des volets suivants :<\/p>\n<ul>\n<li><a href=\"https:\/\/www.nosm.ca\/nosm-university-admissions-learner-recruitment\/ume-program-md-degree-admissions\/who-should-apply\/indigenous-admission-stream\/\">Volet des admissions des Autochtones<\/a><\/li>\n<li><a href=\"https:\/\/www.nosm.ca\/nosm-university-admissions-learner-recruitment\/ume-program-md-degree-admissions\/who-should-apply\/francophone-admission-stream\/\">Volet des admissions des francophones<\/a><\/li>\n<li><a href=\"https:\/\/www.nosm.ca\/fr\/nosm-university-admissions-learner-recruitment\/ume-program-md-degree-admissions\/admission-streams\/black-admission-stream\/\">Volet des admission des personnes noires<\/a><\/li>\n<li><a href=\"https:\/\/www.nosm.ca\/nosm-university-admissions-learner-recruitment\/ume-program-md-degree-admissions\/admission-streams\/military-medical-training-program-mmtp-stream\/\">Volet du Programme militaire d\u2019\u00e9tudes de m\u00e9decine (PMEM)<\/a> (en pause pour le moment)<\/li>\n<\/ul>\n<p><strong>IMPORTANT : Les personnes qui posent leur candidature dans un ou plusieurs des volets ci-dessus devraient examiner soigneusement les crit\u00e8res suppl\u00e9mentaires dans la page \u00ab <a href=\"https:\/\/www.nosm.ca\/nosm-university-admissions-learner-recruitment\/ume-program-md-degree-admissions\/admission-streams\/\">Volets des admissions<\/a> \u00bb.<\/strong><\/p>\n<p>Pour \u00eatre prises en consid\u00e9ration, toutes les candidatures, peu importe le volet, doivent r\u00e9pondre aux crit\u00e8res d\u2019admission et contenir tous les documents requis.<\/p>\n<p><strong>S\u00e9lectionnez les tuiles ci-dessous pour passer en revue les conditions d&rsquo;admission au programme de FMPC de l&rsquo;Universit\u00e9 de l&rsquo;EMNO.<\/strong><\/p>\n<hr \/>\n<p>Suivez le compte Instagram g\u00e9r\u00e9 par les \u00e9tudiants, <strong><a href=\"https:\/\/www.instagram.com\/nosm_futuremds\/\" target=\"_blank\" rel=\"noopener\">NOSM_FutureMD&rsquo;s<\/a><\/strong> pour conna\u00eetre les derni\u00e8res nouvelles et avoir des informations, des conseils et faire l&rsquo;exp\u00e9rience d\u2019une journ\u00e9e dans la vie d\u2019un de l&rsquo;Universit\u00e9 de l&rsquo;EMNO!<\/p>\n<p style=\"text-align: left;\">Suivez-nous sur les m\u00e9dias sociaux :<\/p>\n<p><a href=\"https:\/\/www.facebook.com\/thenosm\" target=\"_blank\" rel=\"noopener noreferrer\"><img loading=\"lazy\" decoding=\"async\" class=\"wp-image-31833 size-full alignleft\" src=\"https:\/\/www.nosm.ca\/wp-content\/uploads\/2024\/05\/Facebook-Icon.png\" alt=\"\" width=\"35\" height=\"31\" \/><\/a><a href=\"https:\/\/twitter.com\/#!\/thenosm\" target=\"_blank\" rel=\"noopener\"><img loading=\"lazy\" decoding=\"async\" class=\"alignleft wp-image-68714\" src=\"https:\/\/www.nosm.ca\/wp-content\/uploads\/2024\/05\/Twitter-X-Icon.png\" alt=\"\" width=\"30\" height=\"32\" \/><\/a><a href=\"https:\/\/www.instagram.com\/thenosm\/\" target=\"_blank\" rel=\"noopener noreferrer\"><img loading=\"lazy\" decoding=\"async\" class=\"wp-image-31834 size-full alignleft\" src=\"https:\/\/www.nosm.ca\/wp-content\/uploads\/2024\/05\/Instagram-Icon.png\" alt=\"\" width=\"36\" height=\"35\" \/><\/a><a href=\"https:\/\/www.youtube.com\/user\/NOSMtv\/feed\" target=\"_blank\" rel=\"noopener noreferrer\"><img loading=\"lazy\" decoding=\"async\" class=\"wp-image-31837 alignleft\" src=\"https:\/\/www.nosm.ca\/wp-content\/uploads\/2024\/05\/YouTube-Icon.png\" alt=\"\" width=\"37\" height=\"32\" \/><\/a><a href=\"https:\/\/ca.linkedin.com\/company\/nosm\" target=\"_blank\" rel=\"noopener noreferrer\"><img loading=\"lazy\" decoding=\"async\" class=\"wp-image-31835 size-full alignleft\" src=\"https:\/\/www.nosm.ca\/wp-content\/uploads\/2024\/05\/LinkedIn-Icon.png\" alt=\"\" width=\"33\" height=\"33\" \/><\/a><\/p>\n<hr \/>\n<p><\/p>","protected":false},"excerpt":{"rendered":"<p>Renseignements sur les demandes Toutes les demandes d\u2019admission aux six \u00e9tablissements de formation en m\u00e9decine de l\u2019Ontario sont trait\u00e9es par l\u2019Ontario Medical School Application Service (OMSAS). Pour pr\u00e9senter une demande d\u2019admission \u00e0 l\u2019Universit\u00e9 de l\u2019EMNO, les candidates et candidats doivent s\u2019inscrire et cr\u00e9er un compte \u00e0 l\u2019OMSAS. La p\u00e9riode pour d\u00e9poser une demande aupr\u00e8s de &hellip; <a href=\"https:\/\/www.nosm.ca\/fr\/nosm-university-admissions-learner-recruitment\/ume-program-md-degree-admissions\/application-information-requirements\/\" class=\"more-link\">Continue reading <span class=\"screen-reader-text\">Renseignements sur les demandes et crit\u00e8res d\u2019admissions<\/span> <span class=\"meta-nav\">&rarr;<\/span><\/a><\/p>\n","protected":false},"author":43,"featured_media":0,"parent":52134,"menu_order":2,"comment_status":"closed","ping_status":"closed","template":"page-templates\/pg-landing2.php","meta":{"_acf_changed":false,"footnotes":""},"class_list":["post-52315","page","type-page","status-publish","hentry"],"acf":[],"_links":{"self":[{"href":"https:\/\/www.nosm.ca\/fr\/wp-json\/wp\/v2\/pages\/52315","targetHints":{"allow":["GET"]}}],"collection":[{"href":"https:\/\/www.nosm.ca\/fr\/wp-json\/wp\/v2\/pages"}],"about":[{"href":"https:\/\/www.nosm.ca\/fr\/wp-json\/wp\/v2\/types\/page"}],"author":[{"embeddable":true,"href":"https:\/\/www.nosm.ca\/fr\/wp-json\/wp\/v2\/users\/43"}],"replies":[{"embeddable":true,"href":"https:\/\/www.nosm.ca\/fr\/wp-json\/wp\/v2\/comments?post=52315"}],"version-history":[{"count":124,"href":"https:\/\/www.nosm.ca\/fr\/wp-json\/wp\/v2\/pages\/52315\/revisions"}],"predecessor-version":[{"id":80793,"href":"https:\/\/www.nosm.ca\/fr\/wp-json\/wp\/v2\/pages\/52315\/revisions\/80793"}],"up":[{"embeddable":true,"href":"https:\/\/www.nosm.ca\/fr\/wp-json\/wp\/v2\/pages\/52134"}],"wp:attachment":[{"href":"https:\/\/www.nosm.ca\/fr\/wp-json\/wp\/v2\/media?parent=52315"}],"curies":[{"name":"wp","href":"https:\/\/api.w.org\/{rel}","templated":true}]}}