{"id":52206,"date":"2022-09-29T13:08:31","date_gmt":"2022-09-29T17:08:31","guid":{"rendered":"https:\/\/www.nosm.ca\/?page_id=52206"},"modified":"2025-09-24T13:39:54","modified_gmt":"2025-09-24T17:39:54","slug":"admission-streams","status":"publish","type":"page","link":"https:\/\/www.nosm.ca\/fr\/nosm-university-admissions-learner-recruitment\/ume-program-md-degree-admissions\/admission-streams\/","title":{"rendered":"Volets des admissions"},"content":{"rendered":"<p>L\u2019objectif de l\u2019Universit\u00e9 de l\u2019EMNO est d\u2019admettre une classe dont le profil refl\u00e8te la d\u00e9mographie du Nord de l\u2019Ontario, ce qui signifie recruter une population \u00e9tudiante autochtone et francophone, des personnes structurellement marginalis\u00e9es ainsi que celles qui souhaitent vivement vivre et travailler dans le Nord de l\u2019Ontario ou dans des r\u00e9gions rurales et \u00e9loign\u00e9es du Canada.<\/p>\n<p>Toutes les candidatures au programme de m\u00e9decine de l\u2019Universit\u00e9 de l\u2019EMNO sont examin\u00e9es dans le <strong>volet g\u00e9n\u00e9ral des admissions<\/strong> \u00e0 moins qu\u2019elles n\u2019aient \u00e9t\u00e9 pr\u00e9sent\u00e9es dans <strong>un ou plusieurs <\/strong>volets suivants :<\/p>\n<ul>\n<li><a href=\"https:\/\/www.nosm.ca\/nosm-university-admissions-learner-recruitment\/ume-program-md-degree-admissions\/who-should-apply\/indigenous-admission-stream\/\">Volet des admission des Autochtones<\/a><\/li>\n<li><a href=\"https:\/\/www.nosm.ca\/nosm-university-admissions-learner-recruitment\/ume-program-md-degree-admissions\/who-should-apply\/francophone-admission-stream\/\">Volet des admission des francophones<\/a><\/li>\n<li><a href=\"https:\/\/www.nosm.ca\/nosm-university-admissions-learner-recruitment\/ume-program-md-degree-admissions\/admission-streams\/black-admission-stream\/\">Volet des admission des personnes noires<\/a><\/li>\n<li><a href=\"https:\/\/www.nosm.ca\/nosm-university-admissions-learner-recruitment\/ume-program-md-degree-admissions\/admission-streams\/military-medical-training-program-mmtp-stream\/\">Volet du Programme militaire d\u2019\u00e9tudes de m\u00e9decine (PMEM)<\/a> (en pause pour le moment)<\/li>\n<\/ul>\n<p>&nbsp;<\/p>\n<h2>D\u00e9claration d\u2019identit\u00e9 volontaire<\/h2>\n<hr \/>\n<p>Il est possible de se d\u00e9finir comme suit dans la candidature \u00e0 l\u2019OMSAS :<\/p>\n<ul>\n<li>Personne d\u2019origine autochtone, des Premi\u00e8res Nations, inuite et m\u00e9tisse<\/li>\n<li>Francophone<\/li>\n<li>Citoyennes et citoyens canadiens et r\u00e9sidentes et r\u00e9sidents permanents qui se d\u00e9finissent comme personnes noires d\u2019origine africaine, afro-carib\u00e9enne, afro-nord-am\u00e9ricaine ou d\u2019origine mixte et qui se d\u00e9finissent par leur ascendance noire.<\/li>\n<\/ul>\n<p>Les personnes qui appartiennent \u00e0 l\u2019un de ces groupes seront prises en consid\u00e9ration dans le <strong>volet g\u00e9n\u00e9ral des admissions<\/strong> \u00e0 moins de poser leur candidature dans <strong>un ou plusieurs<\/strong> des autres volets.<\/p>\n<p>&nbsp;<\/p>\n<h2>Volets des admissions \u00e0 l&rsquo;Universit\u00e9 de l&rsquo;EMNO<\/h2>\n<hr \/>\n<p><strong>S\u00e9lectionnez les tuiles ci-dessous pour passer en revue les conditions d\u2019admission au volets des admissions du programme de FMPC de l\u2019Universit\u00e9 de l\u2019EMNO.<\/strong><\/p>\n<p><strong>REMARQUE :<\/strong> Il est permis de poser sa candidature dans plusieurs volets.<\/p>\n<p><strong>Toutes les candidatures, peu importe le ou les volets, doivent r\u00e9pondre aux crit\u00e8res indiqu\u00e9s sur <a href=\"https:\/\/www.nosm.ca\/fr\/nosm-university-admissions-learner-recruitment\/ume-program-md-degree-admissions\/application-information-requirements\/\">la page des Renseignements sur la demandes et crit\u00e8res d\u2019admission<\/a> et contenir toute la documentation requise pour \u00eatre prises en consid\u00e9ration.<\/strong><\/p>","protected":false},"excerpt":{"rendered":"<p>L\u2019objectif de l\u2019Universit\u00e9 de l\u2019EMNO est d\u2019admettre une classe dont le profil refl\u00e8te la d\u00e9mographie du Nord de l\u2019Ontario, ce qui signifie recruter une population \u00e9tudiante autochtone et francophone, des personnes structurellement marginalis\u00e9es ainsi que celles qui souhaitent vivement vivre et travailler dans le Nord de l\u2019Ontario ou dans des r\u00e9gions rurales et \u00e9loign\u00e9es du &hellip; <a href=\"https:\/\/www.nosm.ca\/fr\/nosm-university-admissions-learner-recruitment\/ume-program-md-degree-admissions\/admission-streams\/\" class=\"more-link\">Continue reading <span class=\"screen-reader-text\">Volets des admissions<\/span> <span class=\"meta-nav\">&rarr;<\/span><\/a><\/p>\n","protected":false},"author":43,"featured_media":0,"parent":52134,"menu_order":3,"comment_status":"closed","ping_status":"closed","template":"page-templates\/pg-landing2.php","meta":{"_acf_changed":false,"footnotes":""},"class_list":["post-52206","page","type-page","status-publish","hentry"],"acf":[],"_links":{"self":[{"href":"https:\/\/www.nosm.ca\/fr\/wp-json\/wp\/v2\/pages\/52206","targetHints":{"allow":["GET"]}}],"collection":[{"href":"https:\/\/www.nosm.ca\/fr\/wp-json\/wp\/v2\/pages"}],"about":[{"href":"https:\/\/www.nosm.ca\/fr\/wp-json\/wp\/v2\/types\/page"}],"author":[{"embeddable":true,"href":"https:\/\/www.nosm.ca\/fr\/wp-json\/wp\/v2\/users\/43"}],"replies":[{"embeddable":true,"href":"https:\/\/www.nosm.ca\/fr\/wp-json\/wp\/v2\/comments?post=52206"}],"version-history":[{"count":95,"href":"https:\/\/www.nosm.ca\/fr\/wp-json\/wp\/v2\/pages\/52206\/revisions"}],"predecessor-version":[{"id":78992,"href":"https:\/\/www.nosm.ca\/fr\/wp-json\/wp\/v2\/pages\/52206\/revisions\/78992"}],"up":[{"embeddable":true,"href":"https:\/\/www.nosm.ca\/fr\/wp-json\/wp\/v2\/pages\/52134"}],"wp:attachment":[{"href":"https:\/\/www.nosm.ca\/fr\/wp-json\/wp\/v2\/media?parent=52206"}],"curies":[{"name":"wp","href":"https:\/\/api.w.org\/{rel}","templated":true}]}}