{"id":52134,"date":"2022-09-29T12:44:52","date_gmt":"2022-09-29T16:44:52","guid":{"rendered":"https:\/\/www.nosm.ca\/?page_id=52134"},"modified":"2026-04-15T14:45:49","modified_gmt":"2026-04-15T18:45:49","slug":"ume-program-md-degree-admissions","status":"publish","type":"page","link":"https:\/\/www.nosm.ca\/fr\/nosm-university-admissions-learner-recruitment\/ume-program-md-degree-admissions\/","title":{"rendered":"Admissions au Programme de formation m\u00e9dicale de premier cycle (FMPC)"},"content":{"rendered":"<p>Le programme de formation m\u00e9dicale de premier cycle (FMPC) de l\u2019Universit\u00e9 de l\u2019EMNO (quatre ans) offre une combinaison unique de possibilit\u00e9s d\u2019apprentissage \u00e0 divers endroits, y compris dans des communaut\u00e9s autochtones et francophones.<\/p>\n<p>Le processus de s\u00e9lection vise \u00e0 d\u00e9terminer les personnes susceptibles de prosp\u00e9rer dans les environnements d\u2019apprentissage exigeants du Nord et ruraux, notamment des personnes venant du Nord de l&rsquo;Ontario, des r\u00e9gions rurales et \u00e9loign\u00e9es du reste du Canada, des Autochtones, des francophones et des personnes structurellement marginalis\u00e9es. Si vous vous passionnez pour la sant\u00e9 rurale et poss\u00e9dez un solide bagage scolaire, nous vous encourageons \u00e0 poser votre candidature.<\/p>\n<p>Le programme de FMPC met l\u2019accent sur la production de m\u00e9decins qualifi\u00e9s pr\u00eats et en mesure d\u2019effectuer leur formation et d\u2019exercer n\u2019importe o\u00f9 mais qui ont une affinit\u00e9 sp\u00e9ciale pour le Nord de l&rsquo;Ontario et y sont \u00e0 l\u2019aise.<\/p>\n<p>\u00c0 l\u2019heure actuelle, le programme de FMPC de l&rsquo;Universit\u00e9 de l&rsquo;EMNO compte 88 places r\u00e9parties entre ses campus de Sudbury et de Thunder Bay qui offrent des environnements uniques d\u2019apprentissage. L\u2019Universit\u00e9 prend de l&rsquo;expansion et augmentera probablement le nombre de places dans la programme de FMPC \u00e0 108 prochainement, ce qui offrira davantage de possibilit\u00e9s pour les aspirants aux \u00e9tudes m\u00e9dicales.<\/p>\n<p>M\u00eame si les deux principaux campus se trouvent \u00e0 Thunder Bay et \u00e0 Sudbury, la population \u00e9tudiante de l&rsquo;Universit\u00e9 de l&rsquo;EMNO n\u2019\u00e9tudie pas dans une \u00e9cole de m\u00e9decine traditionnelle. Les murs de l\u2019Universit\u00e9 sont plut\u00f4t les limites du Nord de l&rsquo;Ontario qui s\u2019\u00e9tend sur des milliers de kilom\u00e8tres, avec deux campus principaux et d\u2019innombrables communaut\u00e9s qui ont des liens avec elle. Le mod\u00e8le de formation m\u00e9dicale et de recherche r\u00e9gionalis\u00e9es permet de comprendre le tableau complexe de la sant\u00e9 en milieu rural et apporte une exp\u00e9rience \u00e9ducationnelle enracin\u00e9e dans les r\u00e9alit\u00e9s des soins de sant\u00e9 en milieu communautaire. La population \u00e9tudiante suit une formation clinique dans divers cadres (h\u00f4pitaux, centres de sant\u00e9, cabinets de m\u00e9decine familiale) o\u00f9 elle constate par elle-m\u00eame les d\u00e9fis en mati\u00e8re de sant\u00e9 et apprend les cultures, les modes de vie et les environnements d\u2019apprentissage distincts dans le Nord de l&rsquo;Ontario.<\/p>\n<p><strong>S\u00e9lectionnez les tuiles ci-dessous pour passer en revue les comp\u00e9tences et aptitudes essentielles requises pour l\u2019admission \u00e0 un programme de grade en m\u00e9decine, et avoir des renseignements importants sur le processus de demande et les conditions d\u2019admission, le processus de s\u00e9lection, et d\u2019autres sur le programme de FMPC de l\u2019Universit\u00e9 de l\u2019EMNO.<\/strong><\/p>\n<hr \/>\n<p>Suivez le compte Instagram g\u00e9r\u00e9 par les \u00e9tudiants, <strong><a href=\"https:\/\/www.instagram.com\/nosm_futuremds\/\" target=\"_blank\" rel=\"noopener\">NOSM_FutureMD&rsquo;s<\/a><\/strong> pour conna\u00eetre les derni\u00e8res nouvelles et avoir des informations, des conseils et faire l&rsquo;exp\u00e9rience d\u2019une journ\u00e9e dans la vie d\u2019un \u00e9tudiant de l&rsquo;Universit\u00e9 de l&rsquo;EMNO!<\/p>\n<p style=\"text-align: left;\">Suivez-nous sur les m\u00e9dias sociaux :<\/p>\n<p><a href=\"https:\/\/www.facebook.com\/thenosm\" target=\"_blank\" rel=\"noopener noreferrer\"><img loading=\"lazy\" decoding=\"async\" class=\"wp-image-31833 size-full alignleft\" src=\"https:\/\/www.nosm.ca\/wp-content\/uploads\/2024\/05\/Facebook-Icon.png\" alt=\"\" width=\"35\" height=\"31\" \/><\/a><a href=\"https:\/\/twitter.com\/#!\/thenosm\" target=\"_blank\" rel=\"noopener\"><img loading=\"lazy\" decoding=\"async\" class=\"alignleft wp-image-68714\" src=\"https:\/\/www.nosm.ca\/wp-content\/uploads\/2024\/05\/Twitter-X-Icon.png\" alt=\"\" width=\"30\" height=\"32\" \/><\/a><a href=\"https:\/\/www.instagram.com\/thenosm\/\" target=\"_blank\" rel=\"noopener noreferrer\"><img loading=\"lazy\" decoding=\"async\" class=\"wp-image-31834 size-full alignleft\" src=\"https:\/\/www.nosm.ca\/wp-content\/uploads\/2024\/05\/Instagram-Icon.png\" alt=\"\" width=\"36\" height=\"35\" \/><\/a><a href=\"https:\/\/www.youtube.com\/user\/NOSMtv\/feed\" target=\"_blank\" rel=\"noopener noreferrer\"><img loading=\"lazy\" decoding=\"async\" class=\"wp-image-31837 alignleft\" src=\"https:\/\/www.nosm.ca\/wp-content\/uploads\/2024\/05\/YouTube-Icon.png\" alt=\"\" width=\"37\" height=\"32\" \/><\/a><a href=\"https:\/\/ca.linkedin.com\/company\/nosm\" target=\"_blank\" rel=\"noopener noreferrer\"><img loading=\"lazy\" decoding=\"async\" class=\"wp-image-31835 size-full alignleft\" src=\"https:\/\/www.nosm.ca\/wp-content\/uploads\/2024\/05\/LinkedIn-Icon.png\" alt=\"\" width=\"33\" height=\"33\" \/><\/a><\/p>\n<hr \/>\n<p><\/p>","protected":false},"excerpt":{"rendered":"<p>Le programme de formation m\u00e9dicale de premier cycle (FMPC) de l\u2019Universit\u00e9 de l\u2019EMNO (quatre ans) offre une combinaison unique de possibilit\u00e9s d\u2019apprentissage \u00e0 divers endroits, y compris dans des communaut\u00e9s autochtones et francophones. Le processus de s\u00e9lection vise \u00e0 d\u00e9terminer les personnes susceptibles de prosp\u00e9rer dans les environnements d\u2019apprentissage exigeants du Nord et ruraux, notamment &hellip; <a href=\"https:\/\/www.nosm.ca\/fr\/nosm-university-admissions-learner-recruitment\/ume-program-md-degree-admissions\/\" class=\"more-link\">Continue reading <span class=\"screen-reader-text\">Admissions au Programme de formation m\u00e9dicale de premier cycle (FMPC)<\/span> <span class=\"meta-nav\">&rarr;<\/span><\/a><\/p>\n","protected":false},"author":43,"featured_media":0,"parent":52365,"menu_order":1,"comment_status":"closed","ping_status":"closed","template":"page-templates\/pg-landing2.php","meta":{"_acf_changed":false,"footnotes":""},"class_list":["post-52134","page","type-page","status-publish","hentry"],"acf":[],"_links":{"self":[{"href":"https:\/\/www.nosm.ca\/fr\/wp-json\/wp\/v2\/pages\/52134","targetHints":{"allow":["GET"]}}],"collection":[{"href":"https:\/\/www.nosm.ca\/fr\/wp-json\/wp\/v2\/pages"}],"about":[{"href":"https:\/\/www.nosm.ca\/fr\/wp-json\/wp\/v2\/types\/page"}],"author":[{"embeddable":true,"href":"https:\/\/www.nosm.ca\/fr\/wp-json\/wp\/v2\/users\/43"}],"replies":[{"embeddable":true,"href":"https:\/\/www.nosm.ca\/fr\/wp-json\/wp\/v2\/comments?post=52134"}],"version-history":[{"count":143,"href":"https:\/\/www.nosm.ca\/fr\/wp-json\/wp\/v2\/pages\/52134\/revisions"}],"predecessor-version":[{"id":83981,"href":"https:\/\/www.nosm.ca\/fr\/wp-json\/wp\/v2\/pages\/52134\/revisions\/83981"}],"up":[{"embeddable":true,"href":"https:\/\/www.nosm.ca\/fr\/wp-json\/wp\/v2\/pages\/52365"}],"wp:attachment":[{"href":"https:\/\/www.nosm.ca\/fr\/wp-json\/wp\/v2\/media?parent=52134"}],"curies":[{"name":"wp","href":"https:\/\/api.w.org\/{rel}","templated":true}]}}