{"id":51067,"date":"2022-05-03T10:14:18","date_gmt":"2022-05-03T14:14:18","guid":{"rendered":"https:\/\/www.nosm.ca\/?page_id=51067"},"modified":"2024-10-25T11:51:08","modified_gmt":"2024-10-25T15:51:08","slug":"military-medicine","status":"publish","type":"page","link":"https:\/\/www.nosm.ca\/fr\/education\/current-learners\/military-medicine\/","title":{"rendered":"Military Medicine Mentors"},"content":{"rendered":"<p class=\"qtranxs-available-languages-message qtranxs-available-languages-message-fr\">D\u00e9sol\u00e9,  cette entr\u00e9e de donn\u00e9es est seulement disponible en <a href=\"https:\/\/www.nosm.ca\/en\/wp-json\/wp\/v2\/pages\/51067\" class=\"qtranxs-available-language-link qtranxs-available-language-link-en\" title=\"English\">English<\/a>.<\/p>","protected":false},"excerpt":{"rendered":"<p>D\u00e9sol\u00e9, cette entr\u00e9e de donn\u00e9es est seulement disponible en English.<\/p>\n","protected":false},"author":242,"featured_media":0,"parent":53107,"menu_order":26,"comment_status":"closed","ping_status":"closed","template":"page-templates\/pg-landing2.php","meta":{"_acf_changed":false,"footnotes":""},"class_list":["post-51067","page","type-page","status-publish","hentry"],"acf":[],"_links":{"self":[{"href":"https:\/\/www.nosm.ca\/fr\/wp-json\/wp\/v2\/pages\/51067","targetHints":{"allow":["GET"]}}],"collection":[{"href":"https:\/\/www.nosm.ca\/fr\/wp-json\/wp\/v2\/pages"}],"about":[{"href":"https:\/\/www.nosm.ca\/fr\/wp-json\/wp\/v2\/types\/page"}],"author":[{"embeddable":true,"href":"https:\/\/www.nosm.ca\/fr\/wp-json\/wp\/v2\/users\/242"}],"replies":[{"embeddable":true,"href":"https:\/\/www.nosm.ca\/fr\/wp-json\/wp\/v2\/comments?post=51067"}],"version-history":[{"count":55,"href":"https:\/\/www.nosm.ca\/fr\/wp-json\/wp\/v2\/pages\/51067\/revisions"}],"predecessor-version":[{"id":72575,"href":"https:\/\/www.nosm.ca\/fr\/wp-json\/wp\/v2\/pages\/51067\/revisions\/72575"}],"up":[{"embeddable":true,"href":"https:\/\/www.nosm.ca\/fr\/wp-json\/wp\/v2\/pages\/53107"}],"wp:attachment":[{"href":"https:\/\/www.nosm.ca\/fr\/wp-json\/wp\/v2\/media?parent=51067"}],"curies":[{"name":"wp","href":"https:\/\/api.w.org\/{rel}","templated":true}]}}