{"id":50794,"date":"2022-04-28T14:38:14","date_gmt":"2022-04-28T18:38:14","guid":{"rendered":"https:\/\/www.nosm.ca\/?page_id=50794"},"modified":"2025-08-22T10:23:33","modified_gmt":"2025-08-22T14:23:33","slug":"financial-assistance","status":"publish","type":"page","link":"https:\/\/www.nosm.ca\/fr\/education\/current-learners\/financial-assistance\/","title":{"rendered":"Financial Aid"},"content":{"rendered":"<p class=\"qtranxs-available-languages-message qtranxs-available-languages-message-fr\">D\u00e9sol\u00e9,  cette entr\u00e9e de donn\u00e9es est seulement disponible en <a href=\"https:\/\/www.nosm.ca\/en\/wp-json\/wp\/v2\/pages\/50794\" class=\"qtranxs-available-language-link qtranxs-available-language-link-en\" title=\"English\">English<\/a>.<\/p>","protected":false},"excerpt":{"rendered":"<p>D\u00e9sol\u00e9, cette entr\u00e9e de donn\u00e9es est seulement disponible en English.<\/p>\n","protected":false},"author":242,"featured_media":0,"parent":53107,"menu_order":10,"comment_status":"closed","ping_status":"closed","template":"page-templates\/landing.php","meta":{"_acf_changed":false,"footnotes":""},"class_list":["post-50794","page","type-page","status-publish","hentry"],"acf":[],"_links":{"self":[{"href":"https:\/\/www.nosm.ca\/fr\/wp-json\/wp\/v2\/pages\/50794","targetHints":{"allow":["GET"]}}],"collection":[{"href":"https:\/\/www.nosm.ca\/fr\/wp-json\/wp\/v2\/pages"}],"about":[{"href":"https:\/\/www.nosm.ca\/fr\/wp-json\/wp\/v2\/types\/page"}],"author":[{"embeddable":true,"href":"https:\/\/www.nosm.ca\/fr\/wp-json\/wp\/v2\/users\/242"}],"replies":[{"embeddable":true,"href":"https:\/\/www.nosm.ca\/fr\/wp-json\/wp\/v2\/comments?post=50794"}],"version-history":[{"count":253,"href":"https:\/\/www.nosm.ca\/fr\/wp-json\/wp\/v2\/pages\/50794\/revisions"}],"predecessor-version":[{"id":80078,"href":"https:\/\/www.nosm.ca\/fr\/wp-json\/wp\/v2\/pages\/50794\/revisions\/80078"}],"up":[{"embeddable":true,"href":"https:\/\/www.nosm.ca\/fr\/wp-json\/wp\/v2\/pages\/53107"}],"wp:attachment":[{"href":"https:\/\/www.nosm.ca\/fr\/wp-json\/wp\/v2\/media?parent=50794"}],"curies":[{"name":"wp","href":"https:\/\/api.w.org\/{rel}","templated":true}]}}