{"id":50671,"date":"2022-04-26T11:30:37","date_gmt":"2022-04-26T15:30:37","guid":{"rendered":"https:\/\/www.nosm.ca\/?page_id=50671"},"modified":"2025-04-04T12:13:08","modified_gmt":"2025-04-04T16:13:08","slug":"learnersupportservices","status":"publish","type":"page","link":"https:\/\/www.nosm.ca\/fr\/education\/current-learners\/learnersupportservices\/","title":{"rendered":"Learner Support Services"},"content":{"rendered":"<p class=\"qtranxs-available-languages-message qtranxs-available-languages-message-fr\">D\u00e9sol\u00e9,  cette entr\u00e9e de donn\u00e9es est seulement disponible en <a href=\"https:\/\/www.nosm.ca\/en\/wp-json\/wp\/v2\/pages\/50671\" class=\"qtranxs-available-language-link qtranxs-available-language-link-en\" title=\"English\">English<\/a>.<\/p>","protected":false},"excerpt":{"rendered":"<p>D\u00e9sol\u00e9, cette entr\u00e9e de donn\u00e9es est seulement disponible en English.<\/p>\n","protected":false},"author":16,"featured_media":0,"parent":53107,"menu_order":8,"comment_status":"closed","ping_status":"closed","template":"page-templates\/pg-office.php","meta":{"_acf_changed":false,"footnotes":""},"class_list":["post-50671","page","type-page","status-publish","hentry"],"acf":[],"_links":{"self":[{"href":"https:\/\/www.nosm.ca\/fr\/wp-json\/wp\/v2\/pages\/50671","targetHints":{"allow":["GET"]}}],"collection":[{"href":"https:\/\/www.nosm.ca\/fr\/wp-json\/wp\/v2\/pages"}],"about":[{"href":"https:\/\/www.nosm.ca\/fr\/wp-json\/wp\/v2\/types\/page"}],"author":[{"embeddable":true,"href":"https:\/\/www.nosm.ca\/fr\/wp-json\/wp\/v2\/users\/16"}],"replies":[{"embeddable":true,"href":"https:\/\/www.nosm.ca\/fr\/wp-json\/wp\/v2\/comments?post=50671"}],"version-history":[{"count":66,"href":"https:\/\/www.nosm.ca\/fr\/wp-json\/wp\/v2\/pages\/50671\/revisions"}],"predecessor-version":[{"id":77375,"href":"https:\/\/www.nosm.ca\/fr\/wp-json\/wp\/v2\/pages\/50671\/revisions\/77375"}],"up":[{"embeddable":true,"href":"https:\/\/www.nosm.ca\/fr\/wp-json\/wp\/v2\/pages\/53107"}],"wp:attachment":[{"href":"https:\/\/www.nosm.ca\/fr\/wp-json\/wp\/v2\/media?parent=50671"}],"curies":[{"name":"wp","href":"https:\/\/api.w.org\/{rel}","templated":true}]}}