{"id":50665,"date":"2022-06-02T14:23:08","date_gmt":"2022-06-02T18:23:08","guid":{"rendered":"https:\/\/www.nosm.ca\/?page_id=50665"},"modified":"2023-02-07T15:44:20","modified_gmt":"2023-02-07T20:44:20","slug":"wellness-resources","status":"publish","type":"page","link":"https:\/\/www.nosm.ca\/fr\/faculty\/clinical-sciences\/wellness\/wellness-resources\/","title":{"rendered":"Wellness Resources"},"content":{"rendered":"<p class=\"qtranxs-available-languages-message qtranxs-available-languages-message-fr\">D\u00e9sol\u00e9,  cette entr\u00e9e de donn\u00e9es est seulement disponible en <a href=\"https:\/\/www.nosm.ca\/en\/wp-json\/wp\/v2\/pages\/50665\" class=\"qtranxs-available-language-link qtranxs-available-language-link-en\" title=\"English\">English<\/a>.<\/p>","protected":false},"excerpt":{"rendered":"<p>D\u00e9sol\u00e9, cette entr\u00e9e de donn\u00e9es est seulement disponible en English.<\/p>\n","protected":false},"author":229,"featured_media":0,"parent":50329,"menu_order":7,"comment_status":"closed","ping_status":"closed","template":"","meta":{"_acf_changed":false,"footnotes":""},"class_list":["post-50665","page","type-page","status-publish","hentry"],"acf":[],"_links":{"self":[{"href":"https:\/\/www.nosm.ca\/fr\/wp-json\/wp\/v2\/pages\/50665","targetHints":{"allow":["GET"]}}],"collection":[{"href":"https:\/\/www.nosm.ca\/fr\/wp-json\/wp\/v2\/pages"}],"about":[{"href":"https:\/\/www.nosm.ca\/fr\/wp-json\/wp\/v2\/types\/page"}],"author":[{"embeddable":true,"href":"https:\/\/www.nosm.ca\/fr\/wp-json\/wp\/v2\/users\/229"}],"replies":[{"embeddable":true,"href":"https:\/\/www.nosm.ca\/fr\/wp-json\/wp\/v2\/comments?post=50665"}],"version-history":[{"count":5,"href":"https:\/\/www.nosm.ca\/fr\/wp-json\/wp\/v2\/pages\/50665\/revisions"}],"predecessor-version":[{"id":59177,"href":"https:\/\/www.nosm.ca\/fr\/wp-json\/wp\/v2\/pages\/50665\/revisions\/59177"}],"up":[{"embeddable":true,"href":"https:\/\/www.nosm.ca\/fr\/wp-json\/wp\/v2\/pages\/50329"}],"wp:attachment":[{"href":"https:\/\/www.nosm.ca\/fr\/wp-json\/wp\/v2\/media?parent=50665"}],"curies":[{"name":"wp","href":"https:\/\/api.w.org\/{rel}","templated":true}]}}