{"id":50659,"date":"2022-06-02T14:18:39","date_gmt":"2022-06-02T18:18:39","guid":{"rendered":"https:\/\/www.nosm.ca\/?page_id=50659"},"modified":"2023-02-07T10:46:44","modified_gmt":"2023-02-07T15:46:44","slug":"intellectual-occupational-health","status":"publish","type":"page","link":"https:\/\/www.nosm.ca\/fr\/faculty\/clinical-sciences\/wellness\/intellectual-occupational-health\/","title":{"rendered":"Intellectual\/Occupational Health"},"content":{"rendered":"<p class=\"qtranxs-available-languages-message qtranxs-available-languages-message-fr\">D\u00e9sol\u00e9,  cette entr\u00e9e de donn\u00e9es est seulement disponible en <a href=\"https:\/\/www.nosm.ca\/en\/wp-json\/wp\/v2\/pages\/50659\" class=\"qtranxs-available-language-link qtranxs-available-language-link-en\" title=\"English\">English<\/a>.<\/p>","protected":false},"excerpt":{"rendered":"<p>D\u00e9sol\u00e9, cette entr\u00e9e de donn\u00e9es est seulement disponible en English.<\/p>\n","protected":false},"author":229,"featured_media":0,"parent":50329,"menu_order":5,"comment_status":"closed","ping_status":"closed","template":"","meta":{"_acf_changed":false,"footnotes":""},"class_list":["post-50659","page","type-page","status-publish","hentry"],"acf":[],"_links":{"self":[{"href":"https:\/\/www.nosm.ca\/fr\/wp-json\/wp\/v2\/pages\/50659","targetHints":{"allow":["GET"]}}],"collection":[{"href":"https:\/\/www.nosm.ca\/fr\/wp-json\/wp\/v2\/pages"}],"about":[{"href":"https:\/\/www.nosm.ca\/fr\/wp-json\/wp\/v2\/types\/page"}],"author":[{"embeddable":true,"href":"https:\/\/www.nosm.ca\/fr\/wp-json\/wp\/v2\/users\/229"}],"replies":[{"embeddable":true,"href":"https:\/\/www.nosm.ca\/fr\/wp-json\/wp\/v2\/comments?post=50659"}],"version-history":[{"count":5,"href":"https:\/\/www.nosm.ca\/fr\/wp-json\/wp\/v2\/pages\/50659\/revisions"}],"predecessor-version":[{"id":59165,"href":"https:\/\/www.nosm.ca\/fr\/wp-json\/wp\/v2\/pages\/50659\/revisions\/59165"}],"up":[{"embeddable":true,"href":"https:\/\/www.nosm.ca\/fr\/wp-json\/wp\/v2\/pages\/50329"}],"wp:attachment":[{"href":"https:\/\/www.nosm.ca\/fr\/wp-json\/wp\/v2\/media?parent=50659"}],"curies":[{"name":"wp","href":"https:\/\/api.w.org\/{rel}","templated":true}]}}