{"id":5060,"date":"2018-05-03T15:55:18","date_gmt":"2018-05-03T19:55:18","guid":{"rendered":"https:\/\/wp.nosm.ca\/?page_id=5060"},"modified":"2023-06-14T12:41:26","modified_gmt":"2023-06-14T16:41:26","slug":"standardized-patient-program","status":"publish","type":"page","link":"https:\/\/www.nosm.ca\/fr\/education\/standardized-patient-program\/","title":{"rendered":"Programme de patient standardis\u00e9"},"content":{"rendered":"<p class=\"qtranxs-available-languages-message qtranxs-available-languages-message-fr\">D\u00e9sol\u00e9,  cette entr\u00e9e de donn\u00e9es est seulement disponible en <a href=\"https:\/\/www.nosm.ca\/en\/wp-json\/wp\/v2\/pages\/5060\" class=\"qtranxs-available-language-link qtranxs-available-language-link-en\" title=\"English\">English<\/a>.<\/p>","protected":false},"excerpt":{"rendered":"<p>D\u00e9sol\u00e9, cette entr\u00e9e de donn\u00e9es est seulement disponible en English.<\/p>\n","protected":false},"author":42,"featured_media":0,"parent":6601,"menu_order":12,"comment_status":"closed","ping_status":"closed","template":"page-templates\/quick-links-2.php","meta":{"_acf_changed":false,"footnotes":""},"class_list":["post-5060","page","type-page","status-publish","hentry"],"acf":[],"_links":{"self":[{"href":"https:\/\/www.nosm.ca\/fr\/wp-json\/wp\/v2\/pages\/5060","targetHints":{"allow":["GET"]}}],"collection":[{"href":"https:\/\/www.nosm.ca\/fr\/wp-json\/wp\/v2\/pages"}],"about":[{"href":"https:\/\/www.nosm.ca\/fr\/wp-json\/wp\/v2\/types\/page"}],"author":[{"embeddable":true,"href":"https:\/\/www.nosm.ca\/fr\/wp-json\/wp\/v2\/users\/42"}],"replies":[{"embeddable":true,"href":"https:\/\/www.nosm.ca\/fr\/wp-json\/wp\/v2\/comments?post=5060"}],"version-history":[{"count":73,"href":"https:\/\/www.nosm.ca\/fr\/wp-json\/wp\/v2\/pages\/5060\/revisions"}],"predecessor-version":[{"id":69723,"href":"https:\/\/www.nosm.ca\/fr\/wp-json\/wp\/v2\/pages\/5060\/revisions\/69723"}],"up":[{"embeddable":true,"href":"https:\/\/www.nosm.ca\/fr\/wp-json\/wp\/v2\/pages\/6601"}],"wp:attachment":[{"href":"https:\/\/www.nosm.ca\/fr\/wp-json\/wp\/v2\/media?parent=5060"}],"curies":[{"name":"wp","href":"https:\/\/api.w.org\/{rel}","templated":true}]}}