{"id":50329,"date":"2022-06-02T14:14:40","date_gmt":"2022-06-02T18:14:40","guid":{"rendered":"https:\/\/www.nosm.ca\/?page_id=50329"},"modified":"2024-06-03T15:49:28","modified_gmt":"2024-06-03T19:49:28","slug":"wellness","status":"publish","type":"page","link":"https:\/\/www.nosm.ca\/fr\/faculty\/clinical-sciences\/wellness\/","title":{"rendered":"Wellness"},"content":{"rendered":"<p class=\"qtranxs-available-languages-message qtranxs-available-languages-message-fr\">D\u00e9sol\u00e9,  cette entr\u00e9e de donn\u00e9es est seulement disponible en <a href=\"https:\/\/www.nosm.ca\/en\/wp-json\/wp\/v2\/pages\/50329\" class=\"qtranxs-available-language-link qtranxs-available-language-link-en\" title=\"English\">English<\/a>.<\/p>","protected":false},"excerpt":{"rendered":"<p>D\u00e9sol\u00e9, cette entr\u00e9e de donn\u00e9es est seulement disponible en English.<\/p>\n","protected":false},"author":229,"featured_media":0,"parent":2453,"menu_order":7,"comment_status":"closed","ping_status":"closed","template":"page-templates\/pg-landing2.php","meta":{"_acf_changed":false,"footnotes":""},"class_list":["post-50329","page","type-page","status-publish","hentry"],"acf":[],"_links":{"self":[{"href":"https:\/\/www.nosm.ca\/fr\/wp-json\/wp\/v2\/pages\/50329","targetHints":{"allow":["GET"]}}],"collection":[{"href":"https:\/\/www.nosm.ca\/fr\/wp-json\/wp\/v2\/pages"}],"about":[{"href":"https:\/\/www.nosm.ca\/fr\/wp-json\/wp\/v2\/types\/page"}],"author":[{"embeddable":true,"href":"https:\/\/www.nosm.ca\/fr\/wp-json\/wp\/v2\/users\/229"}],"replies":[{"embeddable":true,"href":"https:\/\/www.nosm.ca\/fr\/wp-json\/wp\/v2\/comments?post=50329"}],"version-history":[{"count":36,"href":"https:\/\/www.nosm.ca\/fr\/wp-json\/wp\/v2\/pages\/50329\/revisions"}],"predecessor-version":[{"id":69459,"href":"https:\/\/www.nosm.ca\/fr\/wp-json\/wp\/v2\/pages\/50329\/revisions\/69459"}],"up":[{"embeddable":true,"href":"https:\/\/www.nosm.ca\/fr\/wp-json\/wp\/v2\/pages\/2453"}],"wp:attachment":[{"href":"https:\/\/www.nosm.ca\/fr\/wp-json\/wp\/v2\/media?parent=50329"}],"curies":[{"name":"wp","href":"https:\/\/api.w.org\/{rel}","templated":true}]}}